{"id":40107,"date":"2023-12-23T00:37:13","date_gmt":"2023-12-23T00:37:13","guid":{"rendered":"https:\/\/e.kosmolat.eu\/product\/7d-anml-s-maska-happy-sea-calf-ar-jur-alg-un-island-kerpj-ekstr-28-g\/"},"modified":"2026-04-15T09:56:47","modified_gmt":"2026-04-15T09:56:47","slug":"7d-anml-s-maska-happy-sea-calf-ar-jur-alg-un-island-kerpj-ekstr-28-g","status":"publish","type":"product","link":"https:\/\/e.kosmolat.eu\/lt\/produktas\/7d-anml-s-maska-happy-sea-calf-ar-jur-alg-un-island-kerpj-ekstr-28-g\/","title":{"rendered":"7DAYS ANIMAL Happy Sea Calf lak\u0161tin\u0117 veido kauk\u0117 su dumbli\u0173 ir islandini\u0173 saman\u0173 ekstraktais, 28 g"},"content":{"rendered":"<p>Kauk\u0117 suteikia tai, k\u0105 m\u0117gsta visi kailiniai ruoniai:<\/p>\n<ul>\n<li>Gaivum\u0105: dumbli\u0173 ekstraktas gaivina, pripildo od\u0105 maistin\u0117mis med\u017eiagomis, gerina odos elastingum\u0105 ir tonus\u0105.<\/li>\n<li>Suteikia energijos: Islandijos samanos suma\u017eina nuovargio po\u017eymius, tod\u0117l oda ilgiau atrodo gaivi ir sveika.<\/li>\n<li>Dr\u0117kinimas: Lengvai, gaivina taukmed\u017eio sviesto ir kvie\u010di\u0173 gemal\u0173 komplekso formul\u0117 puikiai dr\u0117kina ir maitina od\u0105.<\/li>\n<li>I\u0161skirtinumas: u\u017esid\u0117ti kauk\u0119, pa\u017ei\u016br\u0117ti \u012f veidrod\u012f. Tai juokinga, ar ne?<\/li>\n<\/ul>\n<p><strong>Naudojimas: <\/strong>Nuvalykite veid\u0105. U\u017ed\u0117kite kauk\u0119 ant veido 10-15 minu\u010di\u0173. Nor\u0117dami pagyvinti laukim\u0105, galite pasidaryti asmenuk\u0119 ir paskelbti j\u0105 soc. tinkuose. Nu\u0117m\u0119 kauk\u0119 masa\u017euokite veid\u0105. Pa\u0161alinkite pertekli\u0173 su kosmetine servet\u0117le, nuplaukite veid\u0105 vandeniu.<\/p>\n<p><strong>Atsargumo priemon\u0117s: <\/strong>tik i\u0161oriniam naudojimui; nenaudoti pakartotinai; vengti kontakto su akimis. Patekus \u012f akis, nedelsiant praplauti dideliu kiekiu vandens ir, jei reikia, kreiptis \u012f gydytoj\u0105. Netepkite ant pa\u017eeistos odos. Nenaudoti esant padid\u0117jusiam jautrumui bet kuriai kauk\u0117s sudedamajai daliai. Nustokite naudoti, jei atsiranda dirginimas. Saugoti nuo vaik\u0173. Laikyti nuo +5 &deg;C iki +25 &deg;C temperat\u016broje.<br \/>\n&nbsp;<\/p>\n","protected":false},"excerpt":{"rendered":"<p>Kauk\u0117 suteikia tai, k\u0105 m\u0117gsta visi kailiniai ruoniai: Gaivum\u0105: dumbli\u0173 ekstraktas gaivina, pripildo od\u0105 maistin\u0117mis med\u017eiagomis, gerina odos elastingum\u0105 ir tonus\u0105. Suteikia energijos: Islandijos samanos suma\u017eina nuovargio po\u017eymius, tod\u0117l oda ilgiau atrodo gaivi ir sveika. Dr\u0117kinimas: Lengvai, gaivina taukmed\u017eio sviesto ir kvie\u010di\u0173 gemal\u0173 komplekso formul\u0117 puikiai dr\u0117kina ir maitina od\u0105. I\u0161skirtinumas: u\u017esid\u0117ti kauk\u0119, pa\u017ei\u016br\u0117ti \u012f [&#8230;]\n","protected":false},"featured_media":105180,"template":"","meta":[],"product_cat":[2181],"product_tag":[],"class_list":{"0":"post-40107","1":"product","2":"type-product","3":"status-publish","4":"has-post-thumbnail","6":"product_brand-7days_it-lt","7":"product_cat-bez-kategorijas-lt","9":"first","10":"instock","11":"taxable","12":"shipping-taxable","13":"product-type-simple"},"_links":{"self":[{"href":"https:\/\/e.kosmolat.eu\/lt\/wp-json\/wp\/v2\/product\/40107","targetHints":{"allow":["GET"]}}],"collection":[{"href":"https:\/\/e.kosmolat.eu\/lt\/wp-json\/wp\/v2\/product"}],"about":[{"href":"https:\/\/e.kosmolat.eu\/lt\/wp-json\/wp\/v2\/types\/product"}],"wp:featuredmedia":[{"embeddable":true,"href":"https:\/\/e.kosmolat.eu\/lt\/wp-json\/wp\/v2\/media\/105180"}],"wp:attachment":[{"href":"https:\/\/e.kosmolat.eu\/lt\/wp-json\/wp\/v2\/media?parent=40107"}],"wp:term":[{"taxonomy":"product_cat","embeddable":true,"href":"https:\/\/e.kosmolat.eu\/lt\/wp-json\/wp\/v2\/product_cat?post=40107"},{"taxonomy":"product_tag","embeddable":true,"href":"https:\/\/e.kosmolat.eu\/lt\/wp-json\/wp\/v2\/product_tag?post=40107"}],"curies":[{"name":"wp","href":"https:\/\/api.w.org\/{rel}","templated":true}]}}