{"id":40103,"date":"2023-12-23T00:36:44","date_gmt":"2023-12-23T00:36:44","guid":{"rendered":"https:\/\/e.kosmolat.eu\/product\/7d-anml-s-maska-sweet-panda-ar-bamb-ekstr-un-sojas-p-ellu-28-g\/"},"modified":"2026-04-15T09:56:16","modified_gmt":"2026-04-15T09:56:16","slug":"7d-anml-s-maska-sweet-panda-ar-bamb-ekstr-un-sojas-p-ellu-28-g","status":"publish","type":"product","link":"https:\/\/e.kosmolat.eu\/lt\/produktas\/7d-anml-s-maska-sweet-panda-ar-bamb-ekstr-un-sojas-p-ellu-28-g\/","title":{"rendered":"7DAYS ANIMAL Sweet Panda veido kauk\u0117 su bambuko ekstraktu ir soj\u0173 aliejumi, 28 g"},"content":{"rendered":"<p>&Scaron;i kauk\u0117 suteikia tai, k\u0105 m\u0117gsta panda:<\/p>\n<ul>\n<li>Grynumas:<strong> <\/strong>Bambuko ekstraktas skatina epidermio valymo ir detoksikacijos proces\u0105, gerina odos tonus\u0105 ir elastingum\u0105.<\/li>\n<li>Prie\u017ei\u016bra: Vitamin\u0173 A, B, C ir E kompleksas turi gil\u0173 atkuriam\u0105j\u012f poveik\u012f, r\u016bpestingai r\u016bpinasi j\u016bs\u0173 oda.<\/li>\n<li>Mink\u0161tumas: soj\u0173 aliejus suteikia \u0161velnumo ir glotnumo, suteikia odai lengvumo ir orumo bei padeda &bdquo;spind\u0117ti i\u0161 vidaus&ldquo;.<\/li>\n<li>Teigiama: kauk\u0117s dizainas nud\u017eiugins jus ir aplinkinius.<\/li>\n<\/ul>\n<p><strong>Naudojimas:<\/strong> Nuvalykite veid\u0105. U\u017ed\u0117kite kauk\u0119 ant veido 10-15 minu\u010di\u0173. Nor\u0117dami pagyvinti laukim\u0105, galite pasidaryti asmenuk\u0119 ir paskelbti j\u0105 soc. tinkuose. Nu\u0117m\u0119 kauk\u0119 masa\u017euokite veid\u0105. Pa\u0161alinkite pertekli\u0173 su kosmetine servet\u0117le, nuplaukite veid\u0105 vandeniu.<\/p>\n<p><strong>Atsargumo priemon\u0117s:<\/strong> tik i\u0161oriniam naudojimui; nenaudoti pakartotinai; vengti kontakto su akimis. Patekus \u012f akis, nedelsiant praplauti dideliu kiekiu vandens ir, jei reikia, kreiptis \u012f gydytoj\u0105. Netepkite ant pa\u017eeistos odos. Nenaudoti esant padid\u0117jusiam jautrumui bet kuriai kauk\u0117s sudedamajai daliai. Nustokite naudoti, jei atsiranda dirginimas. Saugoti nuo vaik\u0173. Laikyti nuo +5 &deg;C iki +25 &deg;C temperat\u016broje.<br \/>\n&nbsp;<\/p>\n","protected":false},"excerpt":{"rendered":"<p>&Scaron;i kauk\u0117 suteikia tai, k\u0105 m\u0117gsta panda: Grynumas: Bambuko ekstraktas skatina epidermio valymo ir detoksikacijos proces\u0105, gerina odos tonus\u0105 ir elastingum\u0105. Prie\u017ei\u016bra: Vitamin\u0173 A, B, C ir E kompleksas turi gil\u0173 atkuriam\u0105j\u012f poveik\u012f, r\u016bpestingai r\u016bpinasi j\u016bs\u0173 oda. Mink\u0161tumas: soj\u0173 aliejus suteikia \u0161velnumo ir glotnumo, suteikia odai lengvumo ir orumo bei padeda &bdquo;spind\u0117ti i\u0161 vidaus&ldquo;. Teigiama: [&#8230;]\n","protected":false},"featured_media":105172,"template":"","meta":[],"product_cat":[2181],"product_tag":[],"class_list":{"0":"post-40103","1":"product","2":"type-product","3":"status-publish","4":"has-post-thumbnail","6":"product_brand-7days_it-lt","7":"product_cat-bez-kategorijas-lt","9":"first","10":"outofstock","11":"taxable","12":"shipping-taxable","13":"product-type-simple"},"_links":{"self":[{"href":"https:\/\/e.kosmolat.eu\/lt\/wp-json\/wp\/v2\/product\/40103","targetHints":{"allow":["GET"]}}],"collection":[{"href":"https:\/\/e.kosmolat.eu\/lt\/wp-json\/wp\/v2\/product"}],"about":[{"href":"https:\/\/e.kosmolat.eu\/lt\/wp-json\/wp\/v2\/types\/product"}],"wp:featuredmedia":[{"embeddable":true,"href":"https:\/\/e.kosmolat.eu\/lt\/wp-json\/wp\/v2\/media\/105172"}],"wp:attachment":[{"href":"https:\/\/e.kosmolat.eu\/lt\/wp-json\/wp\/v2\/media?parent=40103"}],"wp:term":[{"taxonomy":"product_cat","embeddable":true,"href":"https:\/\/e.kosmolat.eu\/lt\/wp-json\/wp\/v2\/product_cat?post=40103"},{"taxonomy":"product_tag","embeddable":true,"href":"https:\/\/e.kosmolat.eu\/lt\/wp-json\/wp\/v2\/product_tag?post=40103"}],"curies":[{"name":"wp","href":"https:\/\/api.w.org\/{rel}","templated":true}]}}