{"id":40099,"date":"2023-12-23T00:36:14","date_gmt":"2023-12-23T00:36:14","guid":{"rendered":"https:\/\/e.kosmolat.eu\/product\/7d-anml-s-maska-wildtiger-ar-taigas-ogu-un-verbenas-ekstr-28-g\/"},"modified":"2026-04-17T06:16:36","modified_gmt":"2026-04-17T06:16:36","slug":"7d-anml-s-maska-wildtiger-ar-taigas-ogu-un-verbenas-ekstr-28-g","status":"publish","type":"product","link":"https:\/\/e.kosmolat.eu\/lt\/produktas\/7d-anml-s-maska-wildtiger-ar-taigas-ogu-un-verbenas-ekstr-28-g\/","title":{"rendered":"7DAYS ANIMAL Lak\u0161tin\u0117 veido kauk\u0117 su taigos uog\u0173 ir verben\u0173 ekstraktais Wild Tiger, 28 g"},"content":{"rendered":"<p>Kaip ir laukinis tigras, \u0161i kauk\u0117 turi:<\/p>\n<ul>\n<li>Stipryb\u0117s: Taigos uog\u0173 ekstraktas pasi\u017eymi galingomis savyb\u0117mis, &#8211; tonizuoja ir suteikia energijos.<\/li>\n<li>Ilgaam\u017ei\u0161kumas: Verbenos ekstraktas veiksmingai pa\u0161alina nuovargio po\u017eymius ir padeda odai ilgiau atrodyti gaiviai ir sveikai.<\/li>\n<li>Greitis: d\u0117l unikalios formul\u0117s kauk\u0117 veikia greitai ir efektyviai. Pastebimi rezultatai vos per 20 minu\u010di\u0173.<\/li>\n<li>Dominavimas: kart\u0105 i\u0161band\u0119 \u0161i\u0105 kauk\u0119, j\u0105 myl\u0117site am\u017einai.<\/li>\n<\/ul>\n<p><strong>Naudojimas:<\/strong> Nuvalykite veid\u0105. U\u017ed\u0117kite kauk\u0119 ant veido 10-15 minu\u010di\u0173. Nor\u0117dami pagyvinti laukim\u0105, galite pasidaryti asmenuk\u0119 ir paskelbti j\u0105 soc. tinkluose. Nu\u0117m\u0119 kauk\u0119 masa\u017euokite veid\u0105. Pa\u0161alinkite pertekli\u0173 su kosmetine servet\u0117le, nuplaukite veid\u0105 vandeniu.<\/p>\n<p><strong>Atsargumo priemon\u0117s:<\/strong> tik i\u0161oriniam naudojimui; nenaudoti pakartotinai; vengti kontakto su akimis. Patekus \u012f akis, nedelsiant praplauti dideliu kiekiu vandens ir, jei reikia, kreiptis \u012f gydytoj\u0105. Netepkite ant pa\u017eeistos odos. Nenaudoti esant padid\u0117jusiam jautrumui bet kuriai kauk\u0117s sudedamajai daliai. Nustokite naudoti, jei atsiranda dirginimas. Saugoti nuo vaik\u0173. Laikyti nuo +5 &deg;C iki +25 &deg;C temperat\u016broje.<br \/>\n&nbsp;<\/p>\n","protected":false},"excerpt":{"rendered":"<p>Kaip ir laukinis tigras, \u0161i kauk\u0117 turi: Stipryb\u0117s: Taigos uog\u0173 ekstraktas pasi\u017eymi galingomis savyb\u0117mis, &#8211; tonizuoja ir suteikia energijos. Ilgaam\u017ei\u0161kumas: Verbenos ekstraktas veiksmingai pa\u0161alina nuovargio po\u017eymius ir padeda odai ilgiau atrodyti gaiviai ir sveikai. Greitis: d\u0117l unikalios formul\u0117s kauk\u0117 veikia greitai ir efektyviai. Pastebimi rezultatai vos per 20 minu\u010di\u0173. Dominavimas: kart\u0105 i\u0161band\u0119 \u0161i\u0105 kauk\u0119, j\u0105 [&#8230;]\n","protected":false},"featured_media":105168,"template":"","meta":[],"product_cat":[2181],"product_tag":[],"class_list":{"0":"post-40099","1":"product","2":"type-product","3":"status-publish","4":"has-post-thumbnail","6":"product_brand-7days_it-lt","7":"product_cat-bez-kategorijas-lt","9":"first","10":"instock","11":"taxable","12":"shipping-taxable","13":"product-type-simple"},"_links":{"self":[{"href":"https:\/\/e.kosmolat.eu\/lt\/wp-json\/wp\/v2\/product\/40099","targetHints":{"allow":["GET"]}}],"collection":[{"href":"https:\/\/e.kosmolat.eu\/lt\/wp-json\/wp\/v2\/product"}],"about":[{"href":"https:\/\/e.kosmolat.eu\/lt\/wp-json\/wp\/v2\/types\/product"}],"wp:featuredmedia":[{"embeddable":true,"href":"https:\/\/e.kosmolat.eu\/lt\/wp-json\/wp\/v2\/media\/105168"}],"wp:attachment":[{"href":"https:\/\/e.kosmolat.eu\/lt\/wp-json\/wp\/v2\/media?parent=40099"}],"wp:term":[{"taxonomy":"product_cat","embeddable":true,"href":"https:\/\/e.kosmolat.eu\/lt\/wp-json\/wp\/v2\/product_cat?post=40099"},{"taxonomy":"product_tag","embeddable":true,"href":"https:\/\/e.kosmolat.eu\/lt\/wp-json\/wp\/v2\/product_tag?post=40099"}],"curies":[{"name":"wp","href":"https:\/\/api.w.org\/{rel}","templated":true}]}}