{"id":40091,"date":"2023-12-23T00:35:16","date_gmt":"2023-12-23T00:35:16","guid":{"rendered":"https:\/\/e.kosmolat.eu\/product\/i_7d-govegan-aud-tomato-s-maska-saturday-red-day-25-g\/"},"modified":"2026-04-15T09:55:45","modified_gmt":"2026-04-15T09:55:45","slug":"i_7d-govegan-aud-tomato-s-maska-saturday-red-day-25-g","status":"publish","type":"product","link":"https:\/\/e.kosmolat.eu\/lt\/produktas\/i_7d-govegan-aud-tomato-s-maska-saturday-red-day-25-g\/","title":{"rendered":"7DAYS GO VEGAN Lak\u0161tin\u0117 veido kauk\u0117 \u0160e\u0161tadienis Raudonoji diena, 25 g"},"content":{"rendered":"<p>Gangsta senjorita kauk\u0117. Tono sureguliavimas, atstatymas, dr\u0117kinimas.<br \/>\nPomidor\u0173 ir burok\u0117li\u0173 ekstraktai dr\u0117kins, pasl\u0117ps pra\u0117jusios nakties &bdquo;nusikaltimus&ldquo;ir odos \u0161iurk\u0161tum\u0105, pagerins veido spalv\u0105 ir tobulo gro\u017eio alibi. Laminarij\u0173 ir imbier\u0173 ekstraktai suteiks galing\u0105 mikroelement\u0173, mineral\u0173 ir vitamin\u0173 u\u017etais\u0105, kuris po pirmojo pasimatymo taps detonatoriumi aistros ir meil\u0117s sprogimui.<\/p>\n<p><strong>Naudojimas: <\/strong>1. Nuvalykite makia\u017e\u0105 nuo odos. 2. Paskirstykite u\u017ed\u0117j\u0119 kauk\u0119 ant veido. Laikykite 10-15 minu\u010di\u0173. 3. Nuplaukite veid\u0105 vandeniu. Jei pageidaujama, kauk\u0117s liku\u010di\u0173 nuplauti nereikia. Norint pastebimai pagerinti odos b\u016bkl\u0119, vis\u0105 Go Vegan kauki\u0173 serij\u0105 rekomenduojama naudoti savait\u0119. Kauk\u0117 tinka vienkartiniam naudojimui kaip greitoji prie\u017ei\u016bra.<\/p>\n<p><strong>Atsargumo priemon\u0117s:<\/strong> Tik i\u0161oriniam naudojimui. Nenaudoti pakartotinai. Vengti patekimo \u012f akis. Patekus \u012f akis, nedelsiant praplauti dideliu kiekiu vandens ir, jei reikia, kreiptis \u012f gydytoj\u0105. Netepkite ant pa\u017eeistos odos. Nenaudoti esant padid\u0117jusiam jautrumui bet kuriai produkto sudedamajai daliai. Nustokite naudoti, jei atsiranda dirginimas. Saugoti nuo vaik\u0173. Laikyti nuo +5&deg;\u0421 iki +25&deg;\u0421 temperat\u016broje.<br \/>\n&nbsp;<\/p>\n","protected":false},"excerpt":{"rendered":"<p>Gangsta senjorita kauk\u0117. Tono sureguliavimas, atstatymas, dr\u0117kinimas. Pomidor\u0173 ir burok\u0117li\u0173 ekstraktai dr\u0117kins, pasl\u0117ps pra\u0117jusios nakties &bdquo;nusikaltimus&ldquo;ir odos \u0161iurk\u0161tum\u0105, pagerins veido spalv\u0105 ir tobulo gro\u017eio alibi. Laminarij\u0173 ir imbier\u0173 ekstraktai suteiks galing\u0105 mikroelement\u0173, mineral\u0173 ir vitamin\u0173 u\u017etais\u0105, kuris po pirmojo pasimatymo taps detonatoriumi aistros ir meil\u0117s sprogimui. Naudojimas: 1. Nuvalykite makia\u017e\u0105 nuo odos. 2. Paskirstykite u\u017ed\u0117j\u0119 [&#8230;]\n","protected":false},"featured_media":102206,"template":"","meta":[],"product_cat":[2181],"product_tag":[],"class_list":{"0":"post-40091","1":"product","2":"type-product","3":"status-publish","4":"has-post-thumbnail","6":"product_brand-7days_it-lt","7":"product_cat-bez-kategorijas-lt","9":"first","10":"outofstock","11":"taxable","12":"shipping-taxable","13":"product-type-simple"},"_links":{"self":[{"href":"https:\/\/e.kosmolat.eu\/lt\/wp-json\/wp\/v2\/product\/40091","targetHints":{"allow":["GET"]}}],"collection":[{"href":"https:\/\/e.kosmolat.eu\/lt\/wp-json\/wp\/v2\/product"}],"about":[{"href":"https:\/\/e.kosmolat.eu\/lt\/wp-json\/wp\/v2\/types\/product"}],"wp:featuredmedia":[{"embeddable":true,"href":"https:\/\/e.kosmolat.eu\/lt\/wp-json\/wp\/v2\/media\/102206"}],"wp:attachment":[{"href":"https:\/\/e.kosmolat.eu\/lt\/wp-json\/wp\/v2\/media?parent=40091"}],"wp:term":[{"taxonomy":"product_cat","embeddable":true,"href":"https:\/\/e.kosmolat.eu\/lt\/wp-json\/wp\/v2\/product_cat?post=40091"},{"taxonomy":"product_tag","embeddable":true,"href":"https:\/\/e.kosmolat.eu\/lt\/wp-json\/wp\/v2\/product_tag?post=40091"}],"curies":[{"name":"wp","href":"https:\/\/api.w.org\/{rel}","templated":true}]}}