{"id":40075,"date":"2023-12-23T00:33:46","date_gmt":"2023-12-23T00:33:46","guid":{"rendered":"https:\/\/e.kosmolat.eu\/product\/sejas-krems-kviesi-44-ml\/"},"modified":"2025-07-30T10:20:51","modified_gmt":"2025-07-30T10:20:51","slug":"sejas-krems-kviesi-44-ml","status":"publish","type":"product","link":"https:\/\/e.kosmolat.eu\/lt\/produktas\/sejas-krems-kviesi-44-ml\/","title":{"rendered":"BIOTON COSMETICS Veido kremas Kvie\u010diai, 44 ml"},"content":{"rendered":"<p>Kvie\u010di\u0173 daiguose esantys vitaminai A, E, mikroelementai ir biologi\u0161kai aktyvios med\u017eiagos prisideda prie epidermio atsinaujinimo, maitina, dr\u0117kina ir gaivina veido od\u0105.<\/p>\n<p><strong>Naudojimas:<\/strong> lengvais masa\u017euojamaisiais judesiais tepkite ant &nbsp;nuvalytos veido odos.<\/p>\n<p><strong>Atsargumo priemon\u0117s:<\/strong> Tik i\u0161oriniam naudojimui.<\/p>\n<p><strong>Geriausias:<\/strong> 24 m\u0117nesiai nuo pagaminimo datos.<\/p>\n<p>Laikyti nuo +5 &deg;C iki +25 &deg;C temperat\u016broje.<br \/>\n&nbsp;<\/p>\n","protected":false},"excerpt":{"rendered":"<p>Kvie\u010di\u0173 daiguose esantys vitaminai A, E, mikroelementai ir biologi\u0161kai aktyvios med\u017eiagos prisideda prie epidermio atsinaujinimo, maitina, dr\u0117kina ir gaivina veido od\u0105. Naudojimas: lengvais masa\u017euojamaisiais judesiais tepkite ant &nbsp;nuvalytos veido odos. Atsargumo priemon\u0117s: Tik i\u0161oriniam naudojimui. Geriausias: 24 m\u0117nesiai nuo pagaminimo datos. Laikyti nuo +5 &deg;C iki +25 &deg;C temperat\u016broje. &nbsp;<\/p>\n","protected":false},"featured_media":41906,"template":"","meta":[],"product_cat":[2181],"product_tag":[],"class_list":{"0":"post-40075","1":"product","2":"type-product","3":"status-publish","4":"has-post-thumbnail","6":"product_brand-bioton_ua-lt","7":"product_cat-bez-kategorijas-lt","9":"first","10":"outofstock","11":"taxable","12":"shipping-taxable","13":"product-type-simple"},"_links":{"self":[{"href":"https:\/\/e.kosmolat.eu\/lt\/wp-json\/wp\/v2\/product\/40075","targetHints":{"allow":["GET"]}}],"collection":[{"href":"https:\/\/e.kosmolat.eu\/lt\/wp-json\/wp\/v2\/product"}],"about":[{"href":"https:\/\/e.kosmolat.eu\/lt\/wp-json\/wp\/v2\/types\/product"}],"wp:featuredmedia":[{"embeddable":true,"href":"https:\/\/e.kosmolat.eu\/lt\/wp-json\/wp\/v2\/media\/41906"}],"wp:attachment":[{"href":"https:\/\/e.kosmolat.eu\/lt\/wp-json\/wp\/v2\/media?parent=40075"}],"wp:term":[{"taxonomy":"product_cat","embeddable":true,"href":"https:\/\/e.kosmolat.eu\/lt\/wp-json\/wp\/v2\/product_cat?post=40075"},{"taxonomy":"product_tag","embeddable":true,"href":"https:\/\/e.kosmolat.eu\/lt\/wp-json\/wp\/v2\/product_tag?post=40075"}],"curies":[{"name":"wp","href":"https:\/\/api.w.org\/{rel}","templated":true}]}}