{"id":40043,"date":"2023-12-23T00:30:39","date_gmt":"2023-12-23T00:30:39","guid":{"rendered":"https:\/\/e.kosmolat.eu\/product\/i_roku-krems-vitolu-500-ml\/"},"modified":"2025-07-21T10:11:17","modified_gmt":"2025-07-21T10:11:17","slug":"i_roku-krems-vitolu-500-ml","status":"publish","type":"product","link":"https:\/\/e.kosmolat.eu\/lt\/produktas\/i_roku-krems-vitolu-500-ml\/","title":{"rendered":"I_BIOTON COSMETICS Rank\u0173 kremas, Gluosnis 500 ml"},"content":{"rendered":"<p>Gluosniai turi raminam\u0105j\u012f, prie\u0161u\u017edegimin\u012f, ir antialergin\u012f poveik\u012f, greitina odos atsinaujinimo procesus. Glicerinas atkuria dr\u0117gm\u0117s balans\u0105, gerina odos tonus\u0105. Vis\u0173 tip\u0173 odai.<\/p>\n<p><strong>Naudojimas:<\/strong> tepkite ant \u0161vari\u0173 rank\u0173.<\/p>\n<p><strong>Atsargumo priemon\u0117s: <\/strong>Tik i\u0161oriniam naudojimui.<\/p>\n<p><strong>Geriausias: <\/strong>24 m\u0117nesiai nuo pagaminimo datos<\/p>\n<p>Laikyti nuo +5 &deg;C iki +25 &deg;C temperat\u016broje.<br \/>\n&nbsp;<\/p>\n","protected":false},"excerpt":{"rendered":"<p>Gluosniai turi raminam\u0105j\u012f, prie\u0161u\u017edegimin\u012f, ir antialergin\u012f poveik\u012f, greitina odos atsinaujinimo procesus. Glicerinas atkuria dr\u0117gm\u0117s balans\u0105, gerina odos tonus\u0105. Vis\u0173 tip\u0173 odai. Naudojimas: tepkite ant \u0161vari\u0173 rank\u0173. Atsargumo priemon\u0117s: Tik i\u0161oriniam naudojimui. Geriausias: 24 m\u0117nesiai nuo pagaminimo datos Laikyti nuo +5 &deg;C iki +25 &deg;C temperat\u016broje. &nbsp;<\/p>\n","protected":false},"featured_media":12753,"template":"","meta":[],"product_cat":[1304],"product_tag":[],"class_list":{"0":"post-40043","1":"product","2":"type-product","3":"status-publish","4":"has-post-thumbnail","6":"product_brand-bioton_ua-lt","7":"product_cat-ranku-prieziuros-kosmetika","9":"first","10":"outofstock","11":"taxable","12":"shipping-taxable","13":"product-type-simple"},"_links":{"self":[{"href":"https:\/\/e.kosmolat.eu\/lt\/wp-json\/wp\/v2\/product\/40043","targetHints":{"allow":["GET"]}}],"collection":[{"href":"https:\/\/e.kosmolat.eu\/lt\/wp-json\/wp\/v2\/product"}],"about":[{"href":"https:\/\/e.kosmolat.eu\/lt\/wp-json\/wp\/v2\/types\/product"}],"wp:featuredmedia":[{"embeddable":true,"href":"https:\/\/e.kosmolat.eu\/lt\/wp-json\/wp\/v2\/media\/12753"}],"wp:attachment":[{"href":"https:\/\/e.kosmolat.eu\/lt\/wp-json\/wp\/v2\/media?parent=40043"}],"wp:term":[{"taxonomy":"product_cat","embeddable":true,"href":"https:\/\/e.kosmolat.eu\/lt\/wp-json\/wp\/v2\/product_cat?post=40043"},{"taxonomy":"product_tag","embeddable":true,"href":"https:\/\/e.kosmolat.eu\/lt\/wp-json\/wp\/v2\/product_tag?post=40043"}],"curies":[{"name":"wp","href":"https:\/\/api.w.org\/{rel}","templated":true}]}}