{"id":40027,"date":"2023-12-23T00:29:15","date_gmt":"2023-12-23T00:29:15","guid":{"rendered":"https:\/\/e.kosmolat.eu\/product\/roku-krems-ar-glicerinu-kumelite-350-ml\/"},"modified":"2025-06-05T05:20:48","modified_gmt":"2025-06-05T05:20:48","slug":"roku-krems-ar-glicerinu-kumelite-350-ml","status":"publish","type":"product","link":"https:\/\/e.kosmolat.eu\/lt\/produktas\/roku-krems-ar-glicerinu-kumelite-350-ml\/","title":{"rendered":"BIOTON COSMETICS Glicerininis rank\u0173 kremas Ramun\u0117, 350 ml"},"content":{"rendered":"<p>Ramun\u0117li\u0173 ekstraktas pasi\u017eymi raminamuoju, prie\u0161u\u017edegiminiu ir antialerginiu poveikiu, greitina odos regeneracijos procesus. Glicerinas atkuria dr\u0117gm\u0117s balans\u0105, gerina odos tonus\u0105. D\u0117l nat\u016bralaus ramun\u0117li\u0173 ekstrakto, praturtinto mikroelementais, kremas pa\u0161alina odos sudirginim\u0105 ir i\u0161saus\u0117jim\u0105. Rekomenduojamas sausoms, \u0161erpetojan\u010dioms rankoms.<\/p>\n<p><strong>Naudojimas:<\/strong> tepkite ant \u0161vari\u0173 rank\u0173.<\/p>\n<p><strong>Atsargumo priemon\u0117s: <\/strong>Tik i\u0161oriniam naudojimui.<\/p>\n<p><strong>Geriausias: <\/strong>24 m\u0117nesiai nuo pagaminimo datos<\/p>\n<p>Laikyti nuo +5 &deg;C iki +25 &deg;C temperat\u016broje.<br \/>\n&nbsp;<\/p>\n","protected":false},"excerpt":{"rendered":"<p>Ramun\u0117li\u0173 ekstraktas pasi\u017eymi raminamuoju, prie\u0161u\u017edegiminiu ir antialerginiu poveikiu, greitina odos regeneracijos procesus. Glicerinas atkuria dr\u0117gm\u0117s balans\u0105, gerina odos tonus\u0105. D\u0117l nat\u016bralaus ramun\u0117li\u0173 ekstrakto, praturtinto mikroelementais, kremas pa\u0161alina odos sudirginim\u0105 ir i\u0161saus\u0117jim\u0105. Rekomenduojamas sausoms, \u0161erpetojan\u010dioms rankoms. Naudojimas: tepkite ant \u0161vari\u0173 rank\u0173. Atsargumo priemon\u0117s: Tik i\u0161oriniam naudojimui. Geriausias: 24 m\u0117nesiai nuo pagaminimo datos Laikyti nuo +5 &deg;C [&#8230;]\n","protected":false},"featured_media":12721,"template":"","meta":[],"product_cat":[2181],"product_tag":[],"class_list":{"0":"post-40027","1":"product","2":"type-product","3":"status-publish","4":"has-post-thumbnail","6":"product_brand-bioton_ua-lt","7":"product_cat-bez-kategorijas-lt","9":"first","10":"outofstock","11":"taxable","12":"shipping-taxable","13":"product-type-simple"},"_links":{"self":[{"href":"https:\/\/e.kosmolat.eu\/lt\/wp-json\/wp\/v2\/product\/40027","targetHints":{"allow":["GET"]}}],"collection":[{"href":"https:\/\/e.kosmolat.eu\/lt\/wp-json\/wp\/v2\/product"}],"about":[{"href":"https:\/\/e.kosmolat.eu\/lt\/wp-json\/wp\/v2\/types\/product"}],"wp:featuredmedia":[{"embeddable":true,"href":"https:\/\/e.kosmolat.eu\/lt\/wp-json\/wp\/v2\/media\/12721"}],"wp:attachment":[{"href":"https:\/\/e.kosmolat.eu\/lt\/wp-json\/wp\/v2\/media?parent=40027"}],"wp:term":[{"taxonomy":"product_cat","embeddable":true,"href":"https:\/\/e.kosmolat.eu\/lt\/wp-json\/wp\/v2\/product_cat?post=40027"},{"taxonomy":"product_tag","embeddable":true,"href":"https:\/\/e.kosmolat.eu\/lt\/wp-json\/wp\/v2\/product_tag?post=40027"}],"curies":[{"name":"wp","href":"https:\/\/api.w.org\/{rel}","templated":true}]}}