{"id":40023,"date":"2023-12-23T00:28:52","date_gmt":"2023-12-23T00:28:52","guid":{"rendered":"https:\/\/e.kosmolat.eu\/product\/roku-krems-ar-glicerinu-mezrozite-350-ml\/"},"modified":"2025-04-30T09:42:57","modified_gmt":"2025-04-30T09:42:57","slug":"roku-krems-ar-glicerinu-mezrozite-350-ml","status":"publish","type":"product","link":"https:\/\/e.kosmolat.eu\/lt\/produktas\/roku-krems-ar-glicerinu-mezrozite-350-ml\/","title":{"rendered":"BIOTON COSMETICS Glicerininis rank\u0173 kremas Er\u0161k\u0117tuog\u0117, 350 ml"},"content":{"rendered":"<p>Glicerinas ir er\u0161k\u0117tuogi\u0173 ekstraktas turi apsaugin\u012f ir tonizuojant\u012f poveik\u012f odai; puikiai dr\u0117kina, mink\u0161tina ir saugo rank\u0173 od\u0105. Er\u0161k\u0117tuog\u0117s prisotina od\u0105 vitaminais, \u0161viesina am\u017eiaus d\u0117mes.<\/p>\n<p><strong>Naudojimas:<\/strong> tepkite ant \u0161vari\u0173 rank\u0173.<\/p>\n<p><strong>Atsargumo priemon\u0117s:<\/strong> Tik i\u0161oriniam naudojimui.<\/p>\n<p><strong>Geriausias: <\/strong>24 m\u0117nesiai nuo pagaminimo datos<\/p>\n<p>Laikyti nuo +5 &deg;C iki +25 &deg;C temperat\u016broje.<br \/>\n&nbsp;<\/p>\n","protected":false},"excerpt":{"rendered":"<p>Glicerinas ir er\u0161k\u0117tuogi\u0173 ekstraktas turi apsaugin\u012f ir tonizuojant\u012f poveik\u012f odai; puikiai dr\u0117kina, mink\u0161tina ir saugo rank\u0173 od\u0105. Er\u0161k\u0117tuog\u0117s prisotina od\u0105 vitaminais, \u0161viesina am\u017eiaus d\u0117mes. Naudojimas: tepkite ant \u0161vari\u0173 rank\u0173. Atsargumo priemon\u0117s: Tik i\u0161oriniam naudojimui. Geriausias: 24 m\u0117nesiai nuo pagaminimo datos Laikyti nuo +5 &deg;C iki +25 &deg;C temperat\u016broje. &nbsp;<\/p>\n","protected":false},"featured_media":12713,"template":"","meta":[],"product_cat":[1304],"product_tag":[],"class_list":{"0":"post-40023","1":"product","2":"type-product","3":"status-publish","4":"has-post-thumbnail","6":"product_brand-bioton_ua-lt","7":"product_cat-ranku-prieziuros-kosmetika","9":"first","10":"outofstock","11":"taxable","12":"shipping-taxable","13":"product-type-simple"},"_links":{"self":[{"href":"https:\/\/e.kosmolat.eu\/lt\/wp-json\/wp\/v2\/product\/40023","targetHints":{"allow":["GET"]}}],"collection":[{"href":"https:\/\/e.kosmolat.eu\/lt\/wp-json\/wp\/v2\/product"}],"about":[{"href":"https:\/\/e.kosmolat.eu\/lt\/wp-json\/wp\/v2\/types\/product"}],"wp:featuredmedia":[{"embeddable":true,"href":"https:\/\/e.kosmolat.eu\/lt\/wp-json\/wp\/v2\/media\/12713"}],"wp:attachment":[{"href":"https:\/\/e.kosmolat.eu\/lt\/wp-json\/wp\/v2\/media?parent=40023"}],"wp:term":[{"taxonomy":"product_cat","embeddable":true,"href":"https:\/\/e.kosmolat.eu\/lt\/wp-json\/wp\/v2\/product_cat?post=40023"},{"taxonomy":"product_tag","embeddable":true,"href":"https:\/\/e.kosmolat.eu\/lt\/wp-json\/wp\/v2\/product_tag?post=40023"}],"curies":[{"name":"wp","href":"https:\/\/api.w.org\/{rel}","templated":true}]}}