{"id":39915,"date":"2023-12-23T00:17:18","date_gmt":"2023-12-23T00:17:18","guid":{"rendered":"https:\/\/e.kosmolat.eu\/product\/kopjoss-sampuns-malvine-ar-sunisa-ekst-250-ml\/"},"modified":"2026-01-14T14:01:06","modified_gmt":"2026-01-14T14:01:06","slug":"kopjoss-sampuns-malvine-ar-sunisa-ekst-250-ml","status":"publish","type":"product","link":"https:\/\/e.kosmolat.eu\/lt\/produktas\/kopjoss-sampuns-malvine-ar-sunisa-ekst-250-ml\/","title":{"rendered":"BIOTON COSMETICS Vaiki\u0161kas \u0161amp\u016bnas Malvina su laki\u0161iais, 250 ml"},"content":{"rendered":"<p>&Scaron;amp\u016bnas \u0161velniai valo vaiko plaukus ir galvos od\u0105, saugo nuo neigiamo i\u0161orini\u0173 veiksni\u0173 poveikio. Laki\u0161i\u0173 ekstraktas mink\u0161tina ir maitina plaukus, padaro juos glotnesnius ir lengviau valdomus.<\/p>\n<p><strong>Naudojimas: <\/strong>paskirstykite ant dr\u0117gn\u0173 plauk\u0173, suputokite, gerai i\u0161skalaukite vandeniu.<\/p>\n<p><strong>Atsargumo priemon\u0117s:<\/strong> Tik i\u0161oriniam naudojimui. Laikyti vaikams nepasiekiamoje vietoje.<\/p>\n<p><strong>Geriausias: <\/strong>30 m\u0117nesi\u0173 nuo pagaminimo datos . Laikyti nuo +5 &deg;C iki +25 &deg;C temperat\u016broje.<br \/>\n&nbsp;<\/p>\n","protected":false},"excerpt":{"rendered":"<p>&Scaron;amp\u016bnas \u0161velniai valo vaiko plaukus ir galvos od\u0105, saugo nuo neigiamo i\u0161orini\u0173 veiksni\u0173 poveikio. Laki\u0161i\u0173 ekstraktas mink\u0161tina ir maitina plaukus, padaro juos glotnesnius ir lengviau valdomus. Naudojimas: paskirstykite ant dr\u0117gn\u0173 plauk\u0173, suputokite, gerai i\u0161skalaukite vandeniu. Atsargumo priemon\u0117s: Tik i\u0161oriniam naudojimui. Laikyti vaikams nepasiekiamoje vietoje. Geriausias: 30 m\u0117nesi\u0173 nuo pagaminimo datos . Laikyti nuo +5 &deg;C [&#8230;]\n","protected":false},"featured_media":100164,"template":"","meta":[],"product_cat":[1793],"product_tag":[],"class_list":{"0":"post-39915","1":"product","2":"type-product","3":"status-publish","4":"has-post-thumbnail","6":"product_brand-bioton_ua-lt","7":"product_cat-plauku-prieziura-vaikams","9":"first","10":"outofstock","11":"taxable","12":"shipping-taxable","13":"product-type-simple"},"_links":{"self":[{"href":"https:\/\/e.kosmolat.eu\/lt\/wp-json\/wp\/v2\/product\/39915","targetHints":{"allow":["GET"]}}],"collection":[{"href":"https:\/\/e.kosmolat.eu\/lt\/wp-json\/wp\/v2\/product"}],"about":[{"href":"https:\/\/e.kosmolat.eu\/lt\/wp-json\/wp\/v2\/types\/product"}],"wp:featuredmedia":[{"embeddable":true,"href":"https:\/\/e.kosmolat.eu\/lt\/wp-json\/wp\/v2\/media\/100164"}],"wp:attachment":[{"href":"https:\/\/e.kosmolat.eu\/lt\/wp-json\/wp\/v2\/media?parent=39915"}],"wp:term":[{"taxonomy":"product_cat","embeddable":true,"href":"https:\/\/e.kosmolat.eu\/lt\/wp-json\/wp\/v2\/product_cat?post=39915"},{"taxonomy":"product_tag","embeddable":true,"href":"https:\/\/e.kosmolat.eu\/lt\/wp-json\/wp\/v2\/product_tag?post=39915"}],"curies":[{"name":"wp","href":"https:\/\/api.w.org\/{rel}","templated":true}]}}