{"id":39815,"date":"2023-12-23T00:06:30","date_gmt":"2023-12-23T00:06:30","guid":{"rendered":"https:\/\/e.kosmolat.eu\/product\/sh-roku-krems-aizsargajoss-72-ml\/"},"modified":"2025-08-24T18:51:35","modified_gmt":"2025-08-24T18:51:35","slug":"sh-roku-krems-aizsargajoss-72-ml","status":"publish","type":"product","link":"https:\/\/e.kosmolat.eu\/lt\/produktas\/sh-roku-krems-aizsargajoss-72-ml\/","title":{"rendered":"SILKY HANDS Apsauginis rank\u0173 kremas, 72 ml"},"content":{"rendered":"<p>Apsauginis kremas su Silk Oil Elixir formule, praturtintas vitaminu C, sukurtas specialiai rank\u0173 odos apsaugai nuo nepalanki\u0173 aplinkos veiksni\u0173. Prie\u0161 prad\u0117dami dirbti rankomis, patepkite kremu. Apgaubianti tekst\u016bra sukuria aktyv\u0173 apsaugin\u012f barjer\u0105, o maitinamieji ingredientai mink\u0161tina od\u0105 ir \u017eymiai sustiprina nat\u016bralias jos funkcijas. Pati rank\u0173 odos apsauga yra 20 kart\u0173 silpnesn\u0117, palyginti su veido oda. Tod\u0117l itin svarbu nuolat saugoti rank\u0173 od\u0105, ypa\u010d prie\u0161 atliekant darbus ir kai lie\u010diasi su plovikliais.<\/p>\n<p><strong>Naudojimas:<\/strong> lengvais masa\u017euojamaisiais judesiais tepkite krem\u0105 ant \u0161varios, sausos odos. Rekomenduojama tepti ant rank\u0173 odos prie\u0161 i\u0161einant \u012f lauk\u0105 ir prie\u0161 naudojant buitines skalbimo priemones.<br \/>\nTai n\u0117ra vaistas.<\/p>\n<p>Laikyti nuo +0&deg;C iki +25&deg;C temperat\u016broje.<\/p>\n<p><strong>Geriausias:<\/strong> 36 m\u0117nesiai nuo pagaminimo datos. Atidarius sunaudoti per 6 m\u0117nesius.<br \/>\n&nbsp;<\/p>\n","protected":false},"excerpt":{"rendered":"<p>Apsauginis kremas su Silk Oil Elixir formule, praturtintas vitaminu C, sukurtas specialiai rank\u0173 odos apsaugai nuo nepalanki\u0173 aplinkos veiksni\u0173. Prie\u0161 prad\u0117dami dirbti rankomis, patepkite kremu. Apgaubianti tekst\u016bra sukuria aktyv\u0173 apsaugin\u012f barjer\u0105, o maitinamieji ingredientai mink\u0161tina od\u0105 ir \u017eymiai sustiprina nat\u016bralias jos funkcijas. Pati rank\u0173 odos apsauga yra 20 kart\u0173 silpnesn\u0117, palyginti su veido oda. Tod\u0117l [&#8230;]\n","protected":false},"featured_media":13669,"template":"","meta":[],"product_cat":[1304],"product_tag":[],"class_list":{"0":"post-39815","1":"product","2":"type-product","3":"status-publish","4":"has-post-thumbnail","6":"product_brand-unilever-ua-lt","7":"product_cat-ranku-prieziuros-kosmetika","9":"first","10":"outofstock","11":"taxable","12":"shipping-taxable","13":"product-type-simple"},"_links":{"self":[{"href":"https:\/\/e.kosmolat.eu\/lt\/wp-json\/wp\/v2\/product\/39815","targetHints":{"allow":["GET"]}}],"collection":[{"href":"https:\/\/e.kosmolat.eu\/lt\/wp-json\/wp\/v2\/product"}],"about":[{"href":"https:\/\/e.kosmolat.eu\/lt\/wp-json\/wp\/v2\/types\/product"}],"wp:featuredmedia":[{"embeddable":true,"href":"https:\/\/e.kosmolat.eu\/lt\/wp-json\/wp\/v2\/media\/13669"}],"wp:attachment":[{"href":"https:\/\/e.kosmolat.eu\/lt\/wp-json\/wp\/v2\/media?parent=39815"}],"wp:term":[{"taxonomy":"product_cat","embeddable":true,"href":"https:\/\/e.kosmolat.eu\/lt\/wp-json\/wp\/v2\/product_cat?post=39815"},{"taxonomy":"product_tag","embeddable":true,"href":"https:\/\/e.kosmolat.eu\/lt\/wp-json\/wp\/v2\/product_tag?post=39815"}],"curies":[{"name":"wp","href":"https:\/\/api.w.org\/{rel}","templated":true}]}}