{"id":39811,"date":"2023-12-23T00:06:00","date_gmt":"2023-12-23T00:06:00","guid":{"rendered":"https:\/\/e.kosmolat.eu\/product\/sh-roku-krems-mikstinoss-72-ml\/"},"modified":"2025-05-15T05:12:34","modified_gmt":"2025-05-15T05:12:34","slug":"sh-roku-krems-mikstinoss-72-ml","status":"publish","type":"product","link":"https:\/\/e.kosmolat.eu\/lt\/produktas\/sh-roku-krems-mikstinoss-72-ml\/","title":{"rendered":"SILKY HANDS Rank\u0173 kremas Sumink\u0161tinantis, 72 ml"},"content":{"rendered":"<p>Rank\u0173 kremas &nbsp;su Silk Oil Elixir, praturtintas migdol\u0173 aliejumi, yra specialiai sukurtas taip, kad su\u0161velnint\u0173 \u0161iurk\u0161\u010di\u0105 od\u0105 ir apsaugot\u0173. Tepkite krem\u0105 prie\u0161 kiekvien\u0105 i\u0161\u0117jim\u0105 \u012f gatv\u0119, kad papildomai apsaugotum\u0117te rank\u0173 od\u0105 nuo nepalanki\u0173 aplinkos veiksni\u0173. D\u0117l raginio sluoksnio tankio deln\u0173 oda greitai pasidaro \u0161iurk\u0161ti. Reguliarus rank\u0173 kremo naudojimas bent 2 kartus per dien\u0105 padeda i\u0161vengti \u0161iurk\u0161\u010di\u0173 d\u0117mi\u0173 ir i\u0161laikyti od\u0105 \u0161velni\u0105.<\/p>\n<p><strong>Naudojimas:<\/strong> tepkite ant \u0161varios, sausos odos, \u0161velniai masa\u017euokite, kol visi\u0161kai \u012fsigers. Naudokite pagal poreik\u012f. Rekomenduojama tepti ant rank\u0173 odos 30 minu\u010di\u0173 prie\u0161 i\u0161einant \u012f lauk\u0105. Kremas neapsaugo nuo saul\u0117s.<\/p>\n<p>Laikyti nuo 0&deg;C iki +25&deg;C temperat\u016broje.<\/p>\n<p><strong>Galiojimo laikas: <\/strong>36 m\u0117nesiai nuo pagaminimo datos. Atidarius sunaudoti per 6 m\u0117nesius.<br \/>\n&nbsp;<\/p>\n","protected":false},"excerpt":{"rendered":"<p>Rank\u0173 kremas &nbsp;su Silk Oil Elixir, praturtintas migdol\u0173 aliejumi, yra specialiai sukurtas taip, kad su\u0161velnint\u0173 \u0161iurk\u0161\u010di\u0105 od\u0105 ir apsaugot\u0173. Tepkite krem\u0105 prie\u0161 kiekvien\u0105 i\u0161\u0117jim\u0105 \u012f gatv\u0119, kad papildomai apsaugotum\u0117te rank\u0173 od\u0105 nuo nepalanki\u0173 aplinkos veiksni\u0173. D\u0117l raginio sluoksnio tankio deln\u0173 oda greitai pasidaro \u0161iurk\u0161ti. Reguliarus rank\u0173 kremo naudojimas bent 2 kartus per dien\u0105 padeda i\u0161vengti [&#8230;]\n","protected":false},"featured_media":13661,"template":"","meta":[],"product_cat":[1304],"product_tag":[],"class_list":{"0":"post-39811","1":"product","2":"type-product","3":"status-publish","4":"has-post-thumbnail","6":"product_brand-unilever-ua-lt","7":"product_cat-ranku-prieziuros-kosmetika","9":"first","10":"outofstock","11":"taxable","12":"shipping-taxable","13":"product-type-simple"},"_links":{"self":[{"href":"https:\/\/e.kosmolat.eu\/lt\/wp-json\/wp\/v2\/product\/39811","targetHints":{"allow":["GET"]}}],"collection":[{"href":"https:\/\/e.kosmolat.eu\/lt\/wp-json\/wp\/v2\/product"}],"about":[{"href":"https:\/\/e.kosmolat.eu\/lt\/wp-json\/wp\/v2\/types\/product"}],"wp:featuredmedia":[{"embeddable":true,"href":"https:\/\/e.kosmolat.eu\/lt\/wp-json\/wp\/v2\/media\/13661"}],"wp:attachment":[{"href":"https:\/\/e.kosmolat.eu\/lt\/wp-json\/wp\/v2\/media?parent=39811"}],"wp:term":[{"taxonomy":"product_cat","embeddable":true,"href":"https:\/\/e.kosmolat.eu\/lt\/wp-json\/wp\/v2\/product_cat?post=39811"},{"taxonomy":"product_tag","embeddable":true,"href":"https:\/\/e.kosmolat.eu\/lt\/wp-json\/wp\/v2\/product_tag?post=39811"}],"curies":[{"name":"wp","href":"https:\/\/api.w.org\/{rel}","templated":true}]}}