{"id":39807,"date":"2023-12-23T00:05:30","date_gmt":"2023-12-23T00:05:30","guid":{"rendered":"https:\/\/e.kosmolat.eu\/product\/sh-roku-un-nagu-krems-kompleksais-72-ml\/"},"modified":"2025-08-24T18:51:19","modified_gmt":"2025-08-24T18:51:19","slug":"sh-roku-un-nagu-krems-kompleksais-72-ml","status":"publish","type":"product","link":"https:\/\/e.kosmolat.eu\/lt\/produktas\/sh-roku-un-nagu-krems-kompleksais-72-ml\/","title":{"rendered":"SILKY HANDS Rank\u0173 ir nag\u0173 kremas Kompleksinis, 72 ml"},"content":{"rendered":"<p>Speciali kremo formul\u0117 u\u017etikrina reikiam\u0105 rank\u0173 odos maitinim\u0105 ir dr\u0117kinim\u0105, padeda sustiprinti nagus ir sumink&scaron;tinti odel\u0119. Silk Oil Elixir formul\u0117 su mikroaliejais ir &scaron;ilko proteinais, praturtinta mineral\u0173 kompleksu, apsaugo nuo \u012fbr\u0117\u017eim\u0173 ir padeda i&scaron;laikyti maniki\u016br\u0105. Nag\u0173 b\u016bkl\u0117 labai priklauso nuo tinkamos rank\u0173 ir odeli\u0173 prie\u017ei\u016bros. Reguliarus rank\u0173 kremo naudojimas, bent 2 kartus per dien\u0105, apsaugo nuo sausumo, i&scaron;saugo nat\u016bral\u0173 nag\u0173 gro\u017e\u012f.<\/p>\n<p><strong>Naudojimas:<\/strong> tepkite ant &scaron;varios, sausos odos, &scaron;velniai masa\u017euokite, kol visi&scaron;kai \u012fsigers. Naudokite pagal poreik\u012f.<\/p>\n<p>\u012esp\u0117jimas: sud\u0117tyje yra vitamino A. Prie\u0161 naudojant atsi\u017evelgti \u012f paros doz\u0119.<\/p>\n<p>Laikyti nuo 0&deg;C iki +25&deg;C temperat\u016broje.<\/p>\n<p><strong>Galiojimo laikas: <\/strong>36 m\u0117nesiai nuo pagaminimo datos. Atidarius sunaudoti per 6 m\u0117nesius<br \/>\n&nbsp;<\/p>\n","protected":false},"excerpt":{"rendered":"<p>Speciali kremo formul\u0117 u\u017etikrina reikiam\u0105 rank\u0173 odos maitinim\u0105 ir dr\u0117kinim\u0105, padeda sustiprinti nagus ir sumink&scaron;tinti odel\u0119. Silk Oil Elixir formul\u0117 su mikroaliejais ir &scaron;ilko proteinais, praturtinta mineral\u0173 kompleksu, apsaugo nuo \u012fbr\u0117\u017eim\u0173 ir padeda i&scaron;laikyti maniki\u016br\u0105. Nag\u0173 b\u016bkl\u0117 labai priklauso nuo tinkamos rank\u0173 ir odeli\u0173 prie\u017ei\u016bros. Reguliarus rank\u0173 kremo naudojimas, bent 2 kartus per dien\u0105, apsaugo [&#8230;]\n","protected":false},"featured_media":13653,"template":"","meta":[],"product_cat":[1304],"product_tag":[],"class_list":{"0":"post-39807","1":"product","2":"type-product","3":"status-publish","4":"has-post-thumbnail","6":"product_brand-unilever-ua-lt","7":"product_cat-ranku-prieziuros-kosmetika","9":"first","10":"outofstock","11":"taxable","12":"shipping-taxable","13":"product-type-simple"},"_links":{"self":[{"href":"https:\/\/e.kosmolat.eu\/lt\/wp-json\/wp\/v2\/product\/39807","targetHints":{"allow":["GET"]}}],"collection":[{"href":"https:\/\/e.kosmolat.eu\/lt\/wp-json\/wp\/v2\/product"}],"about":[{"href":"https:\/\/e.kosmolat.eu\/lt\/wp-json\/wp\/v2\/types\/product"}],"wp:featuredmedia":[{"embeddable":true,"href":"https:\/\/e.kosmolat.eu\/lt\/wp-json\/wp\/v2\/media\/13653"}],"wp:attachment":[{"href":"https:\/\/e.kosmolat.eu\/lt\/wp-json\/wp\/v2\/media?parent=39807"}],"wp:term":[{"taxonomy":"product_cat","embeddable":true,"href":"https:\/\/e.kosmolat.eu\/lt\/wp-json\/wp\/v2\/product_cat?post=39807"},{"taxonomy":"product_tag","embeddable":true,"href":"https:\/\/e.kosmolat.eu\/lt\/wp-json\/wp\/v2\/product_tag?post=39807"}],"curies":[{"name":"wp","href":"https:\/\/api.w.org\/{rel}","templated":true}]}}