{"id":39771,"date":"2023-12-23T00:00:12","date_gmt":"2023-12-23T00:00:12","guid":{"rendered":"https:\/\/e.kosmolat.eu\/product\/i_shik-bernu-kr-ziepes-roze-un-lavanda-90-g\/"},"modified":"2026-03-26T10:39:24","modified_gmt":"2026-03-26T10:39:24","slug":"i_shik-bernu-kr-ziepes-roze-un-lavanda-90-g","status":"publish","type":"product","link":"https:\/\/e.kosmolat.eu\/lt\/produktas\/i_shik-bernu-kr-ziepes-roze-un-lavanda-90-g\/","title":{"rendered":"SHIK Tualetinis muilas-kremas vaikams Prie\u0161 mieg\u0105, Ro\u017e\u0117s ir levandos, 90 g"},"content":{"rendered":"<p>Su dr\u0117kinamuoju kremu. &Scaron;velniai valo ir mink\u0161tina od\u0105. Ro\u017ei\u0173, ramun\u0117li\u0173 ir levand\u0173 ekstraktai ramina, ma\u017eina sudirgim\u0105 ir u\u017etikrina ram\u0173 mieg\u0105.<\/p>\n<p><strong>Geriausias iki: <\/strong>3 metai nuo pagaminimo datos.<br \/>\n&nbsp;<\/p>\n","protected":false},"excerpt":{"rendered":"<p>Su dr\u0117kinamuoju kremu. &Scaron;velniai valo ir mink\u0161tina od\u0105. Ro\u017ei\u0173, ramun\u0117li\u0173 ir levand\u0173 ekstraktai ramina, ma\u017eina sudirgim\u0105 ir u\u017etikrina ram\u0173 mieg\u0105. Geriausias iki: 3 metai nuo pagaminimo datos. &nbsp;<\/p>\n","protected":false},"featured_media":100216,"template":"","meta":[],"product_cat":[2181],"product_tag":[],"class_list":{"0":"post-39771","1":"product","2":"type-product","3":"status-publish","4":"has-post-thumbnail","6":"product_brand-slobozanskij-milovar_ua-lt","7":"product_cat-bez-kategorijas-lt","9":"first","10":"outofstock","11":"taxable","12":"shipping-taxable","13":"product-type-simple"},"_links":{"self":[{"href":"https:\/\/e.kosmolat.eu\/lt\/wp-json\/wp\/v2\/product\/39771","targetHints":{"allow":["GET"]}}],"collection":[{"href":"https:\/\/e.kosmolat.eu\/lt\/wp-json\/wp\/v2\/product"}],"about":[{"href":"https:\/\/e.kosmolat.eu\/lt\/wp-json\/wp\/v2\/types\/product"}],"wp:featuredmedia":[{"embeddable":true,"href":"https:\/\/e.kosmolat.eu\/lt\/wp-json\/wp\/v2\/media\/100216"}],"wp:attachment":[{"href":"https:\/\/e.kosmolat.eu\/lt\/wp-json\/wp\/v2\/media?parent=39771"}],"wp:term":[{"taxonomy":"product_cat","embeddable":true,"href":"https:\/\/e.kosmolat.eu\/lt\/wp-json\/wp\/v2\/product_cat?post=39771"},{"taxonomy":"product_tag","embeddable":true,"href":"https:\/\/e.kosmolat.eu\/lt\/wp-json\/wp\/v2\/product_tag?post=39771"}],"curies":[{"name":"wp","href":"https:\/\/api.w.org\/{rel}","templated":true}]}}