{"id":39767,"date":"2023-12-22T23:59:51","date_gmt":"2023-12-22T23:59:51","guid":{"rendered":"https:\/\/e.kosmolat.eu\/product\/shik-bernu-kr-ziepes-ar-ellu-ekstr-90-g\/"},"modified":"2026-04-17T13:26:27","modified_gmt":"2026-04-17T13:26:27","slug":"shik-bernu-kr-ziepes-ar-ellu-ekstr-90-g","status":"publish","type":"product","link":"https:\/\/e.kosmolat.eu\/lt\/produktas\/shik-bernu-kr-ziepes-ar-ellu-ekstr-90-g\/","title":{"rendered":"SHIK Tualetinis muilas-kremas vaikams su aliejiniais ekstraktais, 90 g"},"content":{"rendered":"<p>Su dr\u0117kinamuoju kremu. &Scaron;velniai valo ir mink\u0161tina od\u0105. Apsaugini\u0173 savybi\u0173 suteikia ramun\u0117li\u0173, laki\u0161i\u0173 ir medetk\u0173 ekstraktai.<\/p>\n<p><strong>Geriausias iki: <\/strong>3 metai nuo pagaminimo datos.<br \/>\n&nbsp;<\/p>\n","protected":false},"excerpt":{"rendered":"<p>Su dr\u0117kinamuoju kremu. &Scaron;velniai valo ir mink\u0161tina od\u0105. Apsaugini\u0173 savybi\u0173 suteikia ramun\u0117li\u0173, laki\u0161i\u0173 ir medetk\u0173 ekstraktai. Geriausias iki: 3 metai nuo pagaminimo datos. &nbsp;<\/p>\n","protected":false},"featured_media":100272,"template":"","meta":[],"product_cat":[1799],"product_tag":[],"class_list":{"0":"post-39767","1":"product","2":"type-product","3":"status-publish","4":"has-post-thumbnail","6":"product_brand-slobozanskij-milovar_ua-lt","7":"product_cat-duso-geliai-muilas-vonios-putos","9":"first","10":"instock","11":"taxable","12":"shipping-taxable","13":"product-type-simple"},"_links":{"self":[{"href":"https:\/\/e.kosmolat.eu\/lt\/wp-json\/wp\/v2\/product\/39767","targetHints":{"allow":["GET"]}}],"collection":[{"href":"https:\/\/e.kosmolat.eu\/lt\/wp-json\/wp\/v2\/product"}],"about":[{"href":"https:\/\/e.kosmolat.eu\/lt\/wp-json\/wp\/v2\/types\/product"}],"wp:featuredmedia":[{"embeddable":true,"href":"https:\/\/e.kosmolat.eu\/lt\/wp-json\/wp\/v2\/media\/100272"}],"wp:attachment":[{"href":"https:\/\/e.kosmolat.eu\/lt\/wp-json\/wp\/v2\/media?parent=39767"}],"wp:term":[{"taxonomy":"product_cat","embeddable":true,"href":"https:\/\/e.kosmolat.eu\/lt\/wp-json\/wp\/v2\/product_cat?post=39767"},{"taxonomy":"product_tag","embeddable":true,"href":"https:\/\/e.kosmolat.eu\/lt\/wp-json\/wp\/v2\/product_tag?post=39767"}],"curies":[{"name":"wp","href":"https:\/\/api.w.org\/{rel}","templated":true}]}}