{"id":39763,"date":"2023-12-22T23:59:21","date_gmt":"2023-12-22T23:59:21","guid":{"rendered":"https:\/\/e.kosmolat.eu\/product\/dp-kalkakmens-tir-lidzeklis-sprejs-750-ml\/"},"modified":"2026-03-20T07:50:57","modified_gmt":"2026-03-20T07:50:57","slug":"dp-kalkakmens-tir-lidzeklis-sprejs-750-ml","status":"publish","type":"product","link":"https:\/\/e.kosmolat.eu\/lt\/produktas\/dp-kalkakmens-tir-lidzeklis-sprejs-750-ml\/","title":{"rendered":"DUAL POWER Nukalkinimo priemon\u0117, 750 ml"},"content":{"rendered":"<p>Idealus valiklis ne\u0161varumams, r\u016bdims ir kalki\u0173 nuos\u0117doms valyti nuo kriaukli\u0173, mai\u0161ytuv\u0173, tualet\u0173, du\u0161\u0173, plyteli\u0173, plieno, chromuot\u0173 ir virtuv\u0117s pavir\u0161i\u0173. \u012esp\u0117jimas: Nenaudokite ant r\u016bg\u0161tims jautri\u0173 pavir\u0161i\u0173 (sidabro, aukso, vario, aliuminio), nat\u016bralaus akmens (marmuro ir travertino), med\u017eio, virduli\u0173, kar\u0161t\u0173 ar pa\u017eeist\u0173 pavir\u0161i\u0173. Jei abejojate, prie\u0161 naudodami i\u0161bandykite gamin\u012f nepastebimoje vietoje.<\/p>\n<p><strong>Naudojimas:<\/strong><br \/>\n1.I\u0161purk\u0161kite ir palikite 5 min.<br \/>\n2. Tolygiai paskirstykite ant pavir\u0161iaus \u0161varia \u0161luoste.<br \/>\n3. Nuplaukite vandeniu.<\/p>\n<p><strong>Sud\u0117tis:<\/strong> 5 % arba daugiau, bet ma\u017eiau kaip 15 % citrinos r\u016bg&scaron;tis, ma\u017eiau kaip 5 % katijonini\u0173 aktyvi\u0173j\u0173 pavir&scaron;inio med\u017eiagos,&nbsp; ma\u017eiau kaip 5 % nejonini\u0173&nbsp; aktyvi\u0173j\u0173 pavir&scaron;iaus med\u017eiag\u0173. Kvapai.<\/p>\n<p>P101 Jei reikalinga gydytojo konsultacija, su savimi tur\u0117kite produkto talpykl\u0105 ar jo etiket\u0119.<br \/>\nP102 Laikyti vaikams neprieinamoje vietoje<br \/>\nP103 Prie&scaron; naudojim\u0105 perskaityti.<\/p>\n","protected":false},"excerpt":{"rendered":"<p>Idealus valiklis ne\u0161varumams, r\u016bdims ir kalki\u0173 nuos\u0117doms valyti nuo kriaukli\u0173, mai\u0161ytuv\u0173, tualet\u0173, du\u0161\u0173, plyteli\u0173, plieno, chromuot\u0173 ir virtuv\u0117s pavir\u0161i\u0173. \u012esp\u0117jimas: Nenaudokite ant r\u016bg\u0161tims jautri\u0173 pavir\u0161i\u0173 (sidabro, aukso, vario, aliuminio), nat\u016bralaus akmens (marmuro ir travertino), med\u017eio, virduli\u0173, kar\u0161t\u0173 ar pa\u017eeist\u0173 pavir\u0161i\u0173. Jei abejojate, prie\u0161 naudodami i\u0161bandykite gamin\u012f nepastebimoje vietoje. Naudojimas: 1.I\u0161purk\u0161kite ir palikite 5 min. 2. [&#8230;]\n","protected":false},"featured_media":98563,"template":"","meta":[],"product_cat":[2181],"product_tag":[],"class_list":{"0":"post-39763","1":"product","2":"type-product","3":"status-publish","4":"has-post-thumbnail","6":"product_brand-italchimica-it-lt","7":"product_cat-bez-kategorijas-lt","9":"first","10":"instock","11":"taxable","12":"shipping-taxable","13":"product-type-simple"},"_links":{"self":[{"href":"https:\/\/e.kosmolat.eu\/lt\/wp-json\/wp\/v2\/product\/39763","targetHints":{"allow":["GET"]}}],"collection":[{"href":"https:\/\/e.kosmolat.eu\/lt\/wp-json\/wp\/v2\/product"}],"about":[{"href":"https:\/\/e.kosmolat.eu\/lt\/wp-json\/wp\/v2\/types\/product"}],"wp:featuredmedia":[{"embeddable":true,"href":"https:\/\/e.kosmolat.eu\/lt\/wp-json\/wp\/v2\/media\/98563"}],"wp:attachment":[{"href":"https:\/\/e.kosmolat.eu\/lt\/wp-json\/wp\/v2\/media?parent=39763"}],"wp:term":[{"taxonomy":"product_cat","embeddable":true,"href":"https:\/\/e.kosmolat.eu\/lt\/wp-json\/wp\/v2\/product_cat?post=39763"},{"taxonomy":"product_tag","embeddable":true,"href":"https:\/\/e.kosmolat.eu\/lt\/wp-json\/wp\/v2\/product_tag?post=39763"}],"curies":[{"name":"wp","href":"https:\/\/api.w.org\/{rel}","templated":true}]}}