{"id":39739,"date":"2023-12-22T23:56:27","date_gmt":"2023-12-22T23:56:27","guid":{"rendered":"https:\/\/e.kosmolat.eu\/product\/dp-prof-augsti-koncentr-velas-mikstin-bez-alergeniem-600-ml\/"},"modified":"2026-04-22T12:11:12","modified_gmt":"2026-04-22T12:11:12","slug":"dp-prof-augsti-koncentr-velas-mikstin-bez-alergeniem-600-ml","status":"publish","type":"product","link":"https:\/\/e.kosmolat.eu\/lt\/produktas\/dp-prof-augsti-koncentr-velas-mikstin-bez-alergeniem-600-ml\/","title":{"rendered":"DUAL POWER  Itin koncentruotas audini\u0173 mink\u0161tiklis Be alergen\u0173, 600 ml"},"content":{"rendered":"<p>Be alergen\u0173, itin koncentruotas \u0161velnaus kvapo &bdquo;Dual Power&ldquo; audini\u0173 mink\u0161tiklis, idealiai tinkantis vaiki\u0161kiems drabu\u017eiams ir labai jautriai odai. Jis yra saugesnis d\u0117l dermatologi\u0161kai patikrintos formul\u0117s, be da\u017eikli\u0173 ir silikon\u0173, praturtinto nat\u016braliu mink\u0161tinam\u0173j\u0173 savybi\u0173 turin\u010diu alavij\u0173 ekstraktu ir pieno r\u016bg\u0161timi, kuri veikia kaip nat\u016bralus pH balansuotojas. Sud\u0117tyje n\u0117ra izotiazolinon\u0173 kaip konservant\u0173. Dozavimas: 4-5 kg skalbini\u0173 \u012fpilti 15 ml produkto, 6-8 kg skalbini\u0173 \u012fpilti 28 ml produkto. Kad aromatas b\u016bt\u0173 ry\u0161kesnis, \u012f nurodyt\u0105 doz\u0119 \u012fpilkite dar 10 ml produkto.<\/p>\n<p><strong>Sud\u0117tis:<\/strong> 5 % arba daugiau, bet ma\u017eiau kaip 15 % katijonini\u0173 aktyvi\u0173j\u0173 pavir&scaron;inio med\u017eiagos. Kvapai.<\/p>\n<p>P101 Jei reikalinga gydytojo konsultacija, su savimi tur\u0117kite produkto talpykl\u0105 ar jo etiket\u0119.<br \/>\nP102 Laikyti vaikams neprieinamoje vietoje.<br \/>\nP103 Prie&scaron; naudojim\u0105 perskaityti.<\/p>\n","protected":false},"excerpt":{"rendered":"<p>Be alergen\u0173, itin koncentruotas \u0161velnaus kvapo &bdquo;Dual Power&ldquo; audini\u0173 mink\u0161tiklis, idealiai tinkantis vaiki\u0161kiems drabu\u017eiams ir labai jautriai odai. Jis yra saugesnis d\u0117l dermatologi\u0161kai patikrintos formul\u0117s, be da\u017eikli\u0173 ir silikon\u0173, praturtinto nat\u016braliu mink\u0161tinam\u0173j\u0173 savybi\u0173 turin\u010diu alavij\u0173 ekstraktu ir pieno r\u016bg\u0161timi, kuri veikia kaip nat\u016bralus pH balansuotojas. Sud\u0117tyje n\u0117ra izotiazolinon\u0173 kaip konservant\u0173. Dozavimas: 4-5 kg skalbini\u0173 \u012fpilti [&#8230;]\n","protected":false},"featured_media":102202,"template":"","meta":[],"product_cat":[2181],"product_tag":[],"class_list":{"0":"post-39739","1":"product","2":"type-product","3":"status-publish","4":"has-post-thumbnail","6":"product_brand-italchimica-it-lt","7":"product_cat-bez-kategorijas-lt","9":"first","10":"instock","11":"taxable","12":"shipping-taxable","13":"product-type-simple"},"_links":{"self":[{"href":"https:\/\/e.kosmolat.eu\/lt\/wp-json\/wp\/v2\/product\/39739","targetHints":{"allow":["GET"]}}],"collection":[{"href":"https:\/\/e.kosmolat.eu\/lt\/wp-json\/wp\/v2\/product"}],"about":[{"href":"https:\/\/e.kosmolat.eu\/lt\/wp-json\/wp\/v2\/types\/product"}],"wp:featuredmedia":[{"embeddable":true,"href":"https:\/\/e.kosmolat.eu\/lt\/wp-json\/wp\/v2\/media\/102202"}],"wp:attachment":[{"href":"https:\/\/e.kosmolat.eu\/lt\/wp-json\/wp\/v2\/media?parent=39739"}],"wp:term":[{"taxonomy":"product_cat","embeddable":true,"href":"https:\/\/e.kosmolat.eu\/lt\/wp-json\/wp\/v2\/product_cat?post=39739"},{"taxonomy":"product_tag","embeddable":true,"href":"https:\/\/e.kosmolat.eu\/lt\/wp-json\/wp\/v2\/product_tag?post=39739"}],"curies":[{"name":"wp","href":"https:\/\/api.w.org\/{rel}","templated":true}]}}