{"id":39731,"date":"2023-12-22T23:55:32","date_gmt":"2023-12-22T23:55:32","guid":{"rendered":"https:\/\/e.kosmolat.eu\/product\/dp-koncentr-velas-mikstin-flamingo-600-ml\/"},"modified":"2026-04-23T09:30:44","modified_gmt":"2026-04-23T09:30:44","slug":"dp-koncentr-velas-mikstin-flamingo-600-ml","status":"publish","type":"product","link":"https:\/\/e.kosmolat.eu\/lt\/produktas\/dp-koncentr-velas-mikstin-flamingo-600-ml\/","title":{"rendered":"DUAL POWER  Koncentruotas audini\u0173 mink\u0161tiklis Flamingo, 600 ml"},"content":{"rendered":"<p>D\u0117l koncentruotos mink\u0161tiklio formul\u0117s lyginimas tampa lengvesnis, o drabu\u017eiai \u012fgauna malon\u0173 g\u0117li\u0173 kvap\u0105. 0% da\u017eikli\u0173 &#8211; Dermatologi\u0161kai patikrinta &#8211;&nbsp;Malonus aromatas ilg\u0105 laik\u0105 garantuotas.<\/p>\n<p><strong>Dozavimas:<\/strong> 4-5 kg skalbini\u0173 \u012fpilti 25 ml produkto, 6-8 kg skalbini\u0173 \u012fpilti 35 ml produkto. Kad aromatas b\u016bt\u0173 ry\u0161kesnis, \u012f nurodyt\u0105 doz\u0119 \u012fpilkite dar 10 ml produkto.<\/p>\n<p><strong>Sud\u0117tis:<\/strong> 5 % arba daugiau, bet ma\u017eiau kaip 15 % katijonini\u0173 aktyvi\u0173j\u0173 pavir&scaron;inio med\u017eiagos. Kvapai\/ Hexyl Cinnamal. Konservavimo med\u017eiaga: Benzisothiazolinone\/ Methylchloroisothiazolinone\/ Methylisothiazolinone.<\/p>\n<p><strong>EUH208<\/strong> Sud\u0117tyje yra: 1,2-benzizotiazol -3(2H)-onas , 5-chlor-2-metil-2H-izotiazol-3- ono ir 2-metil-2H-izotiazol-3-ono reakcijos mas\u0117 (3:1). Gali sukelti alergin\u0119 reakcij\u0105.<br \/>\nP101 Jei reikalinga gydytojo konsultacija, su savimi tur\u0117kite produkto talpykl\u0105 ar jo etiket\u0119.<br \/>\nP102 Laikyti vaikams neprieinamoje vietoje.<br \/>\nP103 Prie&scaron; naudojim\u0105 perskaityti.<\/p>\n","protected":false},"excerpt":{"rendered":"<p>D\u0117l koncentruotos mink\u0161tiklio formul\u0117s lyginimas tampa lengvesnis, o drabu\u017eiai \u012fgauna malon\u0173 g\u0117li\u0173 kvap\u0105. 0% da\u017eikli\u0173 &#8211; Dermatologi\u0161kai patikrinta &#8211;&nbsp;Malonus aromatas ilg\u0105 laik\u0105 garantuotas. Dozavimas: 4-5 kg skalbini\u0173 \u012fpilti 25 ml produkto, 6-8 kg skalbini\u0173 \u012fpilti 35 ml produkto. Kad aromatas b\u016bt\u0173 ry\u0161kesnis, \u012f nurodyt\u0105 doz\u0119 \u012fpilkite dar 10 ml produkto. Sud\u0117tis: 5 % arba daugiau, [&#8230;]\n","protected":false},"featured_media":99750,"template":"","meta":[],"product_cat":[1712],"product_tag":[],"class_list":{"0":"post-39731","1":"product","2":"type-product","3":"status-publish","4":"has-post-thumbnail","6":"product_brand-italchimica-it-lt","7":"product_cat-audiniu-minkstikliai","9":"first","10":"instock","11":"taxable","12":"shipping-taxable","13":"product-type-simple"},"_links":{"self":[{"href":"https:\/\/e.kosmolat.eu\/lt\/wp-json\/wp\/v2\/product\/39731","targetHints":{"allow":["GET"]}}],"collection":[{"href":"https:\/\/e.kosmolat.eu\/lt\/wp-json\/wp\/v2\/product"}],"about":[{"href":"https:\/\/e.kosmolat.eu\/lt\/wp-json\/wp\/v2\/types\/product"}],"wp:featuredmedia":[{"embeddable":true,"href":"https:\/\/e.kosmolat.eu\/lt\/wp-json\/wp\/v2\/media\/99750"}],"wp:attachment":[{"href":"https:\/\/e.kosmolat.eu\/lt\/wp-json\/wp\/v2\/media?parent=39731"}],"wp:term":[{"taxonomy":"product_cat","embeddable":true,"href":"https:\/\/e.kosmolat.eu\/lt\/wp-json\/wp\/v2\/product_cat?post=39731"},{"taxonomy":"product_tag","embeddable":true,"href":"https:\/\/e.kosmolat.eu\/lt\/wp-json\/wp\/v2\/product_tag?post=39731"}],"curies":[{"name":"wp","href":"https:\/\/api.w.org\/{rel}","templated":true}]}}