{"id":39711,"date":"2023-12-22T23:53:36","date_gmt":"2023-12-22T23:53:36","guid":{"rendered":"https:\/\/e.kosmolat.eu\/product\/shik-nectar-kr-ziepes-pomelo-un-mangostins-125-g\/"},"modified":"2026-04-17T07:55:17","modified_gmt":"2026-04-17T07:55:17","slug":"shik-nectar-kr-ziepes-pomelo-un-mangostins-125-g","status":"publish","type":"product","link":"https:\/\/e.kosmolat.eu\/lt\/produktas\/shik-nectar-kr-ziepes-pomelo-un-mangostins-125-g\/","title":{"rendered":"SHIK NECTAR Tualetinis muilas- kremas Pomelo ir mangostanai, 125 g"},"content":{"rendered":"<p><strong>Atsargumo priemon\u0117s: <\/strong>Patekus \u012f akis, kruop\u0161\u010diai nuplaukite tekan\u010diu vandeniu.<\/p>\n<p><strong>Sand\u0117liavimas: <\/strong>laikyti sausose, u\u017edarose, gerai v\u0117dinamose patalpose.<\/p>\n<p><strong>Geriausias iki: <\/strong>5 metai nuo pagaminimo datos.<br \/>\n&nbsp;<\/p>\n","protected":false},"excerpt":{"rendered":"<p>Atsargumo priemon\u0117s: Patekus \u012f akis, kruop\u0161\u010diai nuplaukite tekan\u010diu vandeniu. Sand\u0117liavimas: laikyti sausose, u\u017edarose, gerai v\u0117dinamose patalpose. Geriausias iki: 5 metai nuo pagaminimo datos. &nbsp;<\/p>\n","protected":false},"featured_media":100044,"template":"","meta":[],"product_cat":[2181],"product_tag":[],"class_list":{"0":"post-39711","1":"product","2":"type-product","3":"status-publish","4":"has-post-thumbnail","6":"product_brand-slobozanskij-milovar_ua-lt","7":"product_cat-bez-kategorijas-lt","9":"first","10":"instock","11":"taxable","12":"shipping-taxable","13":"product-type-simple"},"_links":{"self":[{"href":"https:\/\/e.kosmolat.eu\/lt\/wp-json\/wp\/v2\/product\/39711","targetHints":{"allow":["GET"]}}],"collection":[{"href":"https:\/\/e.kosmolat.eu\/lt\/wp-json\/wp\/v2\/product"}],"about":[{"href":"https:\/\/e.kosmolat.eu\/lt\/wp-json\/wp\/v2\/types\/product"}],"wp:featuredmedia":[{"embeddable":true,"href":"https:\/\/e.kosmolat.eu\/lt\/wp-json\/wp\/v2\/media\/100044"}],"wp:attachment":[{"href":"https:\/\/e.kosmolat.eu\/lt\/wp-json\/wp\/v2\/media?parent=39711"}],"wp:term":[{"taxonomy":"product_cat","embeddable":true,"href":"https:\/\/e.kosmolat.eu\/lt\/wp-json\/wp\/v2\/product_cat?post=39711"},{"taxonomy":"product_tag","embeddable":true,"href":"https:\/\/e.kosmolat.eu\/lt\/wp-json\/wp\/v2\/product_tag?post=39711"}],"curies":[{"name":"wp","href":"https:\/\/api.w.org\/{rel}","templated":true}]}}