{"id":39703,"date":"2023-12-22T23:52:54","date_gmt":"2023-12-22T23:52:54","guid":{"rendered":"https:\/\/e.kosmolat.eu\/product\/shik-nectar-kr-ziepes-avokado-un-aprikoze-125-g\/"},"modified":"2026-04-13T12:47:59","modified_gmt":"2026-04-13T12:47:59","slug":"shik-nectar-kr-ziepes-avokado-un-aprikoze-125-g","status":"publish","type":"product","link":"https:\/\/e.kosmolat.eu\/lt\/produktas\/shik-nectar-kr-ziepes-avokado-un-aprikoze-125-g\/","title":{"rendered":"SHIK NECTAR Tualetinis muilas- kremas Avokadai ir abrikosai, 125 g"},"content":{"rendered":"<p><strong>Atsargumo priemon\u0117s: <\/strong>Patekus \u012f akis, kruop\u0161\u010diai nuplaukite tekan\u010diu vandeniu.<\/p>\n<p><strong>Sand\u0117liavimas: <\/strong>laikyti sausose, u\u017edarose, gerai v\u0117dinamose patalpose.<\/p>\n<p><strong>Geriausias iki:<\/strong> 5 metai nuo pagaminimo datos.<br \/>\n&nbsp;<\/p>\n","protected":false},"excerpt":{"rendered":"<p>Atsargumo priemon\u0117s: Patekus \u012f akis, kruop\u0161\u010diai nuplaukite tekan\u010diu vandeniu. Sand\u0117liavimas: laikyti sausose, u\u017edarose, gerai v\u0117dinamose patalpose. Geriausias iki: 5 metai nuo pagaminimo datos. &nbsp;<\/p>\n","protected":false},"featured_media":100853,"template":"","meta":[],"product_cat":[1609],"product_tag":[],"class_list":{"0":"post-39703","1":"product","2":"type-product","3":"status-publish","4":"has-post-thumbnail","6":"product_brand-slobozanskij-milovar_ua-lt","7":"product_cat-muilas","9":"first","10":"instock","11":"taxable","12":"shipping-taxable","13":"product-type-simple"},"_links":{"self":[{"href":"https:\/\/e.kosmolat.eu\/lt\/wp-json\/wp\/v2\/product\/39703","targetHints":{"allow":["GET"]}}],"collection":[{"href":"https:\/\/e.kosmolat.eu\/lt\/wp-json\/wp\/v2\/product"}],"about":[{"href":"https:\/\/e.kosmolat.eu\/lt\/wp-json\/wp\/v2\/types\/product"}],"wp:featuredmedia":[{"embeddable":true,"href":"https:\/\/e.kosmolat.eu\/lt\/wp-json\/wp\/v2\/media\/100853"}],"wp:attachment":[{"href":"https:\/\/e.kosmolat.eu\/lt\/wp-json\/wp\/v2\/media?parent=39703"}],"wp:term":[{"taxonomy":"product_cat","embeddable":true,"href":"https:\/\/e.kosmolat.eu\/lt\/wp-json\/wp\/v2\/product_cat?post=39703"},{"taxonomy":"product_tag","embeddable":true,"href":"https:\/\/e.kosmolat.eu\/lt\/wp-json\/wp\/v2\/product_tag?post=39703"}],"curies":[{"name":"wp","href":"https:\/\/api.w.org\/{rel}","templated":true}]}}