{"id":39695,"date":"2023-12-22T23:51:59","date_gmt":"2023-12-22T23:51:59","guid":{"rendered":"https:\/\/e.kosmolat.eu\/product\/cl-id-ada-mazg-zeleja-dzilas-iedarb-115-ml\/"},"modified":"2026-03-19T10:59:09","modified_gmt":"2026-03-19T10:59:09","slug":"cl-id-ada-mazg-zeleja-dzilas-iedarb-115-ml","status":"publish","type":"product","link":"https:\/\/e.kosmolat.eu\/lt\/produktas\/cl-id-ada-mazg-zeleja-dzilas-iedarb-115-ml\/","title":{"rendered":"\u010cISTAJA LINIJA Prausimosi gelis gilaus poveikio vaista\u017eoli\u0173 nuoviro pagrindu, 115 ml"},"content":{"rendered":"<p>Giliai valantis gelis su alavij\u0173 ekstraktu. Riebiai ir mi\u0161riai odai. 97% nat\u016bralios kilm\u0117s komponent\u0173. &nbsp;Essence Nature Plus &ndash; 5 ekstraktai ir aliejai: verben\u0173 ekstraktas, bij\u016bn\u0173 ekstraktas, migdol\u0173, lin\u0173, alyvuogi\u0173 aliejai . Alavij\u0173 ekstraktas ramina ir tonizuoja od\u0105.<\/p>\n<p><strong>Naudojimas: <\/strong>nedidel\u012f kiek\u012f gelio \u012fmasa\u017euokite \u012f delnus, u\u017etepkite ant dr\u0117gnos veido odos, vengdami zonos aplink akis masa\u017euokite ir nuplaukite. Patekus \u012f akis, kruop\u0161\u010diai nuplaukite vandeniu Tai n\u0117ra vaistinis preparatas.<\/p>\n<p>Laikyti nuo 0&deg;C iki +25&deg;C temperat\u016broje.<br \/>\n&nbsp;<\/p>\n","protected":false},"excerpt":{"rendered":"<p>Giliai valantis gelis su alavij\u0173 ekstraktu. Riebiai ir mi\u0161riai odai. 97% nat\u016bralios kilm\u0117s komponent\u0173. &nbsp;Essence Nature Plus &ndash; 5 ekstraktai ir aliejai: verben\u0173 ekstraktas, bij\u016bn\u0173 ekstraktas, migdol\u0173, lin\u0173, alyvuogi\u0173 aliejai . Alavij\u0173 ekstraktas ramina ir tonizuoja od\u0105. Naudojimas: nedidel\u012f kiek\u012f gelio \u012fmasa\u017euokite \u012f delnus, u\u017etepkite ant dr\u0117gnos veido odos, vengdami zonos aplink akis masa\u017euokite ir [&#8230;]\n","protected":false},"featured_media":97582,"template":"","meta":[],"product_cat":[1577],"product_tag":[],"class_list":{"0":"post-39695","1":"product","2":"type-product","3":"status-publish","4":"has-post-thumbnail","6":"product_brand-unilever-ua-lt","7":"product_cat-gelis","9":"first","10":"outofstock","11":"taxable","12":"shipping-taxable","13":"product-type-simple"},"_links":{"self":[{"href":"https:\/\/e.kosmolat.eu\/lt\/wp-json\/wp\/v2\/product\/39695","targetHints":{"allow":["GET"]}}],"collection":[{"href":"https:\/\/e.kosmolat.eu\/lt\/wp-json\/wp\/v2\/product"}],"about":[{"href":"https:\/\/e.kosmolat.eu\/lt\/wp-json\/wp\/v2\/types\/product"}],"wp:featuredmedia":[{"embeddable":true,"href":"https:\/\/e.kosmolat.eu\/lt\/wp-json\/wp\/v2\/media\/97582"}],"wp:attachment":[{"href":"https:\/\/e.kosmolat.eu\/lt\/wp-json\/wp\/v2\/media?parent=39695"}],"wp:term":[{"taxonomy":"product_cat","embeddable":true,"href":"https:\/\/e.kosmolat.eu\/lt\/wp-json\/wp\/v2\/product_cat?post=39695"},{"taxonomy":"product_tag","embeddable":true,"href":"https:\/\/e.kosmolat.eu\/lt\/wp-json\/wp\/v2\/product_tag?post=39695"}],"curies":[{"name":"wp","href":"https:\/\/api.w.org\/{rel}","templated":true}]}}