{"id":39675,"date":"2023-12-22T23:49:30","date_gmt":"2023-12-22T23:49:30","guid":{"rendered":"https:\/\/e.kosmolat.eu\/product\/hyaluron-dh-sejas-kr-40-intens-mitrin-un-lift-48-g\/"},"modified":"2025-05-16T10:22:32","modified_gmt":"2025-05-16T10:22:32","slug":"hyaluron-dh-sejas-kr-40-intens-mitrin-un-lift-48-g","status":"publish","type":"product","link":"https:\/\/e.kosmolat.eu\/lt\/produktas\/hyaluron-dh-sejas-kr-40-intens-mitrin-un-lift-48-g\/","title":{"rendered":"HYALURON Deep Hydration Veido kremas 40+ Intensyvus dr\u0117kinimas ir stangrinimas, 48 g"},"content":{"rendered":"<p>Kompozicijos naujov\u0117 &ndash; 2 r\u016b\u0161i\u0173 r\u016bg\u0161\u010di\u0173 derinys: hialurono ir poliglutamo su kitomis veikliosiomis med\u017eiagomis u\u017etikrina visapusi\u0161k\u0105 kov\u0105 su su am\u017eiumi susijusiais odos tr\u016bkumais.<\/p>\n<p>Poliglutamo r\u016bg\u0161tis veikia kaip hialurono r\u016bg\u0161ties apsauga, u\u017ekertanti keli\u0105 jos sunaikinimui ir pa\u0161alinimui i\u0161 odos. Jis turi &bdquo;super&ldquo; sugeb\u0117jim\u0105 pritraukti vandens molekules, 2,5 karto ir daugiau nei hialurono r\u016bg\u0161tis. Tai polipeptidinis biopolimeras, efektyviai reguliuojantis odos dr\u0117gm\u0117s lyg\u012f, stipriai pritraukiantis vanden\u012f i\u0161 i\u0161orin\u0117s aplinkos. Didina keramid\u0173 gamyb\u0105, kontroliuoja odos atsinaujinimo procesus. Dviej\u0173 r\u016bg\u0161\u010di\u0173 rinkinys yra puikus intensyvus keli\u0173 lygi\u0173 sprendimas sausai, dehidratuotai, senstan\u010diai, probleminei odai.<\/p>\n<p>Didel\u0117s molekulin\u0117s mas\u0117s poliglutamo r\u016bg\u0161tis:<br \/>\n&bull; atkuria nat\u016bral\u0173 odos dr\u0117gm\u0117s lyg\u012f, akimirksniu pa\u0161alina tempimo jausm\u0105;<br \/>\n&bull; \u0161alina dirginim\u0105, didina odos elastingum\u0105;<br \/>\n&bull; atkuria tonus\u0105, lygina rauk\u0161les.<\/p>\n<p>95 % ma\u017eos molekulin\u0117s mas\u0117s hialurono r\u016bg\u0161tis:<br \/>\n&bull; aktyvina l\u0105steli\u0173 atsinaujinim\u0105;<br \/>\n&bull; skatina tarpl\u0105stelin\u0117s matricos atsistatym\u0105;<br \/>\n&bull; apsaugo nuo odos sen\u0117jimo, gr\u0105\u017eina jai gyvybingum\u0105 ir spindes\u012f.<\/p>\n<p>Keramidai atkuria odos lipidin\u012f barjer\u0105, efektyviai \u0161alina lupim\u0105si, sudirgimus transformuoti pavargusi\u0105 od\u0105. Jie kompensuoja nuosavos lipid\u0173 sintez\u0117s suma\u017e\u0117jim\u0105, pagreitina regeneracijos procesus.<\/p>\n<p><strong>Naudojimas: <\/strong>nedidel\u012f kiek\u012f kremo u\u017etepkite ant \u0161varios veido ir kaklo odos i\u0161ilgai masa\u017eo linij\u0173. Tinka visiems odos tipams. Gali b\u016bti naudojamas kaip makia\u017eo pagrindas.<\/p>\n<p>Laikyti nuo 5&deg;C iki 25&deg;C temperat\u016broje. Venkite tiesiogini\u0173 saul\u0117s spinduli\u0173.<\/p>\n<p><strong>Geriausias: <\/strong>36 m\u0117n. nuo pagaminimo datos<br \/>\n&nbsp;<\/p>\n","protected":false},"excerpt":{"rendered":"<p>Kompozicijos naujov\u0117 &ndash; 2 r\u016b\u0161i\u0173 r\u016bg\u0161\u010di\u0173 derinys: hialurono ir poliglutamo su kitomis veikliosiomis med\u017eiagomis u\u017etikrina visapusi\u0161k\u0105 kov\u0105 su su am\u017eiumi susijusiais odos tr\u016bkumais. Poliglutamo r\u016bg\u0161tis veikia kaip hialurono r\u016bg\u0161ties apsauga, u\u017ekertanti keli\u0105 jos sunaikinimui ir pa\u0161alinimui i\u0161 odos. Jis turi &bdquo;super&ldquo; sugeb\u0117jim\u0105 pritraukti vandens molekules, 2,5 karto ir daugiau nei hialurono r\u016bg\u0161tis. Tai polipeptidinis biopolimeras, [&#8230;]\n","protected":false},"featured_media":13513,"template":"","meta":[],"product_cat":[1322],"product_tag":[],"class_list":{"0":"post-39675","1":"product","2":"type-product","3":"status-publish","4":"has-post-thumbnail","6":"product_brand-belkosmex_by-lt","7":"product_cat-veido-kremai","9":"first","10":"outofstock","11":"taxable","12":"shipping-taxable","13":"product-type-simple"},"_links":{"self":[{"href":"https:\/\/e.kosmolat.eu\/lt\/wp-json\/wp\/v2\/product\/39675","targetHints":{"allow":["GET"]}}],"collection":[{"href":"https:\/\/e.kosmolat.eu\/lt\/wp-json\/wp\/v2\/product"}],"about":[{"href":"https:\/\/e.kosmolat.eu\/lt\/wp-json\/wp\/v2\/types\/product"}],"wp:featuredmedia":[{"embeddable":true,"href":"https:\/\/e.kosmolat.eu\/lt\/wp-json\/wp\/v2\/media\/13513"}],"wp:attachment":[{"href":"https:\/\/e.kosmolat.eu\/lt\/wp-json\/wp\/v2\/media?parent=39675"}],"wp:term":[{"taxonomy":"product_cat","embeddable":true,"href":"https:\/\/e.kosmolat.eu\/lt\/wp-json\/wp\/v2\/product_cat?post=39675"},{"taxonomy":"product_tag","embeddable":true,"href":"https:\/\/e.kosmolat.eu\/lt\/wp-json\/wp\/v2\/product_tag?post=39675"}],"curies":[{"name":"wp","href":"https:\/\/api.w.org\/{rel}","templated":true}]}}