{"id":39671,"date":"2023-12-22T23:49:12","date_gmt":"2023-12-22T23:49:12","guid":{"rendered":"https:\/\/e.kosmolat.eu\/product\/soffione-premio-tual-papirs-ar-persika-arom-24-rulli-3-kart\/"},"modified":"2025-05-01T09:05:46","modified_gmt":"2025-05-01T09:05:46","slug":"soffione-premio-tual-papirs-ar-persika-arom-24-rulli-3-kart","status":"publish","type":"product","link":"https:\/\/e.kosmolat.eu\/lt\/produktas\/soffione-premio-tual-papirs-ar-persika-arom-24-rulli-3-kart\/","title":{"rendered":"SOFFIONE PREMIO Persik\u0173 kvapo tualetinis popierius, 3 sluoksni\u0173, 24 ritin\u0117liai"},"content":{"rendered":"<p>100% perdirbtas pluo\u0161tas. Laikyti sausoje vietoje. Galiojimo neribotas. Geriausias iki: 2 metai nuo pagaminimo datos.<\/p>\n","protected":false},"excerpt":{"rendered":"<p>100% perdirbtas pluo\u0161tas. Laikyti sausoje vietoje. Galiojimo neribotas. Geriausias iki: 2 metai nuo pagaminimo datos.<\/p>\n","protected":false},"featured_media":13505,"template":"","meta":[],"product_cat":[1980],"product_tag":[],"class_list":{"0":"post-39671","1":"product","2":"type-product","3":"status-publish","4":"has-post-thumbnail","6":"product_brand-paper-kiev_ua-lt","7":"product_cat-tualetinis-popierius","9":"first","10":"instock","11":"taxable","12":"shipping-taxable","13":"product-type-simple"},"_links":{"self":[{"href":"https:\/\/e.kosmolat.eu\/lt\/wp-json\/wp\/v2\/product\/39671","targetHints":{"allow":["GET"]}}],"collection":[{"href":"https:\/\/e.kosmolat.eu\/lt\/wp-json\/wp\/v2\/product"}],"about":[{"href":"https:\/\/e.kosmolat.eu\/lt\/wp-json\/wp\/v2\/types\/product"}],"wp:featuredmedia":[{"embeddable":true,"href":"https:\/\/e.kosmolat.eu\/lt\/wp-json\/wp\/v2\/media\/13505"}],"wp:attachment":[{"href":"https:\/\/e.kosmolat.eu\/lt\/wp-json\/wp\/v2\/media?parent=39671"}],"wp:term":[{"taxonomy":"product_cat","embeddable":true,"href":"https:\/\/e.kosmolat.eu\/lt\/wp-json\/wp\/v2\/product_cat?post=39671"},{"taxonomy":"product_tag","embeddable":true,"href":"https:\/\/e.kosmolat.eu\/lt\/wp-json\/wp\/v2\/product_tag?post=39671"}],"curies":[{"name":"wp","href":"https:\/\/api.w.org\/{rel}","templated":true}]}}