{"id":39667,"date":"2023-12-22T23:48:55","date_gmt":"2023-12-22T23:48:55","guid":{"rendered":"https:\/\/e.kosmolat.eu\/product\/divo-papira-dvieli-premio-grande-xl-2kart-500-lok\/"},"modified":"2026-04-14T15:28:03","modified_gmt":"2026-04-14T15:28:03","slug":"divo-papira-dvieli-premio-grande-xl-2kart-500-lok","status":"publish","type":"product","link":"https:\/\/e.kosmolat.eu\/lt\/produktas\/divo-papira-dvieli-premio-grande-xl-2kart-500-lok\/","title":{"rendered":"DIVO  Popieriniai rank\u0161luos\u010diai Grande XL, dvisluoksniai, 1 rulonas, 500 lap\u0173"},"content":{"rendered":"<p>Laikyti sausoje vietoje. Galiojimo neribotas.<\/p>\n","protected":false},"excerpt":{"rendered":"<p>Laikyti sausoje vietoje. Galiojimo neribotas.<\/p>\n","protected":false},"featured_media":103007,"template":"","meta":[],"product_cat":[1975],"product_tag":[],"class_list":{"0":"post-39667","1":"product","2":"type-product","3":"status-publish","4":"has-post-thumbnail","6":"product_brand-paper-kiev_ua-lt","7":"product_cat-popieriniai-ranksluosciai","9":"first","10":"instock","11":"taxable","12":"shipping-taxable","13":"product-type-simple"},"_links":{"self":[{"href":"https:\/\/e.kosmolat.eu\/lt\/wp-json\/wp\/v2\/product\/39667","targetHints":{"allow":["GET"]}}],"collection":[{"href":"https:\/\/e.kosmolat.eu\/lt\/wp-json\/wp\/v2\/product"}],"about":[{"href":"https:\/\/e.kosmolat.eu\/lt\/wp-json\/wp\/v2\/types\/product"}],"wp:featuredmedia":[{"embeddable":true,"href":"https:\/\/e.kosmolat.eu\/lt\/wp-json\/wp\/v2\/media\/103007"}],"wp:attachment":[{"href":"https:\/\/e.kosmolat.eu\/lt\/wp-json\/wp\/v2\/media?parent=39667"}],"wp:term":[{"taxonomy":"product_cat","embeddable":true,"href":"https:\/\/e.kosmolat.eu\/lt\/wp-json\/wp\/v2\/product_cat?post=39667"},{"taxonomy":"product_tag","embeddable":true,"href":"https:\/\/e.kosmolat.eu\/lt\/wp-json\/wp\/v2\/product_tag?post=39667"}],"curies":[{"name":"wp","href":"https:\/\/api.w.org\/{rel}","templated":true}]}}