{"id":39663,"date":"2023-12-22T23:48:39","date_gmt":"2023-12-22T23:48:39","guid":{"rendered":"https:\/\/e.kosmolat.eu\/product\/divo-papira-dvieli-premio-grande-2-kart-350-sloksnes\/"},"modified":"2026-04-14T15:27:51","modified_gmt":"2026-04-14T15:27:51","slug":"divo-papira-dvieli-premio-grande-2-kart-350-sloksnes","status":"publish","type":"product","link":"https:\/\/e.kosmolat.eu\/lt\/produktas\/divo-papira-dvieli-premio-grande-2-kart-350-sloksnes\/","title":{"rendered":"DIVO Grande popieriniai rank\u0161luos\u010diai, dvisluoksnis, 1 rulonas, 350 lap\u0173"},"content":{"rendered":"<p>Laikyti sausoje vietoje. Galiojimo neribotas.<\/p>\n","protected":false},"excerpt":{"rendered":"<p>Laikyti sausoje vietoje. Galiojimo neribotas.<\/p>\n","protected":false},"featured_media":101021,"template":"","meta":[],"product_cat":[1975],"product_tag":[],"class_list":{"0":"post-39663","1":"product","2":"type-product","3":"status-publish","4":"has-post-thumbnail","6":"product_brand-paper-kiev_ua-lt","7":"product_cat-popieriniai-ranksluosciai","9":"first","10":"instock","11":"taxable","12":"shipping-taxable","13":"product-type-simple"},"_links":{"self":[{"href":"https:\/\/e.kosmolat.eu\/lt\/wp-json\/wp\/v2\/product\/39663","targetHints":{"allow":["GET"]}}],"collection":[{"href":"https:\/\/e.kosmolat.eu\/lt\/wp-json\/wp\/v2\/product"}],"about":[{"href":"https:\/\/e.kosmolat.eu\/lt\/wp-json\/wp\/v2\/types\/product"}],"wp:featuredmedia":[{"embeddable":true,"href":"https:\/\/e.kosmolat.eu\/lt\/wp-json\/wp\/v2\/media\/101021"}],"wp:attachment":[{"href":"https:\/\/e.kosmolat.eu\/lt\/wp-json\/wp\/v2\/media?parent=39663"}],"wp:term":[{"taxonomy":"product_cat","embeddable":true,"href":"https:\/\/e.kosmolat.eu\/lt\/wp-json\/wp\/v2\/product_cat?post=39663"},{"taxonomy":"product_tag","embeddable":true,"href":"https:\/\/e.kosmolat.eu\/lt\/wp-json\/wp\/v2\/product_tag?post=39663"}],"curies":[{"name":"wp","href":"https:\/\/api.w.org\/{rel}","templated":true}]}}