{"id":39659,"date":"2023-12-22T23:48:19","date_gmt":"2023-12-22T23:48:19","guid":{"rendered":"https:\/\/e.kosmolat.eu\/product\/soffipro-basic-papira-dvieli-3-rulli-2-kartas-peleki\/"},"modified":"2026-01-13T10:59:44","modified_gmt":"2026-01-13T10:59:44","slug":"soffipro-basic-papira-dvieli-3-rulli-2-kartas-peleki","status":"publish","type":"product","link":"https:\/\/e.kosmolat.eu\/lt\/produktas\/soffipro-basic-papira-dvieli-3-rulli-2-kartas-peleki\/","title":{"rendered":"SOFFIPRO BASIC Popieriniai rank\u0161luos\u010diai, dvisluoksniai, pilki, 3 ritin\u0117liai"},"content":{"rendered":"<p>23&#215;22 cm, 110m\/ritinys. 100% perdirbtas pluo\u0161tas.Laikyti sausoje vietoje. Galiojimo neribotas.<\/p>\n","protected":false},"excerpt":{"rendered":"<p>23&#215;22 cm, 110m\/ritinys. 100% perdirbtas pluo\u0161tas.Laikyti sausoje vietoje. Galiojimo neribotas.<\/p>\n","protected":false},"featured_media":101370,"template":"","meta":[],"product_cat":[2181],"product_tag":[],"class_list":{"0":"post-39659","1":"product","2":"type-product","3":"status-publish","4":"has-post-thumbnail","6":"product_brand-paper-kiev_ua-lt","7":"product_cat-bez-kategorijas-lt","9":"first","10":"instock","11":"taxable","12":"shipping-taxable","13":"product-type-simple"},"_links":{"self":[{"href":"https:\/\/e.kosmolat.eu\/lt\/wp-json\/wp\/v2\/product\/39659","targetHints":{"allow":["GET"]}}],"collection":[{"href":"https:\/\/e.kosmolat.eu\/lt\/wp-json\/wp\/v2\/product"}],"about":[{"href":"https:\/\/e.kosmolat.eu\/lt\/wp-json\/wp\/v2\/types\/product"}],"wp:featuredmedia":[{"embeddable":true,"href":"https:\/\/e.kosmolat.eu\/lt\/wp-json\/wp\/v2\/media\/101370"}],"wp:attachment":[{"href":"https:\/\/e.kosmolat.eu\/lt\/wp-json\/wp\/v2\/media?parent=39659"}],"wp:term":[{"taxonomy":"product_cat","embeddable":true,"href":"https:\/\/e.kosmolat.eu\/lt\/wp-json\/wp\/v2\/product_cat?post=39659"},{"taxonomy":"product_tag","embeddable":true,"href":"https:\/\/e.kosmolat.eu\/lt\/wp-json\/wp\/v2\/product_tag?post=39659"}],"curies":[{"name":"wp","href":"https:\/\/api.w.org\/{rel}","templated":true}]}}