{"id":39655,"date":"2023-12-22T23:48:00","date_gmt":"2023-12-22T23:48:00","guid":{"rendered":"https:\/\/e.kosmolat.eu\/product\/soffipro-basic-v-veida-loci-papira-dvieli-250-gab\/"},"modified":"2026-04-10T12:02:32","modified_gmt":"2026-04-10T12:02:32","slug":"soffipro-basic-v-veida-loci-papira-dvieli-250-gab","status":"publish","type":"product","link":"https:\/\/e.kosmolat.eu\/lt\/produktas\/soffipro-basic-v-veida-loci-papira-dvieli-250-gab\/","title":{"rendered":"SOFFIPRO BASIC V formos popieriniai rank\u0161luos\u010diai, viensluoksniai, violetiniai, 250 vnt."},"content":{"rendered":"<p>21&#215;24 cm.100% perdirbtas pluo\u0161tas. Laikyti sausoje vietoje. Galiojimo laikas neribotas.<\/p>\n","protected":false},"excerpt":{"rendered":"<p>21&#215;24 cm.100% perdirbtas pluo\u0161tas. Laikyti sausoje vietoje. Galiojimo laikas neribotas.<\/p>\n","protected":false},"featured_media":103181,"template":"","meta":[],"product_cat":[1808],"product_tag":[],"class_list":{"0":"post-39655","1":"product","2":"type-product","3":"status-publish","4":"has-post-thumbnail","6":"product_brand-paper-kiev_ua-lt","7":"product_cat-dregnos-serveteles-ir-nosines","9":"first","10":"instock","11":"taxable","12":"shipping-taxable","13":"product-type-simple"},"_links":{"self":[{"href":"https:\/\/e.kosmolat.eu\/lt\/wp-json\/wp\/v2\/product\/39655","targetHints":{"allow":["GET"]}}],"collection":[{"href":"https:\/\/e.kosmolat.eu\/lt\/wp-json\/wp\/v2\/product"}],"about":[{"href":"https:\/\/e.kosmolat.eu\/lt\/wp-json\/wp\/v2\/types\/product"}],"wp:featuredmedia":[{"embeddable":true,"href":"https:\/\/e.kosmolat.eu\/lt\/wp-json\/wp\/v2\/media\/103181"}],"wp:attachment":[{"href":"https:\/\/e.kosmolat.eu\/lt\/wp-json\/wp\/v2\/media?parent=39655"}],"wp:term":[{"taxonomy":"product_cat","embeddable":true,"href":"https:\/\/e.kosmolat.eu\/lt\/wp-json\/wp\/v2\/product_cat?post=39655"},{"taxonomy":"product_tag","embeddable":true,"href":"https:\/\/e.kosmolat.eu\/lt\/wp-json\/wp\/v2\/product_tag?post=39655"}],"curies":[{"name":"wp","href":"https:\/\/api.w.org\/{rel}","templated":true}]}}