{"id":39651,"date":"2023-12-22T23:47:30","date_gmt":"2023-12-22T23:47:30","guid":{"rendered":"https:\/\/e.kosmolat.eu\/product\/sh-barojoss-roku-krems-72-ml\/"},"modified":"2025-07-07T05:50:56","modified_gmt":"2025-07-07T05:50:56","slug":"sh-barojoss-roku-krems-72-ml","status":"publish","type":"product","link":"https:\/\/e.kosmolat.eu\/lt\/produktas\/sh-barojoss-roku-krems-72-ml\/","title":{"rendered":"SILKY HANDS Maitinamasis rank\u0173 kremas, 72 ml"},"content":{"rendered":"<p>Intensyviai lygina od\u0105, daro j\u0105 &scaron;velnia ir mink&scaron;ta, suteikia rankoms i&scaron;puosel\u0117t\u0105 i&scaron;vaizd\u0105. Silk Oil Elixir formul\u0117 su mikroaliejais ir &scaron;ilko proteinais, sustiprinta hialuronu, giliai dr\u0117kina, atnaujina ir pa&scaron;alina 5 su sausa oda susijusias problemas: tempim\u0105, &scaron;iurk&scaron;tum\u0105, pleiskanojim\u0105, dr\u0117gm\u0117s praradim\u0105, elastingumo praradim\u0105. Naudojant krem\u0105 per ir nakt\u012f, prie\u017ei\u016bros efektyvumas padid\u0117ja 2 kartus. Dienos metu kremas maitina ir saugo od\u0105 nuo dr\u0117gm\u0117s praradimo, o specialus naktinis kremas apr\u016bpina od\u0105 maistin\u0117mis med\u017eiagomis intensyviam atsigavimui nakt\u012f.<\/p>\n<p><strong>Naudojimas:<\/strong> tepkite krem\u0105 ant &scaron;varios, sausos rank\u0173 odos, &scaron;velniai masa\u017euokite, kol visi&scaron;kai \u012fsigers. Naudokite pagal poreik\u012f.<\/p>\n<p>Laikyti nuo +0&deg;C iki +25&deg;C temperat\u016broje.<\/p>\n<p><strong>Geriausias:<\/strong> 36 m\u0117nesiai nuo pagaminimo datos. Atidarius sunaudoti per 6 m\u0117nesius.<br \/>\n&nbsp;<\/p>\n","protected":false},"excerpt":{"rendered":"<p>Intensyviai lygina od\u0105, daro j\u0105 &scaron;velnia ir mink&scaron;ta, suteikia rankoms i&scaron;puosel\u0117t\u0105 i&scaron;vaizd\u0105. Silk Oil Elixir formul\u0117 su mikroaliejais ir &scaron;ilko proteinais, sustiprinta hialuronu, giliai dr\u0117kina, atnaujina ir pa&scaron;alina 5 su sausa oda susijusias problemas: tempim\u0105, &scaron;iurk&scaron;tum\u0105, pleiskanojim\u0105, dr\u0117gm\u0117s praradim\u0105, elastingumo praradim\u0105. Naudojant krem\u0105 per ir nakt\u012f, prie\u017ei\u016bros efektyvumas padid\u0117ja 2 kartus. Dienos metu kremas maitina [&#8230;]\n","protected":false},"featured_media":13465,"template":"","meta":[],"product_cat":[2181],"product_tag":[],"class_list":{"0":"post-39651","1":"product","2":"type-product","3":"status-publish","4":"has-post-thumbnail","6":"product_brand-unilever-ua-lt","7":"product_cat-bez-kategorijas-lt","9":"first","10":"outofstock","11":"taxable","12":"shipping-taxable","13":"product-type-simple"},"_links":{"self":[{"href":"https:\/\/e.kosmolat.eu\/lt\/wp-json\/wp\/v2\/product\/39651","targetHints":{"allow":["GET"]}}],"collection":[{"href":"https:\/\/e.kosmolat.eu\/lt\/wp-json\/wp\/v2\/product"}],"about":[{"href":"https:\/\/e.kosmolat.eu\/lt\/wp-json\/wp\/v2\/types\/product"}],"wp:featuredmedia":[{"embeddable":true,"href":"https:\/\/e.kosmolat.eu\/lt\/wp-json\/wp\/v2\/media\/13465"}],"wp:attachment":[{"href":"https:\/\/e.kosmolat.eu\/lt\/wp-json\/wp\/v2\/media?parent=39651"}],"wp:term":[{"taxonomy":"product_cat","embeddable":true,"href":"https:\/\/e.kosmolat.eu\/lt\/wp-json\/wp\/v2\/product_cat?post=39651"},{"taxonomy":"product_tag","embeddable":true,"href":"https:\/\/e.kosmolat.eu\/lt\/wp-json\/wp\/v2\/product_tag?post=39651"}],"curies":[{"name":"wp","href":"https:\/\/api.w.org\/{rel}","templated":true}]}}