{"id":39635,"date":"2023-12-22T23:45:24","date_gmt":"2023-12-22T23:45:24","guid":{"rendered":"https:\/\/e.kosmolat.eu\/product\/dp-tualetes-poda-tir-zeleja-aplikuma-nonemsanai-700-ml\/"},"modified":"2026-04-21T13:27:04","modified_gmt":"2026-04-21T13:27:04","slug":"dp-tualetes-poda-tir-zeleja-aplikuma-nonemsanai-700-ml","status":"publish","type":"product","link":"https:\/\/e.kosmolat.eu\/lt\/produktas\/dp-tualetes-poda-tir-zeleja-aplikuma-nonemsanai-700-ml\/","title":{"rendered":"DUAL POWER Gelis tualeto dubeniui valyti ir kalki\u0173 nuos\u0117doms \u0161alinti, 700 ml"},"content":{"rendered":"<p>Kvapusis kalki\u0173 nuos\u0117d\u0173 valiklis tualeto higienai. Aktyvus net vandenyje, lengvai pa\u0161alina ne\u0161varumus ir kalki\u0173 nuos\u0117das i\u0161 labiausiai nepasiekiam\u0173 viet\u0173. Stipri valymo gelio formul\u0117 tolygiai prilimpa prie pavir\u0161i\u0173.<\/p>\n<p><strong>Naudojimas: <\/strong>Nor\u0117dami atidaryti pakuot\u0119, paspauskite pa\u017eym\u0117tus kra\u0161tus abiejose dangtelio pus\u0117se ir pasukite prie\u0161 laikrod\u017eio rodykl\u0119. U\u017etepkite gamin\u012f ant unitazo pavir\u0161iaus. Palikite gamin\u012f veikti bent 1 valand\u0105 u\u017edeng\u0119 klozeto dangt\u012f. Nuvalykite \u0161epet\u0117liu ir nuplaukite vandeniu. Nenaudokite ant metalo, emalio, marmuro ar kit\u0173 pavir\u0161i\u0173, kuriuos \u0161is gaminys gali pa\u017eeisti. Patekus ant bet kokio nekeraminio pavir\u0161iaus, nedelsiant nuplaukite vandeniu. \u012esitikinkite, kad po naudojimo ant pakuot\u0117s nelikt\u0173 liku\u010di\u0173, kad nepa\u017eeistum\u0117te nekeramini\u0173 pavir\u0161i\u0173.<\/p>\n<p><strong>Sud\u0117tis:<\/strong> ma\u017eiau kaip 5 % citrinos r\u016bg&scaron;ties,&nbsp; ma\u017eiau kaip 5 % nejonini\u0173&nbsp; aktyvi\u0173j\u0173 pavir&scaron;iaus med\u017eiag\u0173. Kvapai\/ Terpineol, Camphor, Terpinolene. &nbsp;Konservavimo med\u017eiaga: Methylchloroisothiazolinone\/ Methylisothiazolinone.<\/p>\n<p>&nbsp;<\/p>\n<p><strong>EUH208<\/strong> Sud\u0117tyje yra: 5-chlor-2-metil-2H-izotiazol-3- ono ir 2-metil-2H-izotiazol-3-ono reakcijos mas\u0117 (3:1). Gali sukelti alergin\u0119 reakcij\u0105.<br \/>\nP101 Jei reikalinga gydytojo konsultacija, su savimi tur\u0117kite produkto talpykl\u0105 ar jo etiket\u0119.<br \/>\nP102 Laikyti vaikams neprieinamoje vietoje<br \/>\nP103 Prie&scaron; naudojim\u0105 perskaityti.<\/p>\n","protected":false},"excerpt":{"rendered":"<p>Kvapusis kalki\u0173 nuos\u0117d\u0173 valiklis tualeto higienai. Aktyvus net vandenyje, lengvai pa\u0161alina ne\u0161varumus ir kalki\u0173 nuos\u0117das i\u0161 labiausiai nepasiekiam\u0173 viet\u0173. Stipri valymo gelio formul\u0117 tolygiai prilimpa prie pavir\u0161i\u0173. Naudojimas: Nor\u0117dami atidaryti pakuot\u0119, paspauskite pa\u017eym\u0117tus kra\u0161tus abiejose dangtelio pus\u0117se ir pasukite prie\u0161 laikrod\u017eio rodykl\u0119. U\u017etepkite gamin\u012f ant unitazo pavir\u0161iaus. Palikite gamin\u012f veikti bent 1 valand\u0105 u\u017edeng\u0119 klozeto [&#8230;]\n","protected":false},"featured_media":98567,"template":"","meta":[],"product_cat":[1453],"product_tag":[],"class_list":{"0":"post-39635","1":"product","2":"type-product","3":"status-publish","4":"has-post-thumbnail","6":"product_brand-italchimica-it-lt","7":"product_cat-vonios-kambariui-ir-tualetui","9":"first","10":"instock","11":"taxable","12":"shipping-taxable","13":"product-type-simple"},"_links":{"self":[{"href":"https:\/\/e.kosmolat.eu\/lt\/wp-json\/wp\/v2\/product\/39635","targetHints":{"allow":["GET"]}}],"collection":[{"href":"https:\/\/e.kosmolat.eu\/lt\/wp-json\/wp\/v2\/product"}],"about":[{"href":"https:\/\/e.kosmolat.eu\/lt\/wp-json\/wp\/v2\/types\/product"}],"wp:featuredmedia":[{"embeddable":true,"href":"https:\/\/e.kosmolat.eu\/lt\/wp-json\/wp\/v2\/media\/98567"}],"wp:attachment":[{"href":"https:\/\/e.kosmolat.eu\/lt\/wp-json\/wp\/v2\/media?parent=39635"}],"wp:term":[{"taxonomy":"product_cat","embeddable":true,"href":"https:\/\/e.kosmolat.eu\/lt\/wp-json\/wp\/v2\/product_cat?post=39635"},{"taxonomy":"product_tag","embeddable":true,"href":"https:\/\/e.kosmolat.eu\/lt\/wp-json\/wp\/v2\/product_tag?post=39635"}],"curies":[{"name":"wp","href":"https:\/\/api.w.org\/{rel}","templated":true}]}}