{"id":39611,"date":"2023-12-22T23:42:40","date_gmt":"2023-12-22T23:42:40","guid":{"rendered":"https:\/\/e.kosmolat.eu\/product\/dp-metalisko-visrmu-attaukotajs-sprejs-500-ml\/"},"modified":"2026-04-04T08:39:14","modified_gmt":"2026-04-04T08:39:14","slug":"dp-metalisko-visrmu-attaukotajs-sprejs-500-ml","status":"publish","type":"product","link":"https:\/\/e.kosmolat.eu\/lt\/produktas\/dp-metalisko-visrmu-attaukotajs-sprejs-500-ml\/","title":{"rendered":"DUAL POWER  Riebal\u0173 valiklis metaliniams pavir\u0161iams, 500 ml"},"content":{"rendered":"<p>Riebal\u0173 \u0161alinimo priemon\u0117, skirta vis\u0173 pavir\u0161i\u0173, virtuv\u0117s \u012frangos ir ind\u0173 valymui i\u0161 plieno, ner\u016bdijan\u010dio plieno, vario ir \u017ealvario. Giliai valo, be dry\u017ei\u0173 pa\u0161alina riebalus ir kalki\u0173 nuos\u0117das, palikdamas malon\u0173 kvap\u0105. Sudaro apsaugin\u0119 pl\u0117vel\u0119, kuri neleid\u017eia kauptis naujiems ne\u0161varumams ir kalki\u0173 nuos\u0117doms.<\/p>\n<p><strong>Naudojimas:<\/strong> Produktas paruo\u0161tas naudojimui. Purk\u0161kite ir tolygiai paskirstykite ant pavir\u0161iaus dr\u0117gnu skudur\u0117liu. Nuplaukite \u0161variu vandeniu.<\/p>\n<p><strong>Sud\u0117tis: <\/strong>ma\u017eiau kaip 5 % nejonini\u0173 &nbsp;aktyvi\u0173j\u0173 pavir\u0161iaus med\u017eiag\u0173. Kvapai. Konservavimo med\u017eiaga: Benzisothiazolinone\/ Methylchloroisothiazolinone\/ Methylisothiazolinone.<\/p>\n<p>&nbsp;<\/p>\n<p><strong>EUH208<\/strong><br \/>\nSud\u0117tyje yra Metilchlorizotiazolinonas ir metilizotiazolinonas. Gali sukelti alergin\u0119 reakcij\u0105.<br \/>\nP101 Jei reikalinga gydytojo konsultacija, su savimi tur\u0117kite produkto talpykl\u0105 ar jo etiket\u0119.<br \/>\nP102 Laikyti vaikams neprieinamoje vietoje<br \/>\nP103 Prie\u0161 naudojim\u0105 perskaityti etiket\u0119.<br \/>\n&nbsp;<\/p>\n","protected":false},"excerpt":{"rendered":"<p>Riebal\u0173 \u0161alinimo priemon\u0117, skirta vis\u0173 pavir\u0161i\u0173, virtuv\u0117s \u012frangos ir ind\u0173 valymui i\u0161 plieno, ner\u016bdijan\u010dio plieno, vario ir \u017ealvario. Giliai valo, be dry\u017ei\u0173 pa\u0161alina riebalus ir kalki\u0173 nuos\u0117das, palikdamas malon\u0173 kvap\u0105. Sudaro apsaugin\u0119 pl\u0117vel\u0119, kuri neleid\u017eia kauptis naujiems ne\u0161varumams ir kalki\u0173 nuos\u0117doms. Naudojimas: Produktas paruo\u0161tas naudojimui. Purk\u0161kite ir tolygiai paskirstykite ant pavir\u0161iaus dr\u0117gnu skudur\u0117liu. Nuplaukite \u0161variu [&#8230;]\n","protected":false},"featured_media":99252,"template":"","meta":[],"product_cat":[2181],"product_tag":[],"class_list":{"0":"post-39611","1":"product","2":"type-product","3":"status-publish","4":"has-post-thumbnail","6":"product_brand-italchimica-it-lt","7":"product_cat-bez-kategorijas-lt","9":"first","10":"instock","11":"taxable","12":"shipping-taxable","13":"product-type-simple"},"_links":{"self":[{"href":"https:\/\/e.kosmolat.eu\/lt\/wp-json\/wp\/v2\/product\/39611","targetHints":{"allow":["GET"]}}],"collection":[{"href":"https:\/\/e.kosmolat.eu\/lt\/wp-json\/wp\/v2\/product"}],"about":[{"href":"https:\/\/e.kosmolat.eu\/lt\/wp-json\/wp\/v2\/types\/product"}],"wp:featuredmedia":[{"embeddable":true,"href":"https:\/\/e.kosmolat.eu\/lt\/wp-json\/wp\/v2\/media\/99252"}],"wp:attachment":[{"href":"https:\/\/e.kosmolat.eu\/lt\/wp-json\/wp\/v2\/media?parent=39611"}],"wp:term":[{"taxonomy":"product_cat","embeddable":true,"href":"https:\/\/e.kosmolat.eu\/lt\/wp-json\/wp\/v2\/product_cat?post=39611"},{"taxonomy":"product_tag","embeddable":true,"href":"https:\/\/e.kosmolat.eu\/lt\/wp-json\/wp\/v2\/product_tag?post=39611"}],"curies":[{"name":"wp","href":"https:\/\/api.w.org\/{rel}","templated":true}]}}