{"id":39603,"date":"2023-12-22T23:41:52","date_gmt":"2023-12-22T23:41:52","guid":{"rendered":"https:\/\/e.kosmolat.eu\/product\/deba-nb-barojoss-sampuns-ar-kumeliti-un-medu-500-ml\/"},"modified":"2026-04-23T08:26:27","modified_gmt":"2026-04-23T08:26:27","slug":"deba-nb-barojoss-sampuns-ar-kumeliti-un-medu-500-ml","status":"publish","type":"product","link":"https:\/\/e.kosmolat.eu\/lt\/produktas\/deba-nb-barojoss-sampuns-ar-kumeliti-un-medu-500-ml\/","title":{"rendered":"DeBa NATURAL BEAUTY Maitinamasis \u0161amp\u016bnas su ramun\u0117l\u0117mis ir medumi, 500 ml"},"content":{"rendered":"<p>&Scaron;amp\u016bnas pa\u017eeistiems plaukams su ramun\u0117li\u0173 ir medaus ekstraktais.<\/p>\n<p><strong>Veikliosios med\u017eiagos:<\/strong> ramun\u0117li\u0173 ekstraktas &#8211; elastingumas, medaus ekstraktas &#8211; blizgesys. 93% nat\u016brali\u0173 ingredient\u0173.<\/p>\n<p><strong>Naudojimas:<\/strong> Tepkite ant dr\u0117gn\u0173 plauk\u0173, tada gerai i\u0161skalaukite dideliu kiekiu vandens. Nor\u0117dami gauti optimal\u0173 rezultat\u0105, naudokite kartu su DeBa Natural Beauty kondicionieriumi. Patekus \u012f akis, plauti dideliu kiekiu vandens.<br \/>\n&nbsp;<\/p>\n","protected":false},"excerpt":{"rendered":"<p>&Scaron;amp\u016bnas pa\u017eeistiems plaukams su ramun\u0117li\u0173 ir medaus ekstraktais. Veikliosios med\u017eiagos: ramun\u0117li\u0173 ekstraktas &#8211; elastingumas, medaus ekstraktas &#8211; blizgesys. 93% nat\u016brali\u0173 ingredient\u0173. Naudojimas: Tepkite ant dr\u0117gn\u0173 plauk\u0173, tada gerai i\u0161skalaukite dideliu kiekiu vandens. Nor\u0117dami gauti optimal\u0173 rezultat\u0105, naudokite kartu su DeBa Natural Beauty kondicionieriumi. Patekus \u012f akis, plauti dideliu kiekiu vandens. &nbsp;<\/p>\n","protected":false},"featured_media":99437,"template":"","meta":[],"product_cat":[1251],"product_tag":[],"class_list":{"0":"post-39603","1":"product","2":"type-product","3":"status-publish","4":"has-post-thumbnail","6":"product_brand-rubella-bg-lt","7":"product_cat-sampunai","9":"first","10":"instock","11":"taxable","12":"shipping-taxable","13":"product-type-simple"},"_links":{"self":[{"href":"https:\/\/e.kosmolat.eu\/lt\/wp-json\/wp\/v2\/product\/39603","targetHints":{"allow":["GET"]}}],"collection":[{"href":"https:\/\/e.kosmolat.eu\/lt\/wp-json\/wp\/v2\/product"}],"about":[{"href":"https:\/\/e.kosmolat.eu\/lt\/wp-json\/wp\/v2\/types\/product"}],"wp:featuredmedia":[{"embeddable":true,"href":"https:\/\/e.kosmolat.eu\/lt\/wp-json\/wp\/v2\/media\/99437"}],"wp:attachment":[{"href":"https:\/\/e.kosmolat.eu\/lt\/wp-json\/wp\/v2\/media?parent=39603"}],"wp:term":[{"taxonomy":"product_cat","embeddable":true,"href":"https:\/\/e.kosmolat.eu\/lt\/wp-json\/wp\/v2\/product_cat?post=39603"},{"taxonomy":"product_tag","embeddable":true,"href":"https:\/\/e.kosmolat.eu\/lt\/wp-json\/wp\/v2\/product_tag?post=39603"}],"curies":[{"name":"wp","href":"https:\/\/api.w.org\/{rel}","templated":true}]}}