{"id":39595,"date":"2023-12-22T23:40:55","date_gmt":"2023-12-22T23:40:55","guid":{"rendered":"https:\/\/e.kosmolat.eu\/product\/deba-nb-mitrin-samp-ar-kokosr-un-organ-arganellu-500-ml\/"},"modified":"2026-04-20T10:12:36","modified_gmt":"2026-04-20T10:12:36","slug":"deba-nb-mitrin-samp-ar-kokosr-un-organ-arganellu-500-ml","status":"publish","type":"product","link":"https:\/\/e.kosmolat.eu\/lt\/produktas\/deba-nb-mitrin-samp-ar-kokosr-un-organ-arganellu-500-ml\/","title":{"rendered":"DeBa NATURAL BEAUTY Dr\u0117kinamasis \u0161amp\u016bnas su kokos\u0173 ir ekologi\u0161ku argan\u0173 aliejumi, 500 ml"},"content":{"rendered":"<p>&Scaron;amp\u016bnas ploniems ir silpniems plaukams su kokos\u0173 ir ekologi\u0161ku argano aliejumi.<\/p>\n<p><strong>Veikliosios med\u017eiagos: <\/strong>kokos\u0173 aliejus &ndash; dr\u0117kina, ekologi\u0161kas argano aliejus &ndash; maitina. 93% nat\u016brali\u0173 ingredient\u0173.<\/p>\n<p>Formul\u0117 suteikia plaukams elastingumo, tvirtumo ir gyvybingumo. Maitina plaukus ir galvos od\u0105, suteikia blizgesio. Palieka malon\u0173 ilgai i\u0161liekant\u012f gaivumo poj\u016bt\u012f vis\u0105 dien\u0105.<\/p>\n<p><strong>Naudojimas:<\/strong> Tepkite ant dr\u0117gn\u0173 plauk\u0173, tada gerai i\u0161skalaukite dideliu kiekiu vandens. Nor\u0117dami gauti optimal\u0173 rezultat\u0105, naudokite kartu su DeBa Natural Beauty kondicionieriumi. Patekus \u012f akis, plauti dideliu kiekiu vandens.<br \/>\n&nbsp;<\/p>\n","protected":false},"excerpt":{"rendered":"<p>&Scaron;amp\u016bnas ploniems ir silpniems plaukams su kokos\u0173 ir ekologi\u0161ku argano aliejumi. Veikliosios med\u017eiagos: kokos\u0173 aliejus &ndash; dr\u0117kina, ekologi\u0161kas argano aliejus &ndash; maitina. 93% nat\u016brali\u0173 ingredient\u0173. Formul\u0117 suteikia plaukams elastingumo, tvirtumo ir gyvybingumo. Maitina plaukus ir galvos od\u0105, suteikia blizgesio. Palieka malon\u0173 ilgai i\u0161liekant\u012f gaivumo poj\u016bt\u012f vis\u0105 dien\u0105. Naudojimas: Tepkite ant dr\u0117gn\u0173 plauk\u0173, tada gerai i\u0161skalaukite [&#8230;]\n","protected":false},"featured_media":100108,"template":"","meta":[],"product_cat":[1251],"product_tag":[],"class_list":{"0":"post-39595","1":"product","2":"type-product","3":"status-publish","4":"has-post-thumbnail","6":"product_brand-rubella-bg-lt","7":"product_cat-sampunai","9":"first","10":"instock","11":"taxable","12":"shipping-taxable","13":"product-type-simple"},"_links":{"self":[{"href":"https:\/\/e.kosmolat.eu\/lt\/wp-json\/wp\/v2\/product\/39595","targetHints":{"allow":["GET"]}}],"collection":[{"href":"https:\/\/e.kosmolat.eu\/lt\/wp-json\/wp\/v2\/product"}],"about":[{"href":"https:\/\/e.kosmolat.eu\/lt\/wp-json\/wp\/v2\/types\/product"}],"wp:featuredmedia":[{"embeddable":true,"href":"https:\/\/e.kosmolat.eu\/lt\/wp-json\/wp\/v2\/media\/100108"}],"wp:attachment":[{"href":"https:\/\/e.kosmolat.eu\/lt\/wp-json\/wp\/v2\/media?parent=39595"}],"wp:term":[{"taxonomy":"product_cat","embeddable":true,"href":"https:\/\/e.kosmolat.eu\/lt\/wp-json\/wp\/v2\/product_cat?post=39595"},{"taxonomy":"product_tag","embeddable":true,"href":"https:\/\/e.kosmolat.eu\/lt\/wp-json\/wp\/v2\/product_tag?post=39595"}],"curies":[{"name":"wp","href":"https:\/\/api.w.org\/{rel}","templated":true}]}}