{"id":39591,"date":"2023-12-22T23:40:27","date_gmt":"2023-12-22T23:40:27","guid":{"rendered":"https:\/\/e.kosmolat.eu\/product\/deba-nb-mitrinoss-sampuns-ar-abolu-un-alveju-500-ml\/"},"modified":"2026-04-20T08:04:43","modified_gmt":"2026-04-20T08:04:43","slug":"deba-nb-mitrinoss-sampuns-ar-abolu-un-alveju-500-ml","status":"publish","type":"product","link":"https:\/\/e.kosmolat.eu\/lt\/produktas\/deba-nb-mitrinoss-sampuns-ar-abolu-un-alveju-500-ml\/","title":{"rendered":"DeBa NATURAL BEAUTY Dr\u0117kinamasis \u0161amp\u016bnas su obuoliais ir alavijais, 500 ml"},"content":{"rendered":"<p>Plauk\u0173 \u0161amp\u016bnas su obuoli\u0173 ekstraktu ir alavijais.<\/p>\n<p><strong>Veikliosios med\u017eiagos: <\/strong>obuoli\u0173 ekstraktas &ndash; dr\u0117kina, alavij\u0173 ekstraktas &ndash; dr\u0117kina. 93% nat\u016brali\u0173 ingredient\u0173.<\/p>\n<p>Formul\u0117 skirta vis\u0173 tip\u0173 plaukams, valo ir dr\u0117kina plaukus, tod\u0117l jie tampa \u0161veln\u016bs ir elastingi. Tinka kasdieniam naudojimui.<\/p>\n<p><strong>Naudojimas: <\/strong>Tepkite ant dr\u0117gn\u0173 plauk\u0173, tada gerai i\u0161skalaukite dideliu kiekiu vandens. Nor\u0117dami gauti optimal\u0173 rezultat\u0105, naudokite kartu su DeBa Natural Beauty kondicionieriumi. Patekus \u012f akis, plauti dideliu kiekiu vandens.<br \/>\n&nbsp;<\/p>\n","protected":false},"excerpt":{"rendered":"<p>Plauk\u0173 \u0161amp\u016bnas su obuoli\u0173 ekstraktu ir alavijais. Veikliosios med\u017eiagos: obuoli\u0173 ekstraktas &ndash; dr\u0117kina, alavij\u0173 ekstraktas &ndash; dr\u0117kina. 93% nat\u016brali\u0173 ingredient\u0173. Formul\u0117 skirta vis\u0173 tip\u0173 plaukams, valo ir dr\u0117kina plaukus, tod\u0117l jie tampa \u0161veln\u016bs ir elastingi. Tinka kasdieniam naudojimui. Naudojimas: Tepkite ant dr\u0117gn\u0173 plauk\u0173, tada gerai i\u0161skalaukite dideliu kiekiu vandens. Nor\u0117dami gauti optimal\u0173 rezultat\u0105, naudokite kartu [&#8230;]\n","protected":false},"featured_media":102198,"template":"","meta":[],"product_cat":[1251],"product_tag":[],"class_list":{"0":"post-39591","1":"product","2":"type-product","3":"status-publish","4":"has-post-thumbnail","6":"product_brand-rubella-bg-lt","7":"product_cat-sampunai","9":"first","10":"instock","11":"taxable","12":"shipping-taxable","13":"product-type-simple"},"_links":{"self":[{"href":"https:\/\/e.kosmolat.eu\/lt\/wp-json\/wp\/v2\/product\/39591","targetHints":{"allow":["GET"]}}],"collection":[{"href":"https:\/\/e.kosmolat.eu\/lt\/wp-json\/wp\/v2\/product"}],"about":[{"href":"https:\/\/e.kosmolat.eu\/lt\/wp-json\/wp\/v2\/types\/product"}],"wp:featuredmedia":[{"embeddable":true,"href":"https:\/\/e.kosmolat.eu\/lt\/wp-json\/wp\/v2\/media\/102198"}],"wp:attachment":[{"href":"https:\/\/e.kosmolat.eu\/lt\/wp-json\/wp\/v2\/media?parent=39591"}],"wp:term":[{"taxonomy":"product_cat","embeddable":true,"href":"https:\/\/e.kosmolat.eu\/lt\/wp-json\/wp\/v2\/product_cat?post=39591"},{"taxonomy":"product_tag","embeddable":true,"href":"https:\/\/e.kosmolat.eu\/lt\/wp-json\/wp\/v2\/product_tag?post=39591"}],"curies":[{"name":"wp","href":"https:\/\/api.w.org\/{rel}","templated":true}]}}