{"id":39587,"date":"2023-12-22T23:40:08","date_gmt":"2023-12-22T23:40:08","guid":{"rendered":"https:\/\/e.kosmolat.eu\/product\/top-ten-pretblaugznu-sampuns-viriesiem-250-ml\/"},"modified":"2025-07-31T10:41:02","modified_gmt":"2025-07-31T10:41:02","slug":"top-ten-pretblaugznu-sampuns-viriesiem-250-ml","status":"publish","type":"product","link":"https:\/\/e.kosmolat.eu\/lt\/produktas\/top-ten-pretblaugznu-sampuns-viriesiem-250-ml\/","title":{"rendered":"TOP TEN \u0160amp\u016bnas vyrams. Nuo pleiskan\u0173, 250 ml"},"content":{"rendered":"<p>\u0160amp\u016bnas i\u0161valo galvos od\u0105 ir 100% pa\u0161alina pleiskanas. Specialiai sukurta formul\u0117 yra aktyvintos anglies ir kofeino kompleksas. Aktyvuota anglis \u0161velniai valo galvos od\u0105, o kofeinas ma\u017eina plauk\u0173 slinkim\u0105. Po 4 savai\u010di\u0173 naudojimo Top Ten \u0161amp\u016bnas nuo pleiskan\u0173 vyrams pastebimai pagerina galvos odos b\u016bkl\u0119 ir suma\u017eina pleiskan\u0173 atsiradim\u0105. Tinka vis\u0173 tip\u0173 plaukams.  Kasdieniniam naudojimui. Dermatologi\u0161kai patikrintas.<\/p>\n<p>Naudojimas: Tepkite ant dr\u0117gn\u0173 plauk\u0173 ir masa\u017euokite, kol susidarys tir\u0161tos putos, tada kruop\u0161\u010diai nuplaukite vandeniu. Jei reikia, pakartokite. Patekus \u012f akis, kruop\u0161\u010diai nuplaukite vandeniu.<\/p>\n","protected":false},"excerpt":{"rendered":"<p>\u0160amp\u016bnas i\u0161valo galvos od\u0105 ir 100% pa\u0161alina pleiskanas. Specialiai sukurta formul\u0117 yra aktyvintos anglies ir kofeino kompleksas. Aktyvuota anglis \u0161velniai valo galvos od\u0105, o kofeinas ma\u017eina plauk\u0173 slinkim\u0105. Po 4 savai\u010di\u0173 naudojimo Top Ten \u0161amp\u016bnas nuo pleiskan\u0173 vyrams pastebimai pagerina galvos odos b\u016bkl\u0119 ir suma\u017eina pleiskan\u0173 atsiradim\u0105. Tinka vis\u0173 tip\u0173 plaukams. Kasdieniniam naudojimui. Dermatologi\u0161kai patikrintas. [&#8230;]\n","protected":false},"featured_media":740,"template":"","meta":[],"product_cat":[1688],"product_tag":[],"class_list":{"0":"post-39587","1":"product","2":"type-product","3":"status-publish","4":"has-post-thumbnail","6":"product_brand-rubella-bg-lt","7":"product_cat-plauku-prieziura-vyrams-2","9":"first","10":"outofstock","11":"taxable","12":"shipping-taxable","13":"product-type-simple"},"_links":{"self":[{"href":"https:\/\/e.kosmolat.eu\/lt\/wp-json\/wp\/v2\/product\/39587","targetHints":{"allow":["GET"]}}],"collection":[{"href":"https:\/\/e.kosmolat.eu\/lt\/wp-json\/wp\/v2\/product"}],"about":[{"href":"https:\/\/e.kosmolat.eu\/lt\/wp-json\/wp\/v2\/types\/product"}],"wp:featuredmedia":[{"embeddable":true,"href":"https:\/\/e.kosmolat.eu\/lt\/wp-json\/wp\/v2\/media\/740"}],"wp:attachment":[{"href":"https:\/\/e.kosmolat.eu\/lt\/wp-json\/wp\/v2\/media?parent=39587"}],"wp:term":[{"taxonomy":"product_cat","embeddable":true,"href":"https:\/\/e.kosmolat.eu\/lt\/wp-json\/wp\/v2\/product_cat?post=39587"},{"taxonomy":"product_tag","embeddable":true,"href":"https:\/\/e.kosmolat.eu\/lt\/wp-json\/wp\/v2\/product_tag?post=39587"}],"curies":[{"name":"wp","href":"https:\/\/api.w.org\/{rel}","templated":true}]}}