{"id":39579,"date":"2023-12-22T23:39:21","date_gmt":"2023-12-22T23:39:21","guid":{"rendered":"https:\/\/e.kosmolat.eu\/product\/quack-quack-baroj-pienins-berniem-ar-a-un-e-vit-200-ml\/"},"modified":"2025-08-11T11:51:05","modified_gmt":"2025-08-11T11:51:05","slug":"quack-quack-baroj-pienins-berniem-ar-a-un-e-vit-200-ml","status":"publish","type":"product","link":"https:\/\/e.kosmolat.eu\/lt\/produktas\/quack-quack-baroj-pienins-berniem-ar-a-un-e-vit-200-ml\/","title":{"rendered":"MELLOR &#038; RUSSELL QUACK QUACK Maitinamasis pienelis vaikams su vitaminais A ir E, 200 ml"},"content":{"rendered":"<p>Maitinamasis vaiki\u0161kas pienelis su vitaminais A ir E bei ramun\u0117li\u0173 aromatu ramina ir mink\u0161tina k\u016bdikio od\u0105. Lengvai susigeria nepalikdamas riebi\u0173 \u017eymi\u0173. Dermatologi\u0161kai patikrintas. Tinka kasdieniam naudojimui. Sud\u0117tyje n\u0117ra silikon\u0173. Netinka vaikams iki 3 met\u0173 am\u017eiaus.<br \/>\nVitaminai A ir E &ndash; palaiko od\u0105 sveik\u0105, tod\u0117l ji tampa \u0161velni ir elastinga. Sud\u0117tyje yra 93% nat\u016brali\u0173 ingredient\u0173.<\/p>\n<p><strong>Naudojimas: <\/strong>tepkite ant \u0161varios odos. Lengvais sukamaisiais judesiais \u0161velniai \u012fmasa\u017euokite \u012f od\u0105, kol visi\u0161kai \u012fsigers.<br \/>\n&nbsp;<\/p>\n","protected":false},"excerpt":{"rendered":"<p>Maitinamasis vaiki\u0161kas pienelis su vitaminais A ir E bei ramun\u0117li\u0173 aromatu ramina ir mink\u0161tina k\u016bdikio od\u0105. Lengvai susigeria nepalikdamas riebi\u0173 \u017eymi\u0173. Dermatologi\u0161kai patikrintas. Tinka kasdieniam naudojimui. Sud\u0117tyje n\u0117ra silikon\u0173. Netinka vaikams iki 3 met\u0173 am\u017eiaus. Vitaminai A ir E &ndash; palaiko od\u0105 sveik\u0105, tod\u0117l ji tampa \u0161velni ir elastinga. Sud\u0117tyje yra 93% nat\u016brali\u0173 ingredient\u0173. Naudojimas: [&#8230;]\n","protected":false},"featured_media":712,"template":"","meta":[],"product_cat":[2181],"product_tag":[],"class_list":{"0":"post-39579","1":"product","2":"type-product","3":"status-publish","4":"has-post-thumbnail","6":"product_brand-rubella-bg-lt","7":"product_cat-bez-kategorijas-lt","9":"first","10":"outofstock","11":"taxable","12":"shipping-taxable","13":"product-type-simple"},"_links":{"self":[{"href":"https:\/\/e.kosmolat.eu\/lt\/wp-json\/wp\/v2\/product\/39579","targetHints":{"allow":["GET"]}}],"collection":[{"href":"https:\/\/e.kosmolat.eu\/lt\/wp-json\/wp\/v2\/product"}],"about":[{"href":"https:\/\/e.kosmolat.eu\/lt\/wp-json\/wp\/v2\/types\/product"}],"wp:featuredmedia":[{"embeddable":true,"href":"https:\/\/e.kosmolat.eu\/lt\/wp-json\/wp\/v2\/media\/712"}],"wp:attachment":[{"href":"https:\/\/e.kosmolat.eu\/lt\/wp-json\/wp\/v2\/media?parent=39579"}],"wp:term":[{"taxonomy":"product_cat","embeddable":true,"href":"https:\/\/e.kosmolat.eu\/lt\/wp-json\/wp\/v2\/product_cat?post=39579"},{"taxonomy":"product_tag","embeddable":true,"href":"https:\/\/e.kosmolat.eu\/lt\/wp-json\/wp\/v2\/product_tag?post=39579"}],"curies":[{"name":"wp","href":"https:\/\/api.w.org\/{rel}","templated":true}]}}