{"id":39571,"date":"2023-12-22T23:38:50","date_gmt":"2023-12-22T23:38:50","guid":{"rendered":"https:\/\/e.kosmolat.eu\/product\/inoph-pe-sejas-pilings-ar-alfa-un-beta-hidroksisk-30-ml\/"},"modified":"2026-03-31T12:41:50","modified_gmt":"2026-03-31T12:41:50","slug":"inoph-pe-sejas-pilings-ar-alfa-un-beta-hidroksisk-30-ml","status":"publish","type":"product","link":"https:\/\/e.kosmolat.eu\/lt\/produktas\/inoph-pe-sejas-pilings-ar-alfa-un-beta-hidroksisk-30-ml\/","title":{"rendered":"INOPHARM PURE ELEMENTS Veido pilingas su alfa ir beta hidroksi r\u016bg\u0161timis, 30 ml"},"content":{"rendered":"<p>Tonizuojantis sprendimas. &Scaron;veitimo formul\u0117: 9% alfa ir beta hidroksi r\u016bg\u0161\u010di\u0173. Naudojimui namuose, kuris yra alternatyva profesionaliems gro\u017eio salonams. Nu\u0161vei\u010dia vir\u0161utin\u012f odos sluoksn\u012f ir suaktyvina l\u0105steli\u0173 regeneracij\u0105. Gr\u0105\u017eina odos spindes\u012f, i\u0161lygina tonus\u0105, sutraukia poras ir tonizuoja.<\/p>\n<p><strong>Naudojimas: <\/strong>plonu sluoksniu u\u017etepkite ant odos. Palikite 15 minu\u010di\u0173. &Scaron;velniai \u012fmasa\u017euokite ir kruop\u0161\u010diai nuplaukite vandeniu. Panaudojus priemon\u0119, rekomenduojama naudoti veido krem\u0105 su SPF apsauga.<\/p>\n<p><strong>Atsargumo priemon\u0117s: <\/strong>naudokite ne daugiau kaip du kartus per savait\u0119. Netepti ant sudirgusios ar pa\u017eeistos odos. Venkite tiesiogini\u0173 saul\u0117s spinduli\u0173 ir tepkite krem\u0105 nuo saul\u0117s, kai naudojate produkt\u0105 ir savait\u0119 po naudojimo.<br \/>\n&nbsp;<\/p>\n","protected":false},"excerpt":{"rendered":"<p>Tonizuojantis sprendimas. &Scaron;veitimo formul\u0117: 9% alfa ir beta hidroksi r\u016bg\u0161\u010di\u0173. Naudojimui namuose, kuris yra alternatyva profesionaliems gro\u017eio salonams. Nu\u0161vei\u010dia vir\u0161utin\u012f odos sluoksn\u012f ir suaktyvina l\u0105steli\u0173 regeneracij\u0105. Gr\u0105\u017eina odos spindes\u012f, i\u0161lygina tonus\u0105, sutraukia poras ir tonizuoja. Naudojimas: plonu sluoksniu u\u017etepkite ant odos. Palikite 15 minu\u010di\u0173. &Scaron;velniai \u012fmasa\u017euokite ir kruop\u0161\u010diai nuplaukite vandeniu. Panaudojus priemon\u0119, rekomenduojama naudoti veido [&#8230;]\n","protected":false},"featured_media":100840,"template":"","meta":[],"product_cat":[1396],"product_tag":[],"class_list":{"0":"post-39571","1":"product","2":"type-product","3":"status-publish","4":"has-post-thumbnail","6":"product_brand-rubella-bg-lt","7":"product_cat-veido-sveitikliai-ir-pilingai","9":"first","10":"instock","11":"taxable","12":"shipping-taxable","13":"product-type-simple"},"_links":{"self":[{"href":"https:\/\/e.kosmolat.eu\/lt\/wp-json\/wp\/v2\/product\/39571","targetHints":{"allow":["GET"]}}],"collection":[{"href":"https:\/\/e.kosmolat.eu\/lt\/wp-json\/wp\/v2\/product"}],"about":[{"href":"https:\/\/e.kosmolat.eu\/lt\/wp-json\/wp\/v2\/types\/product"}],"wp:featuredmedia":[{"embeddable":true,"href":"https:\/\/e.kosmolat.eu\/lt\/wp-json\/wp\/v2\/media\/100840"}],"wp:attachment":[{"href":"https:\/\/e.kosmolat.eu\/lt\/wp-json\/wp\/v2\/media?parent=39571"}],"wp:term":[{"taxonomy":"product_cat","embeddable":true,"href":"https:\/\/e.kosmolat.eu\/lt\/wp-json\/wp\/v2\/product_cat?post=39571"},{"taxonomy":"product_tag","embeddable":true,"href":"https:\/\/e.kosmolat.eu\/lt\/wp-json\/wp\/v2\/product_tag?post=39571"}],"curies":[{"name":"wp","href":"https:\/\/api.w.org\/{rel}","templated":true}]}}