{"id":39563,"date":"2023-12-22T23:37:56","date_gmt":"2023-12-22T23:37:56","guid":{"rendered":"https:\/\/e.kosmolat.eu\/product\/inoph-pe-sejas-pilings-ar-pienskabi-30-ml\/"},"modified":"2026-04-13T09:18:54","modified_gmt":"2026-04-13T09:18:54","slug":"inoph-pe-sejas-pilings-ar-pienskabi-30-ml","status":"publish","type":"product","link":"https:\/\/e.kosmolat.eu\/lt\/produktas\/inoph-pe-sejas-pilings-ar-pienskabi-30-ml\/","title":{"rendered":"INOPHARM PURE ELEMENTS Veido pilingas su pieno r\u016bg\u0161timi, 30 ml"},"content":{"rendered":"<p>&Scaron;veitimo formul\u0117: 5% pieno r\u016bg\u0161tis + hialurono r\u016bg\u0161tis 4D. Pieno r\u016bg\u0161tis yra alfa hidroksi r\u016bg\u0161tis, kuri \u0161vei\u010dia od\u0105.<\/p>\n<p><strong>Naudojimas: <\/strong>4-5 la\u0161us u\u017ela\u0161inti ant gerai nuvalytos ir sausos odos, vengiant aki\u0173 srities ir \u0161velniai \u012fmasa\u017euoti. Po 10-15 minu\u010di\u0173 kruop\u0161\u010diai nuplaukite vandeniu. &Scaron;velniai nusausinkite od\u0105 ir u\u017etepkite kit\u0105 produkt\u0105. Panaudojus priemon\u0119, rekomenduojama naudoti veido krem\u0105 su SPF apsauga.<\/p>\n<p><strong>Atsargumo priemon\u0117s:<\/strong> naudokite ne daugiau kaip du kartus per savait\u0119. Nemai\u0161yti su kitomis tiesioginio veikimo r\u016bg\u0161timis. Netepkite ant jautrios ar pa\u017eeistos odos. Jei jau\u010diate diskomfort\u0105, nustokite naudoti produkt\u0105. Prie\u0161 naudojant produkt\u0105 pirm\u0105 kart\u0105, primygtinai rekomenduojama atlikti jautrumo test\u0105 &ndash; u\u017ela\u0161inti 1-2 la\u0161us produkto ant nedidelio plotelio alk\u016bn\u0117s srityje. Venkite tiesiogini\u0173 saul\u0117s spinduli\u0173 ir tepkite krem\u0105 nuo saul\u0117s, kai naudojate produkt\u0105 ir savait\u0119 po naudojimo.<br \/>\n&nbsp;<\/p>\n","protected":false},"excerpt":{"rendered":"<p>&Scaron;veitimo formul\u0117: 5% pieno r\u016bg\u0161tis + hialurono r\u016bg\u0161tis 4D. Pieno r\u016bg\u0161tis yra alfa hidroksi r\u016bg\u0161tis, kuri \u0161vei\u010dia od\u0105. Naudojimas: 4-5 la\u0161us u\u017ela\u0161inti ant gerai nuvalytos ir sausos odos, vengiant aki\u0173 srities ir \u0161velniai \u012fmasa\u017euoti. Po 10-15 minu\u010di\u0173 kruop\u0161\u010diai nuplaukite vandeniu. &Scaron;velniai nusausinkite od\u0105 ir u\u017etepkite kit\u0105 produkt\u0105. Panaudojus priemon\u0119, rekomenduojama naudoti veido krem\u0105 su SPF [&#8230;]\n","protected":false},"featured_media":98555,"template":"","meta":[],"product_cat":[1396],"product_tag":[],"class_list":{"0":"post-39563","1":"product","2":"type-product","3":"status-publish","4":"has-post-thumbnail","6":"product_brand-rubella-bg-lt","7":"product_cat-veido-sveitikliai-ir-pilingai","9":"first","10":"instock","11":"taxable","12":"shipping-taxable","13":"product-type-simple"},"_links":{"self":[{"href":"https:\/\/e.kosmolat.eu\/lt\/wp-json\/wp\/v2\/product\/39563","targetHints":{"allow":["GET"]}}],"collection":[{"href":"https:\/\/e.kosmolat.eu\/lt\/wp-json\/wp\/v2\/product"}],"about":[{"href":"https:\/\/e.kosmolat.eu\/lt\/wp-json\/wp\/v2\/types\/product"}],"wp:featuredmedia":[{"embeddable":true,"href":"https:\/\/e.kosmolat.eu\/lt\/wp-json\/wp\/v2\/media\/98555"}],"wp:attachment":[{"href":"https:\/\/e.kosmolat.eu\/lt\/wp-json\/wp\/v2\/media?parent=39563"}],"wp:term":[{"taxonomy":"product_cat","embeddable":true,"href":"https:\/\/e.kosmolat.eu\/lt\/wp-json\/wp\/v2\/product_cat?post=39563"},{"taxonomy":"product_tag","embeddable":true,"href":"https:\/\/e.kosmolat.eu\/lt\/wp-json\/wp\/v2\/product_tag?post=39563"}],"curies":[{"name":"wp","href":"https:\/\/api.w.org\/{rel}","templated":true}]}}