{"id":39551,"date":"2023-12-22T23:37:08","date_gmt":"2023-12-22T23:37:08","guid":{"rendered":"https:\/\/e.kosmolat.eu\/product\/inoph-pe-sejas-serums-ar-matrixyl-3-un-hial-sk-30-ml\/"},"modified":"2026-04-20T10:26:03","modified_gmt":"2026-04-20T10:26:03","slug":"inoph-pe-sejas-serums-ar-matrixyl-3-un-hial-sk-30-ml","status":"publish","type":"product","link":"https:\/\/e.kosmolat.eu\/lt\/produktas\/inoph-pe-sejas-serums-ar-matrixyl-3-un-hial-sk-30-ml\/","title":{"rendered":"INOPHARM PURE ELEMENTS Veido serumas su Matrixyl 3000 ir hialurono r\u016bg\u0161timi, 30 ml"},"content":{"rendered":"<p>Peptid\u0173 formul\u0117: liftingo serumas su 3% Matrixyl ir hialurono r\u016bg\u0161timi. Dienos ir nakties veido ir kaklo prie\u017ei\u016bra. I\u0161lygina esamas rauk\u0161les ir neleid\u017eia atsirasti naujoms. Aktyvi\u0173 ingredient\u0173 kompleksas suteikia veidui gaivumo ir spindesio. Padeda sul\u0117tinti smulki\u0173 linij\u0173 ir rauk\u0161li\u0173 atsiradim\u0105. Pajuskite savo od\u0105 pamaitint\u0105 ir hidratuot\u0105.<\/p>\n<p><strong>Naudojimas: <\/strong>ryte ir vakare u\u017ela\u0161inkite kelis la\u0161us ant gerai nuvalytos odos. Venkite zonos aplink akis.<br \/>\n&nbsp;<\/p>\n","protected":false},"excerpt":{"rendered":"<p>Peptid\u0173 formul\u0117: liftingo serumas su 3% Matrixyl ir hialurono r\u016bg\u0161timi. Dienos ir nakties veido ir kaklo prie\u017ei\u016bra. I\u0161lygina esamas rauk\u0161les ir neleid\u017eia atsirasti naujoms. Aktyvi\u0173 ingredient\u0173 kompleksas suteikia veidui gaivumo ir spindesio. Padeda sul\u0117tinti smulki\u0173 linij\u0173 ir rauk\u0161li\u0173 atsiradim\u0105. Pajuskite savo od\u0105 pamaitint\u0105 ir hidratuot\u0105. Naudojimas: ryte ir vakare u\u017ela\u0161inkite kelis la\u0161us ant gerai nuvalytos [&#8230;]\n","protected":false},"featured_media":101466,"template":"","meta":[],"product_cat":[1327],"product_tag":[],"class_list":{"0":"post-39551","1":"product","2":"type-product","3":"status-publish","4":"has-post-thumbnail","6":"product_brand-rubella-bg-lt","7":"product_cat-serumai","9":"first","10":"outofstock","11":"taxable","12":"shipping-taxable","13":"product-type-simple"},"_links":{"self":[{"href":"https:\/\/e.kosmolat.eu\/lt\/wp-json\/wp\/v2\/product\/39551","targetHints":{"allow":["GET"]}}],"collection":[{"href":"https:\/\/e.kosmolat.eu\/lt\/wp-json\/wp\/v2\/product"}],"about":[{"href":"https:\/\/e.kosmolat.eu\/lt\/wp-json\/wp\/v2\/types\/product"}],"wp:featuredmedia":[{"embeddable":true,"href":"https:\/\/e.kosmolat.eu\/lt\/wp-json\/wp\/v2\/media\/101466"}],"wp:attachment":[{"href":"https:\/\/e.kosmolat.eu\/lt\/wp-json\/wp\/v2\/media?parent=39551"}],"wp:term":[{"taxonomy":"product_cat","embeddable":true,"href":"https:\/\/e.kosmolat.eu\/lt\/wp-json\/wp\/v2\/product_cat?post=39551"},{"taxonomy":"product_tag","embeddable":true,"href":"https:\/\/e.kosmolat.eu\/lt\/wp-json\/wp\/v2\/product_tag?post=39551"}],"curies":[{"name":"wp","href":"https:\/\/api.w.org\/{rel}","templated":true}]}}