{"id":39543,"date":"2023-12-22T23:36:41","date_gmt":"2023-12-22T23:36:41","guid":{"rendered":"https:\/\/e.kosmolat.eu\/product\/inoph-pe-sejas-serums-ar-2-hialuronskabi-30-ml\/"},"modified":"2026-05-09T01:17:38","modified_gmt":"2026-05-09T01:17:38","slug":"inoph-pe-sejas-serums-ar-2-hialuronskabi-30-ml","status":"publish","type":"product","link":"https:\/\/e.kosmolat.eu\/lt\/produktas\/inoph-pe-sejas-serums-ar-2-hialuronskabi-30-ml\/","title":{"rendered":"INOPHARM PURE ELEMENTS Veido serumas su 2% hialurono r\u016bg\u0161timi, 30 ml"},"content":{"rendered":"<p>Hidratacijos palaikymo formul\u0117: 2% hialurono r\u016bg\u0161tis + vitaminas B5.<\/p>\n<p>Hialurono r\u016bg\u0161ties serumas yra specialiai sukurtas dehidratuotai odai, linkusiai \u012f smulkias linijas ir rauk\u0161les. Serumas dr\u0117kina od\u0105, daro j\u0105 elastingesn\u0119 ir \u0161velnesn\u0119. Hialurono r\u016bg\u0161tis prasiskverbia \u012f od\u0105 ir atkuria jos glotnum\u0105.<\/p>\n<p><strong>Naudojimas:<\/strong> ryte arba vakare u\u017ela\u0161inkite kelis la\u0161us ant veido, vengdami aki\u0173 srities, prie\u0161 arba kartu su dr\u0117kinamuoju kremu. Venkite zonos aplink akis.<br \/>\n&nbsp;<\/p>\n","protected":false},"excerpt":{"rendered":"<p>Hidratacijos palaikymo formul\u0117: 2% hialurono r\u016bg\u0161tis + vitaminas B5. Hialurono r\u016bg\u0161ties serumas yra specialiai sukurtas dehidratuotai odai, linkusiai \u012f smulkias linijas ir rauk\u0161les. Serumas dr\u0117kina od\u0105, daro j\u0105 elastingesn\u0119 ir \u0161velnesn\u0119. Hialurono r\u016bg\u0161tis prasiskverbia \u012f od\u0105 ir atkuria jos glotnum\u0105. Naudojimas: ryte arba vakare u\u017ela\u0161inkite kelis la\u0161us ant veido, vengdami aki\u0173 srities, prie\u0161 arba kartu [&#8230;]\n","protected":false},"featured_media":105110,"template":"","meta":[],"product_cat":[1327],"product_tag":[],"class_list":{"0":"post-39543","1":"product","2":"type-product","3":"status-publish","4":"has-post-thumbnail","6":"product_brand-rubella-bg-lt","7":"product_cat-serumai","9":"first","10":"instock","11":"taxable","12":"shipping-taxable","13":"product-type-simple"},"_links":{"self":[{"href":"https:\/\/e.kosmolat.eu\/lt\/wp-json\/wp\/v2\/product\/39543","targetHints":{"allow":["GET"]}}],"collection":[{"href":"https:\/\/e.kosmolat.eu\/lt\/wp-json\/wp\/v2\/product"}],"about":[{"href":"https:\/\/e.kosmolat.eu\/lt\/wp-json\/wp\/v2\/types\/product"}],"wp:featuredmedia":[{"embeddable":true,"href":"https:\/\/e.kosmolat.eu\/lt\/wp-json\/wp\/v2\/media\/105110"}],"wp:attachment":[{"href":"https:\/\/e.kosmolat.eu\/lt\/wp-json\/wp\/v2\/media?parent=39543"}],"wp:term":[{"taxonomy":"product_cat","embeddable":true,"href":"https:\/\/e.kosmolat.eu\/lt\/wp-json\/wp\/v2\/product_cat?post=39543"},{"taxonomy":"product_tag","embeddable":true,"href":"https:\/\/e.kosmolat.eu\/lt\/wp-json\/wp\/v2\/product_tag?post=39543"}],"curies":[{"name":"wp","href":"https:\/\/api.w.org\/{rel}","templated":true}]}}