{"id":39539,"date":"2023-12-22T23:36:17","date_gmt":"2023-12-22T23:36:17","guid":{"rendered":"https:\/\/e.kosmolat.eu\/product\/inoph-pe-sejas-serums-ar-niacinamidu-30-ml\/"},"modified":"2026-05-09T01:17:50","modified_gmt":"2026-05-09T01:17:50","slug":"inoph-pe-sejas-serums-ar-niacinamidu-30-ml","status":"publish","type":"product","link":"https:\/\/e.kosmolat.eu\/lt\/produktas\/inoph-pe-sejas-serums-ar-niacinamidu-30-ml\/","title":{"rendered":"INOPHARM PURE ELEMENTS Veido serumas su niacinamidu, 30 ml"},"content":{"rendered":"<p>Anti-d\u0117mi\u0173 formul\u0117: \u0161viesinantis serumas su 10% niacinamidu + 1% cinku.<\/p>\n<p>Niacinamidas (vitaminas B3) padeda pa\u0161alinti odos tr\u016bkumus. Didel\u0117 jo koncentracija formul\u0117je padeda reguliuoti riebal\u0173 gamyb\u0105. Efektyviai i\u0161lygina odos atspalv\u012f.<\/p>\n<p><strong>Naudojimas:<\/strong> ryte arba vakare 4-5 la\u0161us u\u017ela\u0161inti ant gerai nuvalytos ir sausos odos, vengiant aki\u0173 srities ir \u0161velniai masa\u017euoti. Prie\u0161 tepdami kit\u0105 produkt\u0105, leiskite odai visi\u0161kai i\u0161d\u017ei\u016bti.<br \/>\n&nbsp;<\/p>\n","protected":false},"excerpt":{"rendered":"<p>Anti-d\u0117mi\u0173 formul\u0117: \u0161viesinantis serumas su 10% niacinamidu + 1% cinku. Niacinamidas (vitaminas B3) padeda pa\u0161alinti odos tr\u016bkumus. Didel\u0117 jo koncentracija formul\u0117je padeda reguliuoti riebal\u0173 gamyb\u0105. Efektyviai i\u0161lygina odos atspalv\u012f. Naudojimas: ryte arba vakare 4-5 la\u0161us u\u017ela\u0161inti ant gerai nuvalytos ir sausos odos, vengiant aki\u0173 srities ir \u0161velniai masa\u017euoti. Prie\u0161 tepdami kit\u0105 produkt\u0105, leiskite odai visi\u0161kai [&#8230;]\n","protected":false},"featured_media":98788,"template":"","meta":[],"product_cat":[1327],"product_tag":[],"class_list":{"0":"post-39539","1":"product","2":"type-product","3":"status-publish","4":"has-post-thumbnail","6":"product_brand-rubella-bg-lt","7":"product_cat-serumai","9":"first","10":"instock","11":"taxable","12":"shipping-taxable","13":"product-type-simple"},"_links":{"self":[{"href":"https:\/\/e.kosmolat.eu\/lt\/wp-json\/wp\/v2\/product\/39539","targetHints":{"allow":["GET"]}}],"collection":[{"href":"https:\/\/e.kosmolat.eu\/lt\/wp-json\/wp\/v2\/product"}],"about":[{"href":"https:\/\/e.kosmolat.eu\/lt\/wp-json\/wp\/v2\/types\/product"}],"wp:featuredmedia":[{"embeddable":true,"href":"https:\/\/e.kosmolat.eu\/lt\/wp-json\/wp\/v2\/media\/98788"}],"wp:attachment":[{"href":"https:\/\/e.kosmolat.eu\/lt\/wp-json\/wp\/v2\/media?parent=39539"}],"wp:term":[{"taxonomy":"product_cat","embeddable":true,"href":"https:\/\/e.kosmolat.eu\/lt\/wp-json\/wp\/v2\/product_cat?post=39539"},{"taxonomy":"product_tag","embeddable":true,"href":"https:\/\/e.kosmolat.eu\/lt\/wp-json\/wp\/v2\/product_tag?post=39539"}],"curies":[{"name":"wp","href":"https:\/\/api.w.org\/{rel}","templated":true}]}}