{"id":39531,"date":"2023-12-22T23:35:51","date_gmt":"2023-12-22T23:35:51","guid":{"rendered":"https:\/\/e.kosmolat.eu\/product\/inoph-pe-sejas-serums-ar-15-c-vitaminu-30-ml\/"},"modified":"2026-04-23T07:05:13","modified_gmt":"2026-04-23T07:05:13","slug":"inoph-pe-sejas-serums-ar-15-c-vitaminu-30-ml","status":"publish","type":"product","link":"https:\/\/e.kosmolat.eu\/lt\/produktas\/inoph-pe-sejas-serums-ar-15-c-vitaminu-30-ml\/","title":{"rendered":"INOPHARM PURE ELEMENTS Veido serumas su 15% vitamino C, 30 ml"},"content":{"rendered":"<p>Antioksidacin\u0117 formul\u0117: \u0161viesinantis serumas su 15% vitamino C.<\/p>\n<p>Intensyvi regeneruojanti terapija su didele vitamino C koncentracija &ndash; antioksidantu, kuris saugo od\u0105 nuo laisv\u0173j\u0173 radikal\u0173, skatina jos atsinaujinim\u0105 ir l\u0117tina sen\u0117jimo procesus.<\/p>\n<p><strong>Naudojimas: <\/strong>ryte arba vakare u\u017ela\u0161inkite kelis la\u0161us ant veido, vengdami aki\u0173 srities, prie\u0161 arba kartu su dr\u0117kinamuoju kremu. Venkite zonos aplink akis. Nustokite naudoti, jei diskomfortas i\u0161lieka.<br \/>\n&nbsp;<\/p>\n","protected":false},"excerpt":{"rendered":"<p>Antioksidacin\u0117 formul\u0117: \u0161viesinantis serumas su 15% vitamino C. Intensyvi regeneruojanti terapija su didele vitamino C koncentracija &ndash; antioksidantu, kuris saugo od\u0105 nuo laisv\u0173j\u0173 radikal\u0173, skatina jos atsinaujinim\u0105 ir l\u0117tina sen\u0117jimo procesus. Naudojimas: ryte arba vakare u\u017ela\u0161inkite kelis la\u0161us ant veido, vengdami aki\u0173 srities, prie\u0161 arba kartu su dr\u0117kinamuoju kremu. Venkite zonos aplink akis. Nustokite naudoti, [&#8230;]\n","protected":false},"featured_media":99433,"template":"","meta":[],"product_cat":[1327],"product_tag":[],"class_list":{"0":"post-39531","1":"product","2":"type-product","3":"status-publish","4":"has-post-thumbnail","6":"product_brand-rubella-bg-lt","7":"product_cat-serumai","9":"first","10":"instock","11":"taxable","12":"shipping-taxable","13":"product-type-simple"},"_links":{"self":[{"href":"https:\/\/e.kosmolat.eu\/lt\/wp-json\/wp\/v2\/product\/39531","targetHints":{"allow":["GET"]}}],"collection":[{"href":"https:\/\/e.kosmolat.eu\/lt\/wp-json\/wp\/v2\/product"}],"about":[{"href":"https:\/\/e.kosmolat.eu\/lt\/wp-json\/wp\/v2\/types\/product"}],"wp:featuredmedia":[{"embeddable":true,"href":"https:\/\/e.kosmolat.eu\/lt\/wp-json\/wp\/v2\/media\/99433"}],"wp:attachment":[{"href":"https:\/\/e.kosmolat.eu\/lt\/wp-json\/wp\/v2\/media?parent=39531"}],"wp:term":[{"taxonomy":"product_cat","embeddable":true,"href":"https:\/\/e.kosmolat.eu\/lt\/wp-json\/wp\/v2\/product_cat?post=39531"},{"taxonomy":"product_tag","embeddable":true,"href":"https:\/\/e.kosmolat.eu\/lt\/wp-json\/wp\/v2\/product_tag?post=39531"}],"curies":[{"name":"wp","href":"https:\/\/api.w.org\/{rel}","templated":true}]}}