{"id":39527,"date":"2023-12-22T23:35:26","date_gmt":"2023-12-22T23:35:26","guid":{"rendered":"https:\/\/e.kosmolat.eu\/product\/deba-nb-detoksificejoss-samp-ar-natri-un-piparmetru-500-ml\/"},"modified":"2026-04-22T14:17:47","modified_gmt":"2026-04-22T14:17:47","slug":"deba-nb-detoksificejoss-samp-ar-natri-un-piparmetru-500-ml","status":"publish","type":"product","link":"https:\/\/e.kosmolat.eu\/lt\/produktas\/deba-nb-detoksificejoss-samp-ar-natri-un-piparmetru-500-ml\/","title":{"rendered":"DeBa NATURAL BEAUTY Detoksikuojantis \u0161amp\u016bnas Dilg\u0117l\u0117s ir m\u0117tos, 500 ml"},"content":{"rendered":"<p>&Scaron;amp\u016bnas riebiems plaukams su dilg\u0117li\u0173 ir m\u0117t\u0173 ekstraktais.<br \/>\nVeikliosios med\u017eiagos: dilg\u0117li\u0173 ekstraktas &ndash; \u0161alina riebal\u0173 pertekli\u0173, m\u0117t\u0173 ekstraktas &ndash; gaivina. 93% nat\u016brali\u0173 ingredient\u0173.<\/p>\n<p>&Scaron;velniai valo ir gaivina galvos od\u0105. Tinka vis\u0173 tip\u0173 plaukams. Kasdieniniam naudojimui.<\/p>\n<p><strong>Naudojimas:<\/strong> Tepkite ant dr\u0117gn\u0173 plauk\u0173, tada gerai i\u0161skalaukite dideliu kiekiu vandens. Nor\u0117dami gauti optimal\u0173 rezultat\u0105, naudokite kartu su DeBa Natural Beauty kondicionieriumi. Patekus \u012f akis, plauti dideliu kiekiu vandens.<br \/>\n&nbsp;<\/p>\n","protected":false},"excerpt":{"rendered":"<p>&Scaron;amp\u016bnas riebiems plaukams su dilg\u0117li\u0173 ir m\u0117t\u0173 ekstraktais. Veikliosios med\u017eiagos: dilg\u0117li\u0173 ekstraktas &ndash; \u0161alina riebal\u0173 pertekli\u0173, m\u0117t\u0173 ekstraktas &ndash; gaivina. 93% nat\u016brali\u0173 ingredient\u0173. &Scaron;velniai valo ir gaivina galvos od\u0105. Tinka vis\u0173 tip\u0173 plaukams. Kasdieniniam naudojimui. Naudojimas: Tepkite ant dr\u0117gn\u0173 plauk\u0173, tada gerai i\u0161skalaukite dideliu kiekiu vandens. Nor\u0117dami gauti optimal\u0173 rezultat\u0105, naudokite kartu su DeBa Natural [&#8230;]\n","protected":false},"featured_media":99530,"template":"","meta":[],"product_cat":[1251],"product_tag":[],"class_list":{"0":"post-39527","1":"product","2":"type-product","3":"status-publish","4":"has-post-thumbnail","6":"product_brand-rubella-bg-lt","7":"product_cat-sampunai","9":"first","10":"outofstock","11":"taxable","12":"shipping-taxable","13":"product-type-simple"},"_links":{"self":[{"href":"https:\/\/e.kosmolat.eu\/lt\/wp-json\/wp\/v2\/product\/39527","targetHints":{"allow":["GET"]}}],"collection":[{"href":"https:\/\/e.kosmolat.eu\/lt\/wp-json\/wp\/v2\/product"}],"about":[{"href":"https:\/\/e.kosmolat.eu\/lt\/wp-json\/wp\/v2\/types\/product"}],"wp:featuredmedia":[{"embeddable":true,"href":"https:\/\/e.kosmolat.eu\/lt\/wp-json\/wp\/v2\/media\/99530"}],"wp:attachment":[{"href":"https:\/\/e.kosmolat.eu\/lt\/wp-json\/wp\/v2\/media?parent=39527"}],"wp:term":[{"taxonomy":"product_cat","embeddable":true,"href":"https:\/\/e.kosmolat.eu\/lt\/wp-json\/wp\/v2\/product_cat?post=39527"},{"taxonomy":"product_tag","embeddable":true,"href":"https:\/\/e.kosmolat.eu\/lt\/wp-json\/wp\/v2\/product_tag?post=39527"}],"curies":[{"name":"wp","href":"https:\/\/api.w.org\/{rel}","templated":true}]}}