{"id":39519,"date":"2023-12-22T23:34:36","date_gmt":"2023-12-22T23:34:36","guid":{"rendered":"https:\/\/e.kosmolat.eu\/product\/deba-nb-atjaunojoss-sampuns-ar-olu-proteiniem-un-medu-500-ml\/"},"modified":"2026-04-20T09:31:46","modified_gmt":"2026-04-20T09:31:46","slug":"deba-nb-atjaunojoss-sampuns-ar-olu-proteiniem-un-medu-500-ml","status":"publish","type":"product","link":"https:\/\/e.kosmolat.eu\/lt\/produktas\/deba-nb-atjaunojoss-sampuns-ar-olu-proteiniem-un-medu-500-ml\/","title":{"rendered":"DeBa NATURAL BEAUTY Atkuriantis \u0161amp\u016bnas su kiau\u0161iniais ir medumi, 500 ml"},"content":{"rendered":"<p>Plauk\u0173 \u0161amp\u016bnas su kiau\u0161ini\u0173 baltymais ir medaus ekstraktu sausiems plaukams. Veikliosios med\u017eiagos: kiau\u0161ini\u0173 baltymai &ndash; maitina, medaus ekstraktas &ndash; suteikia blizgesio. 93% nat\u016brali\u0173 ingredient\u0173. Formul\u0117 \u0161velniai valo, i\u0161lygina ir atkuria \u017evilges\u012f bei gyvybingum\u0105 sausiems ir pa\u017eeistiems plaukams.<\/p>\n<p><strong>Naudojimas:<\/strong> Tepkite ant dr\u0117gn\u0173 plauk\u0173, tada gerai i\u0161skalaukite dideliu kiekiu vandens. Nor\u0117dami gauti optimal\u0173 rezultat\u0105, naudokite kartu su DeBa Natural Beauty kondicionieriumi. Patekus \u012f akis, plauti dideliu kiekiu vandens.<\/p>\n","protected":false},"excerpt":{"rendered":"<p>Plauk\u0173 \u0161amp\u016bnas su kiau\u0161ini\u0173 baltymais ir medaus ekstraktu sausiems plaukams. Veikliosios med\u017eiagos: kiau\u0161ini\u0173 baltymai &ndash; maitina, medaus ekstraktas &ndash; suteikia blizgesio. 93% nat\u016brali\u0173 ingredient\u0173. Formul\u0117 \u0161velniai valo, i\u0161lygina ir atkuria \u017evilges\u012f bei gyvybingum\u0105 sausiems ir pa\u017eeistiems plaukams. Naudojimas: Tepkite ant dr\u0117gn\u0173 plauk\u0173, tada gerai i\u0161skalaukite dideliu kiekiu vandens. Nor\u0117dami gauti optimal\u0173 rezultat\u0105, naudokite kartu su [&#8230;]\n","protected":false},"featured_media":100112,"template":"","meta":[],"product_cat":[1251],"product_tag":[],"class_list":{"0":"post-39519","1":"product","2":"type-product","3":"status-publish","4":"has-post-thumbnail","6":"product_brand-rubella-bg-lt","7":"product_cat-sampunai","9":"first","10":"instock","11":"taxable","12":"shipping-taxable","13":"product-type-simple"},"_links":{"self":[{"href":"https:\/\/e.kosmolat.eu\/lt\/wp-json\/wp\/v2\/product\/39519","targetHints":{"allow":["GET"]}}],"collection":[{"href":"https:\/\/e.kosmolat.eu\/lt\/wp-json\/wp\/v2\/product"}],"about":[{"href":"https:\/\/e.kosmolat.eu\/lt\/wp-json\/wp\/v2\/types\/product"}],"wp:featuredmedia":[{"embeddable":true,"href":"https:\/\/e.kosmolat.eu\/lt\/wp-json\/wp\/v2\/media\/100112"}],"wp:attachment":[{"href":"https:\/\/e.kosmolat.eu\/lt\/wp-json\/wp\/v2\/media?parent=39519"}],"wp:term":[{"taxonomy":"product_cat","embeddable":true,"href":"https:\/\/e.kosmolat.eu\/lt\/wp-json\/wp\/v2\/product_cat?post=39519"},{"taxonomy":"product_tag","embeddable":true,"href":"https:\/\/e.kosmolat.eu\/lt\/wp-json\/wp\/v2\/product_tag?post=39519"}],"curies":[{"name":"wp","href":"https:\/\/api.w.org\/{rel}","templated":true}]}}