{"id":39511,"date":"2023-12-22T23:33:39","date_gmt":"2023-12-22T23:33:39","guid":{"rendered":"https:\/\/e.kosmolat.eu\/product\/dental-tra-la-la-bernu-z-p-chocolate-50-ml\/"},"modified":"2025-02-05T06:52:28","modified_gmt":"2025-02-05T06:52:28","slug":"dental-tra-la-la-bernu-z-p-chocolate-50-ml","status":"publish","type":"product","link":"https:\/\/e.kosmolat.eu\/lt\/produktas\/dental-tra-la-la-bernu-z-p-chocolate-50-ml\/","title":{"rendered":"DENTAL TRA-LA-LA \u0160okoladin\u0117 vaik\u0173 dant\u0173 pasta, 50 ml"},"content":{"rendered":"<p>U\u017etikrina veiksming\u0105 apsaug\u0105 nuo karieso ir jautri\u0173 vaik\u0173 dant\u0173 profilaktik\u0105. Kalcio laktatas maitina dantis kalciu ir stiprina dant\u0173 emal\u012f, o natrio monofluorofosfatas apsaugo nuo \u0117duonies. D\u0117l malonaus skonio pasta yra m\u0117gstamiausias bet kurio vaiko produktas.<\/p>\n<p><strong>Naudojimas ir atsargumo priemon\u0117s:<\/strong> jaunesniems nei 6 met\u0173 vaikams: naudokite \u017eirnio dyd\u017eio pastos kiek\u012f ir i\u0161valykite dantis pri\u017ei\u016brint suaugusiajam, kad suma\u017eintum\u0117te galimyb\u0119 nuryti. Jei naudojate kitus produktus, kuri\u0173 sud\u0117tyje yra fluoro, pasitarkite su savo odontologu arba gydytoju. Sud\u0117tyje yra natrio monofluorofosfato. Natrio monofluorofosfato mas\u0117s dalis 0,065 % fluoro.<\/p>\n","protected":false},"excerpt":{"rendered":"<p>U\u017etikrina veiksming\u0105 apsaug\u0105 nuo karieso ir jautri\u0173 vaik\u0173 dant\u0173 profilaktik\u0105. Kalcio laktatas maitina dantis kalciu ir stiprina dant\u0173 emal\u012f, o natrio monofluorofosfatas apsaugo nuo \u0117duonies. D\u0117l malonaus skonio pasta yra m\u0117gstamiausias bet kurio vaiko produktas. Naudojimas ir atsargumo priemon\u0117s: jaunesniems nei 6 met\u0173 vaikams: naudokite \u017eirnio dyd\u017eio pastos kiek\u012f ir i\u0161valykite dantis pri\u017ei\u016brint suaugusiajam, kad [&#8230;]\n","protected":false},"featured_media":648,"template":"","meta":[],"product_cat":[1337],"product_tag":[],"class_list":{"0":"post-39511","1":"product","2":"type-product","3":"status-publish","4":"has-post-thumbnail","6":"product_brand-rubella-inopharm-dental-deba-mistergroomer-topten-quackquack-lt","7":"product_cat-burnos-higiena","9":"first","10":"outofstock","11":"taxable","12":"shipping-taxable","13":"product-type-simple"},"_links":{"self":[{"href":"https:\/\/e.kosmolat.eu\/lt\/wp-json\/wp\/v2\/product\/39511","targetHints":{"allow":["GET"]}}],"collection":[{"href":"https:\/\/e.kosmolat.eu\/lt\/wp-json\/wp\/v2\/product"}],"about":[{"href":"https:\/\/e.kosmolat.eu\/lt\/wp-json\/wp\/v2\/types\/product"}],"wp:featuredmedia":[{"embeddable":true,"href":"https:\/\/e.kosmolat.eu\/lt\/wp-json\/wp\/v2\/media\/648"}],"wp:attachment":[{"href":"https:\/\/e.kosmolat.eu\/lt\/wp-json\/wp\/v2\/media?parent=39511"}],"wp:term":[{"taxonomy":"product_cat","embeddable":true,"href":"https:\/\/e.kosmolat.eu\/lt\/wp-json\/wp\/v2\/product_cat?post=39511"},{"taxonomy":"product_tag","embeddable":true,"href":"https:\/\/e.kosmolat.eu\/lt\/wp-json\/wp\/v2\/product_tag?post=39511"}],"curies":[{"name":"wp","href":"https:\/\/api.w.org\/{rel}","templated":true}]}}