{"id":39507,"date":"2023-12-22T23:33:06","date_gmt":"2023-12-22T23:33:06","guid":{"rendered":"https:\/\/e.kosmolat.eu\/product\/mg-komplekts-skusanas-putas-250-ml-dezodorants-150-ml\/"},"modified":"2025-07-21T09:41:18","modified_gmt":"2025-07-21T09:41:18","slug":"mg-komplekts-skusanas-putas-250-ml-dezodorants-150-ml","status":"publish","type":"product","link":"https:\/\/e.kosmolat.eu\/lt\/produktas\/mg-komplekts-skusanas-putas-250-ml-dezodorants-150-ml\/","title":{"rendered":"MISTER GROOMER Rinkinys Skutimosi putos 250 ml + Dezodorantas 150 ml"},"content":{"rendered":"<p>1) Skutimosi putos su aktyvuota anglimi. Novatori\u0161ka formul\u0117, kuri mink\u0161tina &nbsp;od\u0105 ir skatina kruop\u0161t\u0173 skutim\u0105si. Palieka od\u0105 \u0161vari\u0105, maloni\u0105 liesti. Tinka kasdieniam naudojimui normaliam odos tipui. Aktyvioji anglis &ndash; valo od\u0105, u\u017etikrina skland\u0173 skutim\u0105si. Tinka veganams. <strong>Naudojimas:<\/strong> prie\u0161 naudojim\u0105 suplakti. Tepkite ant dr\u0117gnos odos masa\u017eo judesiais. Geriausias iki: \u017er. buteliuko dugn\u0105. <strong>Svarbu!<\/strong> Sl\u0117ginis indas. Degi! Kaitinamas indas gali sprogti. Vengti patekimo \u012f akis. Patekus \u012f akis, kelet\u0105 minu\u010di\u0173 kruop\u0161\u010diai plaukite vandeniu. Laikyti atokiai nuo \u0161ilumos \u0161altini\u0173, kar\u0161t\u0173 pavir\u0161i\u0173, kibirk\u0161\u010di\u0173, atvir\u0173 u\u017edegimo \u0161altini\u0173. Ner\u016bkyti. Nepradurkite ir nedeginkite skardin\u0117s, net ir panaudoj\u0119. Saugoti nuo tiesiogini\u0173 saul\u0117s spinduli\u0173. Nelaikykite auk\u0161tesn\u0117je nei 50&deg;C\/122&deg;F temperat\u016broje. Nepurk\u0161kite \u0161alia atviros liepsnos ar kit\u0173 atvir\u0173 u\u017edegimo \u0161altini\u0173. Laikyti kambario temperat\u016broje.<\/p>\n<p>2) Dezodorantas su aktyvuota anglimi &ndash; neutralizuoja nemalonius kvapus, padeda i\u0161laikyti gaivumo poj\u016bt\u012f. Formul\u0117 derinama su vyri\u0161ku ir \u0161iuolaiki\u0161ku aromatu. Tinka kasdieniam naudojimui normaliam odos tipui. Aktyvuota anglis sugeria ne\u0161varumus ir toksinus d\u0117l savo sugeriamojo poveikio. Formul\u0117je n\u0117ra aliuminio drusk\u0173. Tinka veganams. <strong>Naudojimas:<\/strong> Suplakite buteliuk\u0105. Laikydami j\u012f vertikaliai, purk\u0161kite 15 cm atstumu nuo k\u016bno ant \u0161varios odos. <strong>Svarbu! <\/strong>Sl\u0117ginis indas. Degi! Kaitinamas indas gali sprogti. Vengti patekimo \u012f akis. Patekus \u012f akis, kelet\u0105 minu\u010di\u0173 kruop\u0161\u010diai plaukite vandeniu. Laikyti atokiai nuo \u0161ilumos \u0161altini\u0173, kar\u0161t\u0173 pavir\u0161i\u0173, kibirk\u0161\u010di\u0173, atvir\u0173 u\u017edegimo \u0161altini\u0173. Ner\u016bkyti. Nepradurkite ir nedeginkite skardin\u0117s, net ir panaudoj\u0119. Saugoti nuo tiesiogini\u0173 saul\u0117s spinduli\u0173. Nelaikykite auk\u0161tesn\u0117je nei 50&deg;C \/ 122&deg;F temperat\u016broje. Nepurk\u0161kite \u0161alia atviros liepsnos ar kit\u0173 atvir\u0173 u\u017edegimo \u0161altini\u0173. Laikyti kambario temperat\u016broje.<br \/>\n&nbsp;<\/p>\n","protected":false},"excerpt":{"rendered":"<p>1) Skutimosi putos su aktyvuota anglimi. Novatori\u0161ka formul\u0117, kuri mink\u0161tina &nbsp;od\u0105 ir skatina kruop\u0161t\u0173 skutim\u0105si. Palieka od\u0105 \u0161vari\u0105, maloni\u0105 liesti. Tinka kasdieniam naudojimui normaliam odos tipui. Aktyvioji anglis &ndash; valo od\u0105, u\u017etikrina skland\u0173 skutim\u0105si. Tinka veganams. Naudojimas: prie\u0161 naudojim\u0105 suplakti. Tepkite ant dr\u0117gnos odos masa\u017eo judesiais. Geriausias iki: \u017er. buteliuko dugn\u0105. Svarbu! Sl\u0117ginis indas. Degi! [&#8230;]\n","protected":false},"featured_media":640,"template":"","meta":[],"product_cat":[1858],"product_tag":[],"class_list":{"0":"post-39507","1":"product","2":"type-product","3":"status-publish","4":"has-post-thumbnail","6":"product_brand-rubella-bg-lt","7":"product_cat-dovanu-rinkiniai-vyrams","9":"first","10":"outofstock","11":"taxable","12":"shipping-taxable","13":"product-type-simple"},"_links":{"self":[{"href":"https:\/\/e.kosmolat.eu\/lt\/wp-json\/wp\/v2\/product\/39507","targetHints":{"allow":["GET"]}}],"collection":[{"href":"https:\/\/e.kosmolat.eu\/lt\/wp-json\/wp\/v2\/product"}],"about":[{"href":"https:\/\/e.kosmolat.eu\/lt\/wp-json\/wp\/v2\/types\/product"}],"wp:featuredmedia":[{"embeddable":true,"href":"https:\/\/e.kosmolat.eu\/lt\/wp-json\/wp\/v2\/media\/640"}],"wp:attachment":[{"href":"https:\/\/e.kosmolat.eu\/lt\/wp-json\/wp\/v2\/media?parent=39507"}],"wp:term":[{"taxonomy":"product_cat","embeddable":true,"href":"https:\/\/e.kosmolat.eu\/lt\/wp-json\/wp\/v2\/product_cat?post=39507"},{"taxonomy":"product_tag","embeddable":true,"href":"https:\/\/e.kosmolat.eu\/lt\/wp-json\/wp\/v2\/product_tag?post=39507"}],"curies":[{"name":"wp","href":"https:\/\/api.w.org\/{rel}","templated":true}]}}