{"id":39503,"date":"2023-12-22T23:32:41","date_gmt":"2023-12-22T23:32:41","guid":{"rendered":"https:\/\/e.kosmolat.eu\/product\/mg-komplekts-skusanas-putas-250-ml-sampuns-200-ml\/"},"modified":"2025-07-21T09:41:04","modified_gmt":"2025-07-21T09:41:04","slug":"mg-komplekts-skusanas-putas-250-ml-sampuns-200-ml","status":"publish","type":"product","link":"https:\/\/e.kosmolat.eu\/lt\/produktas\/mg-komplekts-skusanas-putas-250-ml-sampuns-200-ml\/","title":{"rendered":"MISTER GROOMER RINKINYS Skutimosi putos, 250 ml + \u0160amp\u016bnas plaukams, barzdai ir \u016bsams, 200 ml"},"content":{"rendered":"<p>1) Skutimosi putos su aktyvuota anglimi. Novatori\u0161ka formul\u0117, kuri mink\u0161tina od\u0105 ir skatina kruop\u0161t\u0173 skutim\u0105si. Palieka od\u0105 \u0161vari\u0105, maloni\u0105 liesti. Tinka kasdieniam naudojimui normaliam odos tipui. Aktyvioji anglis &ndash; valo od\u0105, u\u017etikrina skland\u0173 skutim\u0105si. Tinka veganams. Naudojimas: prie\u0161 naudojim\u0105 suplakti. Tepkite ant dr\u0117gnos odos masa\u017eo judesiais.Geriausias iki: \u017er. buteliuko dugn\u0105. Svarbu! Sl\u0117ginis indas. Degi! Kaitinamas indas gali sprogti. Vengti patekimo \u012f akis. Patekus \u012f akis, kelet\u0105 minu\u010di\u0173 kruop\u0161\u010diai plaukite vandeniu. Laikyti atokiai nuo \u0161ilumos \u0161altini\u0173, kar\u0161t\u0173 pavir\u0161i\u0173, kibirk\u0161\u010di\u0173, atvir\u0173 u\u017edegimo \u0161altini\u0173. Ner\u016bkyti. Nepradurkite ir nedeginkite skardin\u0117s, net ir panaudoj\u0119. Saugoti nuo tiesiogini\u0173 saul\u0117s spinduli\u0173. Nelaikykite auk\u0161tesn\u0117je nei 50&deg;C\/122&deg;F temperat\u016broje. Nepurk\u0161kite \u0161alia atviros liepsnos ar kit\u0173 atvir\u0173 u\u017edegimo \u0161altini\u0173. Laikyti kambario temperat\u016broje.<\/p>\n<p>2) &Scaron;amp\u016bnas galvos plaukams, barzdai ir \u016bsams. Tinka plauti galv\u0105, daro barzd\u0105 ir \u016bsus mink\u0161tus ir dr\u0117kina. Inovatyvi formul\u0117 su aktyvintos anglies kompleksu, m\u0117t\u0173 ir citrin\u0173 ekstraktu. Formul\u0117je n\u0117ra silikon\u0173. Tinka veganams. Tinka vis\u0173 tip\u0173 plaukams. Kasdieniniam naudojimui. Aktyvuota anglis pa\u0161alina ne\u0161varumus, sugeria riebal\u0173 pertekli\u0173. M\u0117t\u0173 ekstraktas &ndash; gaivina ir v\u0117sina. Citrin\u0173 ekstraktas &ndash; suteikia gaivumo ir grynumo poj\u016bt\u012f.&nbsp;<strong>Naudojimas: <\/strong>Tepkite ant dr\u0117gn\u0173 plauk\u0173, barzdos ir \u016bs\u0173, masa\u017euokite ir kruop\u0161\u010diai i\u0161skalaukite vandeniu. Nor\u0117dami gauti optimal\u0173 rezultat\u0105, naudokite Mister Groomer barzdos ir \u016bs\u0173 aliej\u0173.<\/p>\n","protected":false},"excerpt":{"rendered":"<p>1) Skutimosi putos su aktyvuota anglimi. Novatori\u0161ka formul\u0117, kuri mink\u0161tina od\u0105 ir skatina kruop\u0161t\u0173 skutim\u0105si. Palieka od\u0105 \u0161vari\u0105, maloni\u0105 liesti. Tinka kasdieniam naudojimui normaliam odos tipui. Aktyvioji anglis &ndash; valo od\u0105, u\u017etikrina skland\u0173 skutim\u0105si. Tinka veganams. Naudojimas: prie\u0161 naudojim\u0105 suplakti. Tepkite ant dr\u0117gnos odos masa\u017eo judesiais.Geriausias iki: \u017er. buteliuko dugn\u0105. Svarbu! Sl\u0117ginis indas. Degi! Kaitinamas [&#8230;]\n","protected":false},"featured_media":632,"template":"","meta":[],"product_cat":[1858],"product_tag":[],"class_list":{"0":"post-39503","1":"product","2":"type-product","3":"status-publish","4":"has-post-thumbnail","6":"product_brand-rubella-bg-lt","7":"product_cat-dovanu-rinkiniai-vyrams","9":"first","10":"outofstock","11":"taxable","12":"shipping-taxable","13":"product-type-simple"},"_links":{"self":[{"href":"https:\/\/e.kosmolat.eu\/lt\/wp-json\/wp\/v2\/product\/39503","targetHints":{"allow":["GET"]}}],"collection":[{"href":"https:\/\/e.kosmolat.eu\/lt\/wp-json\/wp\/v2\/product"}],"about":[{"href":"https:\/\/e.kosmolat.eu\/lt\/wp-json\/wp\/v2\/types\/product"}],"wp:featuredmedia":[{"embeddable":true,"href":"https:\/\/e.kosmolat.eu\/lt\/wp-json\/wp\/v2\/media\/632"}],"wp:attachment":[{"href":"https:\/\/e.kosmolat.eu\/lt\/wp-json\/wp\/v2\/media?parent=39503"}],"wp:term":[{"taxonomy":"product_cat","embeddable":true,"href":"https:\/\/e.kosmolat.eu\/lt\/wp-json\/wp\/v2\/product_cat?post=39503"},{"taxonomy":"product_tag","embeddable":true,"href":"https:\/\/e.kosmolat.eu\/lt\/wp-json\/wp\/v2\/product_tag?post=39503"}],"curies":[{"name":"wp","href":"https:\/\/api.w.org\/{rel}","templated":true}]}}