{"id":39499,"date":"2023-12-22T23:32:21","date_gmt":"2023-12-22T23:32:21","guid":{"rendered":"https:\/\/e.kosmolat.eu\/product\/top-ten-skusanas-krems-normalai-adai-100-ml\/"},"modified":"2026-04-20T09:21:41","modified_gmt":"2026-04-20T09:21:41","slug":"top-ten-skusanas-krems-normalai-adai-100-ml","status":"publish","type":"product","link":"https:\/\/e.kosmolat.eu\/lt\/produktas\/top-ten-skusanas-krems-normalai-adai-100-ml\/","title":{"rendered":"TOP TEN Skutimosi kremas normaliai odai, 100 ml"},"content":{"rendered":"<p>Sukurta dr\u0117gnam skutimuisi, turi nuolatin\u012f gaivinant\u012f aromat\u0105. Kreme esantis mentolis gaivina ir maloniai v\u0117sina od\u0105.<\/p>\n<p><strong>Naudojimas: <\/strong>ant dr\u0117gnos odos skutimosi \u0161epet\u0117liu sukamaisiais judesiais u\u017etepkite pakankam\u0105 skutimosi kremo kiek\u012f. Normaliai odai. Nenaudoti ant u\u017edegimin\u0117s odos! Vengti patekimo \u012f akis!<\/p>\n","protected":false},"excerpt":{"rendered":"<p>Sukurta dr\u0117gnam skutimuisi, turi nuolatin\u012f gaivinant\u012f aromat\u0105. Kreme esantis mentolis gaivina ir maloniai v\u0117sina od\u0105. Naudojimas: ant dr\u0117gnos odos skutimosi \u0161epet\u0117liu sukamaisiais judesiais u\u017etepkite pakankam\u0105 skutimosi kremo kiek\u012f. Normaliai odai. Nenaudoti ant u\u017edegimin\u0117s odos! Vengti patekimo \u012f akis!<\/p>\n","protected":false},"featured_media":100456,"template":"","meta":[],"product_cat":[1682],"product_tag":[],"class_list":{"0":"post-39499","1":"product","2":"type-product","3":"status-publish","4":"has-post-thumbnail","6":"product_brand-rubella-bg-lt","7":"product_cat-kosmetika-skutimuisi","9":"first","10":"instock","11":"taxable","12":"shipping-taxable","13":"product-type-simple"},"_links":{"self":[{"href":"https:\/\/e.kosmolat.eu\/lt\/wp-json\/wp\/v2\/product\/39499","targetHints":{"allow":["GET"]}}],"collection":[{"href":"https:\/\/e.kosmolat.eu\/lt\/wp-json\/wp\/v2\/product"}],"about":[{"href":"https:\/\/e.kosmolat.eu\/lt\/wp-json\/wp\/v2\/types\/product"}],"wp:featuredmedia":[{"embeddable":true,"href":"https:\/\/e.kosmolat.eu\/lt\/wp-json\/wp\/v2\/media\/100456"}],"wp:attachment":[{"href":"https:\/\/e.kosmolat.eu\/lt\/wp-json\/wp\/v2\/media?parent=39499"}],"wp:term":[{"taxonomy":"product_cat","embeddable":true,"href":"https:\/\/e.kosmolat.eu\/lt\/wp-json\/wp\/v2\/product_cat?post=39499"},{"taxonomy":"product_tag","embeddable":true,"href":"https:\/\/e.kosmolat.eu\/lt\/wp-json\/wp\/v2\/product_tag?post=39499"}],"curies":[{"name":"wp","href":"https:\/\/api.w.org\/{rel}","templated":true}]}}