{"id":39495,"date":"2023-12-22T23:31:55","date_gmt":"2023-12-22T23:31:55","guid":{"rendered":"https:\/\/e.kosmolat.eu\/product\/dental-zobu-birste-funny-time-kids-3\/"},"modified":"2026-04-13T11:19:57","modified_gmt":"2026-04-13T11:19:57","slug":"dental-zobu-birste-funny-time-kids-3","status":"publish","type":"product","link":"https:\/\/e.kosmolat.eu\/lt\/produktas\/dental-zobu-birste-funny-time-kids-3\/","title":{"rendered":"DENTAL Dant\u0173 \u0161epet\u0117lis Funny Time Kids, 3+"},"content":{"rendered":"<p>Funny Time Kids dant\u0173 \u0161epet\u0117lis yra specialiai sukurtas vaikams, kad dant\u0173 valymas b\u016bt\u0173 malonus. Suapvalinti \u0161ereli\u0173 galai apsaugo vaik\u0173 dantenas ir dant\u0173 emal\u012f. Skirtingais kampais i\u0161d\u0117styti \u0161ereliai visapusi\u0161kai valo vaik\u0173 dantis. Ergonomi\u0161ka rankena neleid\u017eia rankoms paslysti. Naudokite tik pri\u017ei\u016brint suaugusiems.<\/p>\n","protected":false},"excerpt":{"rendered":"<p>Funny Time Kids dant\u0173 \u0161epet\u0117lis yra specialiai sukurtas vaikams, kad dant\u0173 valymas b\u016bt\u0173 malonus. Suapvalinti \u0161ereli\u0173 galai apsaugo vaik\u0173 dantenas ir dant\u0173 emal\u012f. Skirtingais kampais i\u0161d\u0117styti \u0161ereliai visapusi\u0161kai valo vaik\u0173 dantis. Ergonomi\u0161ka rankena neleid\u017eia rankoms paslysti. Naudokite tik pri\u017ei\u016brint suaugusiems.<\/p>\n","protected":false},"featured_media":101546,"template":"","meta":[],"product_cat":[1337],"product_tag":[],"class_list":{"0":"post-39495","1":"product","2":"type-product","3":"status-publish","4":"has-post-thumbnail","6":"product_brand-rubella-bg-lt","7":"product_cat-burnos-higiena","9":"first","10":"instock","11":"taxable","12":"shipping-taxable","13":"product-type-simple"},"_links":{"self":[{"href":"https:\/\/e.kosmolat.eu\/lt\/wp-json\/wp\/v2\/product\/39495","targetHints":{"allow":["GET"]}}],"collection":[{"href":"https:\/\/e.kosmolat.eu\/lt\/wp-json\/wp\/v2\/product"}],"about":[{"href":"https:\/\/e.kosmolat.eu\/lt\/wp-json\/wp\/v2\/types\/product"}],"wp:featuredmedia":[{"embeddable":true,"href":"https:\/\/e.kosmolat.eu\/lt\/wp-json\/wp\/v2\/media\/101546"}],"wp:attachment":[{"href":"https:\/\/e.kosmolat.eu\/lt\/wp-json\/wp\/v2\/media?parent=39495"}],"wp:term":[{"taxonomy":"product_cat","embeddable":true,"href":"https:\/\/e.kosmolat.eu\/lt\/wp-json\/wp\/v2\/product_cat?post=39495"},{"taxonomy":"product_tag","embeddable":true,"href":"https:\/\/e.kosmolat.eu\/lt\/wp-json\/wp\/v2\/product_tag?post=39495"}],"curies":[{"name":"wp","href":"https:\/\/api.w.org\/{rel}","templated":true}]}}