{"id":39491,"date":"2023-12-22T23:31:25","date_gmt":"2023-12-22T23:31:25","guid":{"rendered":"https:\/\/e.kosmolat.eu\/product\/cl-akva-krems-matejoss-ideala-ada-50-ml\/"},"modified":"2025-09-12T10:52:10","modified_gmt":"2025-09-12T10:52:10","slug":"cl-akva-krems-matejoss-ideala-ada-50-ml","status":"publish","type":"product","link":"https:\/\/e.kosmolat.eu\/lt\/produktas\/cl-akva-krems-matejoss-ideala-ada-50-ml\/","title":{"rendered":"\u010cISTAJA LINIJA Akva-kremas Momentinis matinimas Ideali oda, 50 ml"},"content":{"rendered":"<p>Problem\u0173 sprendimas be &nbsp;odos sausumo. Greitai susigeria. Puikus pagrindas makia\u017eui.<\/p>\n<p>Speciali itin efektyvi formul\u0117:<\/p>\n<ul>\n<li>Cinkas reguliuoja riebal\u0173 gamyb\u0105<\/li>\n<li>Eukalipto ekstraktas valo ir ramina od\u0105<\/li>\n<\/ul>\n<p>Matomas &nbsp;rezultatas:<\/p>\n<ul>\n<li>N\u0117ra riebaus blizgesio 12 valand\u0173<\/li>\n<li>Dr\u0117kina 24 val<\/li>\n<li>Neu\u017ekem\u0161a por\u0173<\/li>\n<li>Oda puikiai lygi, matin\u0117 ir aksomin\u0117<\/li>\n<\/ul>\n<p><strong>Naudojimas:<\/strong> tepkite krem\u0105 ryte ir vakare ant sausos odos po valymo ir tonizavimo.&nbsp;Tai n\u0117ra vaistinis preparatas.<\/p>\n<p>Atidarius sunaudoti per 6 m\u0117nesius.<br \/>\nLaikyti nuo 0&deg;C iki +25&deg;C temperat\u016broje.<\/p>\n<p><strong>Pilna &bdquo;Ideali oda&ldquo; linijos prie\u017ei\u016bros programa:<\/strong><br \/>\n1. Valymas. <strong>Giliai valantis gelis<\/strong> valo od\u0105, neleid\u017eia atsirasti spuogams.<br \/>\n2. Tonizavimas.<strong> Giliai veikiantis losjonas<\/strong> sutraukia poras ir efektyviai kovoja su ink\u0161tirais.<br \/>\n3. Blizgesio kontrol\u0117. <strong>Akva-kremas Momentinis matinimas<\/strong> visam laikui pa\u0161alina rieb\u0173 blizges\u012f ir dr\u0117kina od\u0105.<br \/>\n4. Kovok su tr\u016bkumais. <strong>Kremas nuo spuog\u0173<\/strong> ma\u017eina u\u017edegimus ir kovoja su j\u0173 p\u0117dsakais.<br \/>\n&nbsp;<\/p>\n","protected":false},"excerpt":{"rendered":"<p>Problem\u0173 sprendimas be &nbsp;odos sausumo. Greitai susigeria. Puikus pagrindas makia\u017eui. Speciali itin efektyvi formul\u0117: Cinkas reguliuoja riebal\u0173 gamyb\u0105 Eukalipto ekstraktas valo ir ramina od\u0105 Matomas &nbsp;rezultatas: N\u0117ra riebaus blizgesio 12 valand\u0173 Dr\u0117kina 24 val Neu\u017ekem\u0161a por\u0173 Oda puikiai lygi, matin\u0117 ir aksomin\u0117 Naudojimas: tepkite krem\u0105 ryte ir vakare ant sausos odos po valymo ir tonizavimo.&nbsp;Tai [&#8230;]\n","protected":false},"featured_media":0,"template":"","meta":[],"product_cat":[2181],"product_tag":[],"class_list":{"0":"post-39491","1":"product","2":"type-product","3":"status-publish","5":"product_brand-sale-lt","6":"product_cat-bez-kategorijas-lt","8":"first","9":"instock","10":"taxable","11":"shipping-taxable","12":"product-type-simple"},"_links":{"self":[{"href":"https:\/\/e.kosmolat.eu\/lt\/wp-json\/wp\/v2\/product\/39491","targetHints":{"allow":["GET"]}}],"collection":[{"href":"https:\/\/e.kosmolat.eu\/lt\/wp-json\/wp\/v2\/product"}],"about":[{"href":"https:\/\/e.kosmolat.eu\/lt\/wp-json\/wp\/v2\/types\/product"}],"wp:attachment":[{"href":"https:\/\/e.kosmolat.eu\/lt\/wp-json\/wp\/v2\/media?parent=39491"}],"wp:term":[{"taxonomy":"product_cat","embeddable":true,"href":"https:\/\/e.kosmolat.eu\/lt\/wp-json\/wp\/v2\/product_cat?post=39491"},{"taxonomy":"product_tag","embeddable":true,"href":"https:\/\/e.kosmolat.eu\/lt\/wp-json\/wp\/v2\/product_tag?post=39491"}],"curies":[{"name":"wp","href":"https:\/\/api.w.org\/{rel}","templated":true}]}}