{"id":39487,"date":"2023-12-22T23:31:02","date_gmt":"2023-12-22T23:31:02","guid":{"rendered":"https:\/\/e.kosmolat.eu\/product\/br-ziepes-antibakterials-komplekss-460-ml\/"},"modified":"2025-09-22T06:51:40","modified_gmt":"2025-09-22T06:51:40","slug":"br-ziepes-antibakterials-komplekss-460-ml","status":"publish","type":"product","link":"https:\/\/e.kosmolat.eu\/lt\/produktas\/br-ziepes-antibakterials-komplekss-460-ml\/","title":{"rendered":"BARCHATNIJE RU\u010cKI Rank\u0173 muilas- kremas Apsaugantis kompleksas, 460 ml"},"content":{"rendered":"<p>Kremin\u0117 muilo formul\u0117 su arbatmed\u017ei\u0173 aliejumi suteikia nat\u016bral\u0173 apsaugin\u012f poveik\u012f ir \u0161velni\u0105 odos prie\u017ei\u016br\u0105 plaunant rankas. Atitinka nat\u016bral\u0173 odos pH lyg\u012f. Valikliai ir kietas vanduo gali sutrikdyti nat\u016bral\u0173 odos apsaugin\u012f barjer\u0105 plaunant rankas. Muilo formul\u0117 su rank\u0173 kremo ingredientais \u0161velniai veikia od\u0105, apsaugodama nuo i\u0161saus\u0117jimo.<\/p>\n<p><strong>Naudojimas:<\/strong> u\u017etepkite nedidel\u012f kiek\u012f muilo ant dr\u0117gnos odos, suputokite, nuplaukite \u0161iltu vandeniu.<\/p>\n<p>Laikyti nuo +5&deg;C iki +25&deg;C temperat\u016broje.<br \/>\n&nbsp;<\/p>\n","protected":false},"excerpt":{"rendered":"<p>Kremin\u0117 muilo formul\u0117 su arbatmed\u017ei\u0173 aliejumi suteikia nat\u016bral\u0173 apsaugin\u012f poveik\u012f ir \u0161velni\u0105 odos prie\u017ei\u016br\u0105 plaunant rankas. Atitinka nat\u016bral\u0173 odos pH lyg\u012f. Valikliai ir kietas vanduo gali sutrikdyti nat\u016bral\u0173 odos apsaugin\u012f barjer\u0105 plaunant rankas. Muilo formul\u0117 su rank\u0173 kremo ingredientais \u0161velniai veikia od\u0105, apsaugodama nuo i\u0161saus\u0117jimo. Naudojimas: u\u017etepkite nedidel\u012f kiek\u012f muilo ant dr\u0117gnos odos, suputokite, nuplaukite [&#8230;]\n","protected":false},"featured_media":96395,"template":"","meta":[],"product_cat":[1748],"product_tag":[],"class_list":{"0":"post-39487","1":"product","2":"type-product","3":"status-publish","4":"has-post-thumbnail","6":"product_brand-unilever-ua-lt","7":"product_cat-skystas-muilas","9":"first","10":"outofstock","11":"taxable","12":"shipping-taxable","13":"product-type-simple"},"_links":{"self":[{"href":"https:\/\/e.kosmolat.eu\/lt\/wp-json\/wp\/v2\/product\/39487","targetHints":{"allow":["GET"]}}],"collection":[{"href":"https:\/\/e.kosmolat.eu\/lt\/wp-json\/wp\/v2\/product"}],"about":[{"href":"https:\/\/e.kosmolat.eu\/lt\/wp-json\/wp\/v2\/types\/product"}],"wp:featuredmedia":[{"embeddable":true,"href":"https:\/\/e.kosmolat.eu\/lt\/wp-json\/wp\/v2\/media\/96395"}],"wp:attachment":[{"href":"https:\/\/e.kosmolat.eu\/lt\/wp-json\/wp\/v2\/media?parent=39487"}],"wp:term":[{"taxonomy":"product_cat","embeddable":true,"href":"https:\/\/e.kosmolat.eu\/lt\/wp-json\/wp\/v2\/product_cat?post=39487"},{"taxonomy":"product_tag","embeddable":true,"href":"https:\/\/e.kosmolat.eu\/lt\/wp-json\/wp\/v2\/product_tag?post=39487"}],"curies":[{"name":"wp","href":"https:\/\/api.w.org\/{rel}","templated":true}]}}