{"id":39483,"date":"2023-12-22T23:30:31","date_gmt":"2023-12-22T23:30:31","guid":{"rendered":"https:\/\/e.kosmolat.eu\/product\/lb-mutes-dobuma-skalot-forte-aktiv-400-ml\/"},"modified":"2025-06-13T07:14:17","modified_gmt":"2025-06-13T07:14:17","slug":"lb-mutes-dobuma-skalot-forte-aktiv-400-ml","status":"publish","type":"product","link":"https:\/\/e.kosmolat.eu\/lt\/produktas\/lb-mutes-dobuma-skalot-forte-aktiv-400-ml\/","title":{"rendered":"LESNOJ BALZAM Burnos skaliklis Forte Aktiv, 400 ml"},"content":{"rendered":"<p>Sud\u0117tyje yra 15 nat\u016brali\u0173 ekstrakt\u0173 fitoprofilaktikai esant matomoms burnos ertm\u0117s problemoms: kraujavimui, u\u017edegimui, patinimui. Palaiko imunitet\u0105 ir didina burnos ertm\u0117s apsaugini\u0173 funkcij\u0173 efektyvum\u0105, gerindama higienos kokyb\u0119. Veiksmingas nuo pirmo naudojimo<\/p>\n<p><strong>Naudojimas:<\/strong> u\u017epildykite dangtel\u012f skalavimo priemone. Kruop\u0161\u010diai skalaukite burn\u0105 30 sekund\u017ei\u0173. Skalauti po dant\u0173 pastos &nbsp;naudokite po valgio ir kiekvieno dant\u0173 valymo bent du kartus per dien\u0105. Tik suaugusiems.<\/p>\n<p><strong>Atsargumo priemon\u0117s:<\/strong> Sud\u0117tyje yra natrio fluorido. Nenuryti. Fluorid\u0173 mas\u0117s dalis 0,02%. D\u0117l nat\u016brali\u0173 ingredient\u0173 kiekio gali atsirasti nedideli\u0173 nuos\u0117d\u0173. Neturi \u012ftakos gaminio kokybei ir saugai. Naudojimas neatleid\u017eia nuo apsilankymo pas odontolog\u0105. Tai n\u0117ra vaistinis preparatas.<\/p>\n<p>Laikyti nuo +5&deg;C iki +25&deg;C temperat\u016broje, vaikams nepasiekiamoje vietoje.<br \/>\n&nbsp;<\/p>\n","protected":false},"excerpt":{"rendered":"<p>Sud\u0117tyje yra 15 nat\u016brali\u0173 ekstrakt\u0173 fitoprofilaktikai esant matomoms burnos ertm\u0117s problemoms: kraujavimui, u\u017edegimui, patinimui. Palaiko imunitet\u0105 ir didina burnos ertm\u0117s apsaugini\u0173 funkcij\u0173 efektyvum\u0105, gerindama higienos kokyb\u0119. Veiksmingas nuo pirmo naudojimo Naudojimas: u\u017epildykite dangtel\u012f skalavimo priemone. Kruop\u0161\u010diai skalaukite burn\u0105 30 sekund\u017ei\u0173. Skalauti po dant\u0173 pastos &nbsp;naudokite po valgio ir kiekvieno dant\u0173 valymo bent du kartus per [&#8230;]\n","protected":false},"featured_media":616,"template":"","meta":[],"product_cat":[1313],"product_tag":[],"class_list":{"0":"post-39483","1":"product","2":"type-product","3":"status-publish","4":"has-post-thumbnail","6":"product_brand-unilever-ua-lt","7":"product_cat-burnos-skalavimo-priemones","9":"first","10":"instock","11":"taxable","12":"shipping-taxable","13":"product-type-simple"},"_links":{"self":[{"href":"https:\/\/e.kosmolat.eu\/lt\/wp-json\/wp\/v2\/product\/39483","targetHints":{"allow":["GET"]}}],"collection":[{"href":"https:\/\/e.kosmolat.eu\/lt\/wp-json\/wp\/v2\/product"}],"about":[{"href":"https:\/\/e.kosmolat.eu\/lt\/wp-json\/wp\/v2\/types\/product"}],"wp:featuredmedia":[{"embeddable":true,"href":"https:\/\/e.kosmolat.eu\/lt\/wp-json\/wp\/v2\/media\/616"}],"wp:attachment":[{"href":"https:\/\/e.kosmolat.eu\/lt\/wp-json\/wp\/v2\/media?parent=39483"}],"wp:term":[{"taxonomy":"product_cat","embeddable":true,"href":"https:\/\/e.kosmolat.eu\/lt\/wp-json\/wp\/v2\/product_cat?post=39483"},{"taxonomy":"product_tag","embeddable":true,"href":"https:\/\/e.kosmolat.eu\/lt\/wp-json\/wp\/v2\/product_tag?post=39483"}],"curies":[{"name":"wp","href":"https:\/\/api.w.org\/{rel}","templated":true}]}}